{"id":167,"date":"2021-07-14T21:35:48","date_gmt":"2021-07-14T21:35:48","guid":{"rendered":"https:\/\/nackenheim-im-nationalsozialismus.de\/?page_id=167"},"modified":"2022-08-16T05:16:50","modified_gmt":"2022-08-16T05:16:50","slug":"projekt-stolpersteine","status":"publish","type":"page","link":"https:\/\/nackenheim-im-nationalsozialismus.de\/?page_id=167","title":{"rendered":"Projekt Stolpersteine"},"content":{"rendered":"\n<div class=\"wp-block-group alignwide\"><div class=\"wp-block-group__inner-container is-layout-flow wp-block-group-is-layout-flow\">\n<div class=\"wp-block-group\"><div class=\"wp-block-group__inner-container is-layout-flow wp-block-group-is-layout-flow\">\n<h4 class=\"has-text-align-center has-accent-color has-text-color wp-block-heading\">\u201eDer Gemeinderat spricht sich daf\u00fcr aus, das Thema Stolpersteine im Rahmen einer Projektarbeit zusammen mit dem Gymnasium Nackenheim untersuchen zu lassen. Die Ergebnisse des Projekts und die M\u00f6glichkeiten der Umsetzung sollen nach Abschluss der Untersuchungen dem Gemeinderat vorgestellt werden\u201c.<\/h4>\n\n\n\n<p class=\"has-text-align-right\" style=\"font-size:17px\"><strong>Einstimmig angenommener Gemeinderatsbeschluss vom 17. M\u00e4rz 2021<\/strong><\/p>\n<\/div><\/div>\n<\/div><\/div>\n\n\n\n<hr class=\"wp-block-separator has-css-opacity\"\/>\n\n\n\n<h5 class=\"has-text-align-center wp-block-heading\"><strong>Bereits erfolgte Stolperstein-Verlegungen in der Region<\/strong><\/h5>\n\n\n<div class=\"wp-block-image\">\n<figure class=\"aligncenter size-large\"><img loading=\"lazy\" decoding=\"async\" width=\"999\" height=\"1024\" src=\"https:\/\/nackenheim-im-nationalsozialismus.de\/wp-content\/uploads\/2021\/07\/Karte-e1626555530950-999x1024.jpg\" alt=\"\" class=\"wp-image-540\" srcset=\"https:\/\/nackenheim-im-nationalsozialismus.de\/wp-content\/uploads\/2021\/07\/Karte-e1626555530950-999x1024.jpg 999w, https:\/\/nackenheim-im-nationalsozialismus.de\/wp-content\/uploads\/2021\/07\/Karte-e1626555530950-293x300.jpg 293w, https:\/\/nackenheim-im-nationalsozialismus.de\/wp-content\/uploads\/2021\/07\/Karte-e1626555530950-768x788.jpg 768w, https:\/\/nackenheim-im-nationalsozialismus.de\/wp-content\/uploads\/2021\/07\/Karte-e1626555530950-500x513.jpg 500w, https:\/\/nackenheim-im-nationalsozialismus.de\/wp-content\/uploads\/2021\/07\/Karte-e1626555530950-800x820.jpg 800w, https:\/\/nackenheim-im-nationalsozialismus.de\/wp-content\/uploads\/2021\/07\/Karte-e1626555530950.jpg 1061w\" sizes=\"(max-width: 999px) 100vw, 999px\" \/><figcaption><strong>Quelle<\/strong>: OpenStreetMap.org (eigene Bearbeitung)<\/figcaption><\/figure><\/div>\n\n\n<p class=\"has-drop-cap\">Nackenheim ist einer der wenigen Orte der Region Rheinhessens, in denen sich bis heute im \u00f6ffentlichen Raum keine Stolpersteine und auch sonst kaum sichtbare Spuren j\u00fcdischer Geschichte oder Erinnerungsorte an Ausgrenzung, Diskriminierung und Verfolgung in der Zeit des Nationalsozialismus finden. <\/p>\n\n\n\n<p>Mit einem gemeinsam von Herrn Kasper (Bodenheim) und dem Gymnasium Nackenheim initiierten Gemeinderatsbeschluss vom 17. M\u00e4rz 2021 ist der erste Schritt des &#8222;Projekts Stolpersteine&#8220; angesto\u00dfen. Im Kontext des Projekts wurde im Herbst 2021 ein Arbeitskreis gegr\u00fcndet werden, zu dem Interessierte gerne zusto\u00dfen k\u00f6nnen.<\/p>\n\n\n\n<p>Unterst\u00fctzt wird das Vorhaben seitens des Ortsb\u00fcrgermeisters Ren\u00e9 Adler, von Seiten des Ortsmuseums Nackenheim sowie von den \u00f6rtlichen Kirchengemeinden.<\/p>\n\n\n\n<blockquote class=\"wp-block-quote is-layout-flow wp-block-quote-is-layout-flow\"><p><em>Der \u201eArbeitskreis Stolpersteine\u201c empfiehlt nach ausf\u00fchrlichen Archivrecherchen, der Befragung von ZeitzeugInnen, HeimatforscherInnen und der Verankerung in einem Geschichtsprojekt am Gymmnasium Nackenheim die\u00a0Verlegung von 21 Stolpersteinen in Nackenheim.\u00a0\u00a0<\/em><\/p><p><em>Die Stolpersteine sollen auf den\u00a0\u00f6ffentlichen\u00a0B\u00fcrgersteigen vor ehemaligen Wohn- und Geburtsorten an die w\u00e4hrend der NS-Diktatur aus verschiedensten Gr\u00fcnden verfolgten, ausgegrenzten und ermordeten Einzelpersonen wie Familien erinnern. In den F\u00e4llen, in denen die Geburts-, bzw. Wohnorte nicht zweifelsfrei nachvollzogen werden k\u00f6nnen, wird empfohlen, die Stolpersteine am Rathaus zu verlegen.\u00a0\u00a0\u00a0<\/em><\/p><p><em>Die Empfehlung zur Verlegung von Stolpersteinen entspricht dem aktuellen Stand der Recherchen des Arbeitskreises, was eine perspektivische Erweiterung nicht ausschlie\u00dft.\u00a0\u00a0\u200b<\/em><\/p><cite>Empfehlung des &#8222;Arbeitskreises Stolpersteine&#8220;, vorgestellt auf der Gemeinderatssitzung am 21. M\u00e4rz 2022<\/cite><\/blockquote>\n\n\n\n<p>Mit einem einstimmig angenommenen Gemeinderatsbeschluss vom M\u00e4rz 2022 wurde einer Stolpersteinverlegung in Nackenheim zugestimmt, die voraussichtlich im Sommer 2023 umgesetzt wird. Dabei sollen 19 Stolpersteine an drei Standorten in Erinnerung an die j\u00fcdischen Familien Wolff, Heumann, Hirschberg und Feiner sowie an die in Auschwitz ermordete Sinteza Henriette Klein verlegt werden.<\/p>\n\n\n\n<blockquote class=\"wp-block-quote is-layout-flow wp-block-quote-is-layout-flow\"><p><em>Die Kenntnis der konkreten Sachverhalte bildet aber die Grundvoraussetzung f\u00fcr jede kritische Erinnerung.<\/em><\/p><cite><p>Walter Rummel: &#8222;Regionen im Nationalsozialismus &#8211; Ein Forschungsbericht aus rheinland-pf\u00e4lzischer Sicht&#8220;, in: Ki\u00dfener, Michael (Hrsg.): Studien zu rheinhessischen Landgemeinden von der Weimarer Republik bis zum Ende der NS-Diktatur. Worms 2010. (Rheinhessische Wege in den Nationalsozialismus, Band 1), S. 58.<\/p><\/cite><\/blockquote>\n\n\n\n<p>Interessierte k\u00f6nnen sich weiterhin via <a rel=\"noreferrer noopener\" href=\"mailto:&quot;geschichte@gymnasium-nackenheim.de&quot;\" target=\"_blank\">Mail<\/a> melden.<\/p>\n\n\n\n<p><\/p>\n","protected":false},"excerpt":{"rendered":"<p>\u201eDer Gemeinderat spricht sich daf\u00fcr aus, das Thema Stolpersteine im Rahmen einer Projektarbeit zusammen mit dem Gymnasium Nackenheim untersuchen zu lassen. Die Ergebnisse des Projekts und die M\u00f6glichkeiten der Umsetzung sollen nach Abschluss der Untersuchungen dem Gemeinderat vorgestellt werden\u201c. Einstimmig angenommener Gemeinderatsbeschluss vom 17. M\u00e4rz 2021 Bereits erfolgte Stolperstein-Verlegungen in der Region Nackenheim ist einer [&hellip;]<\/p>\n","protected":false},"author":1,"featured_media":0,"parent":0,"menu_order":0,"comment_status":"closed","ping_status":"closed","template":"","meta":{"_vp_format_video_url":"","_vp_image_focal_point":[],"footnotes":""},"_links":{"self":[{"href":"https:\/\/nackenheim-im-nationalsozialismus.de\/index.php?rest_route=\/wp\/v2\/pages\/167"}],"collection":[{"href":"https:\/\/nackenheim-im-nationalsozialismus.de\/index.php?rest_route=\/wp\/v2\/pages"}],"about":[{"href":"https:\/\/nackenheim-im-nationalsozialismus.de\/index.php?rest_route=\/wp\/v2\/types\/page"}],"author":[{"embeddable":true,"href":"https:\/\/nackenheim-im-nationalsozialismus.de\/index.php?rest_route=\/wp\/v2\/users\/1"}],"replies":[{"embeddable":true,"href":"https:\/\/nackenheim-im-nationalsozialismus.de\/index.php?rest_route=%2Fwp%2Fv2%2Fcomments&post=167"}],"version-history":[{"count":28,"href":"https:\/\/nackenheim-im-nationalsozialismus.de\/index.php?rest_route=\/wp\/v2\/pages\/167\/revisions"}],"predecessor-version":[{"id":2403,"href":"https:\/\/nackenheim-im-nationalsozialismus.de\/index.php?rest_route=\/wp\/v2\/pages\/167\/revisions\/2403"}],"wp:attachment":[{"href":"https:\/\/nackenheim-im-nationalsozialismus.de\/index.php?rest_route=%2Fwp%2Fv2%2Fmedia&parent=167"}],"curies":[{"name":"wp","href":"https:\/\/api.w.org\/{rel}","templated":true}]}}