{"id":1827,"date":"2021-12-08T12:18:35","date_gmt":"2021-12-08T12:18:35","guid":{"rendered":"https:\/\/nackenheim-im-nationalsozialismus.de\/?page_id=1827"},"modified":"2023-05-16T20:32:18","modified_gmt":"2023-05-16T20:32:18","slug":"pressespiegel","status":"publish","type":"page","link":"https:\/\/nackenheim-im-nationalsozialismus.de\/?page_id=1827","title":{"rendered":"Pressespiegel"},"content":{"rendered":"\n<figure class=\"wp-block-image size-full\"><img loading=\"lazy\" decoding=\"async\" width=\"564\" height=\"396\" src=\"https:\/\/nackenheim-im-nationalsozialismus.de\/wp-content\/uploads\/2021\/11\/Aufruf_NB-Kopie.jpg\" alt=\"\" class=\"wp-image-1670\" srcset=\"https:\/\/nackenheim-im-nationalsozialismus.de\/wp-content\/uploads\/2021\/11\/Aufruf_NB-Kopie.jpg 564w, https:\/\/nackenheim-im-nationalsozialismus.de\/wp-content\/uploads\/2021\/11\/Aufruf_NB-Kopie-300x211.jpg 300w, https:\/\/nackenheim-im-nationalsozialismus.de\/wp-content\/uploads\/2021\/11\/Aufruf_NB-Kopie-500x351.jpg 500w\" sizes=\"(max-width: 564px) 100vw, 564px\" \/><figcaption class=\"wp-element-caption\"><strong>Quelle:<\/strong> <em>Nachrichtenblatt der Verbandsgemeinde Bodenheim<\/em>. Ausgabe 23\/2021.<\/figcaption><\/figure>\n\n\n\n<hr class=\"wp-block-separator has-css-opacity\"\/>\n\n\n\n<figure class=\"wp-block-image size-large\"><img loading=\"lazy\" decoding=\"async\" width=\"612\" height=\"1024\" src=\"https:\/\/nackenheim-im-nationalsozialismus.de\/wp-content\/uploads\/2021\/12\/Nachrichtenblatt-19.11.2021_1-612x1024.jpg\" alt=\"\" class=\"wp-image-1829\" srcset=\"https:\/\/nackenheim-im-nationalsozialismus.de\/wp-content\/uploads\/2021\/12\/Nachrichtenblatt-19.11.2021_1-612x1024.jpg 612w, https:\/\/nackenheim-im-nationalsozialismus.de\/wp-content\/uploads\/2021\/12\/Nachrichtenblatt-19.11.2021_1-179x300.jpg 179w, https:\/\/nackenheim-im-nationalsozialismus.de\/wp-content\/uploads\/2021\/12\/Nachrichtenblatt-19.11.2021_1-768x1286.jpg 768w, https:\/\/nackenheim-im-nationalsozialismus.de\/wp-content\/uploads\/2021\/12\/Nachrichtenblatt-19.11.2021_1-918x1536.jpg 918w, https:\/\/nackenheim-im-nationalsozialismus.de\/wp-content\/uploads\/2021\/12\/Nachrichtenblatt-19.11.2021_1-1223x2048.jpg 1223w, https:\/\/nackenheim-im-nationalsozialismus.de\/wp-content\/uploads\/2021\/12\/Nachrichtenblatt-19.11.2021_1-500x837.jpg 500w, https:\/\/nackenheim-im-nationalsozialismus.de\/wp-content\/uploads\/2021\/12\/Nachrichtenblatt-19.11.2021_1-800x1339.jpg 800w, https:\/\/nackenheim-im-nationalsozialismus.de\/wp-content\/uploads\/2021\/12\/Nachrichtenblatt-19.11.2021_1-1280x2143.jpg 1280w, https:\/\/nackenheim-im-nationalsozialismus.de\/wp-content\/uploads\/2021\/12\/Nachrichtenblatt-19.11.2021_1-1200x2009.jpg 1200w, https:\/\/nackenheim-im-nationalsozialismus.de\/wp-content\/uploads\/2021\/12\/Nachrichtenblatt-19.11.2021_1.jpg 1472w\" sizes=\"(max-width: 612px) 100vw, 612px\" \/><figcaption class=\"wp-element-caption\"><strong>Quelle:<\/strong> <em>Nachrichtenblatt der Verbandsgemeinde Bodenheim<\/em>. Ausgabe 46\/2021 <br>(19. November 2021; Artikel von Peter Klein, Ortsmuseum Nackenheim).<\/figcaption><\/figure>\n\n\n\n<hr class=\"wp-block-separator has-css-opacity\"\/>\n\n\n\n<p><strong>Artikel mit dem Titel &#8222;Umfrage zur Wahrnehmung von Geschichte&#8220;, erschienen am 30. November 2021 in der &#8222;Allgemeinen Zeitung Mainz&#8220;<\/strong><\/p>\n\n\n\n<p>Bodenheim\/Nackenheim (pbi.) Wie blicken Bodenheimer und Nackenheimer auf die Geschichte ihres Ortes? Mit dieser Frage besch\u00e4ftigten sich zwei Studierende der Johannes Gutenberg-Universit\u00e4t Mainz. Im Rahmen einer Lehrveranstaltung in Geschichte haben sie eine breit angelegte Umfrage zur Wahrnehmung von Geschichte in Bodenheim und Nackenheim entwickelt, die vor wenigen Tagen gestartet ist&#8230; <br><br>(<a rel=\"noreferrer noopener\" href=\"https:\/\/www.allgemeine-zeitung.de\/lokales\/mainz\/vg-bodenheim\/nackenheim\/umfrage-zur-geschichte-in-nackenheim-und-bodenheim_24913504\" target=\"_blank\">Link zum vollst\u00e4ndigen Artikel<\/a>).<\/p>\n\n\n\n<hr class=\"wp-block-separator has-css-opacity\"\/>\n\n\n\n<figure class=\"wp-block-image size-large\"><img loading=\"lazy\" decoding=\"async\" width=\"1024\" height=\"639\" src=\"https:\/\/nackenheim-im-nationalsozialismus.de\/wp-content\/uploads\/2022\/02\/Bildschirmfoto-2022-02-17-um-10.15.45-1024x639.png\" alt=\"\" class=\"wp-image-2265\" srcset=\"https:\/\/nackenheim-im-nationalsozialismus.de\/wp-content\/uploads\/2022\/02\/Bildschirmfoto-2022-02-17-um-10.15.45-1024x639.png 1024w, https:\/\/nackenheim-im-nationalsozialismus.de\/wp-content\/uploads\/2022\/02\/Bildschirmfoto-2022-02-17-um-10.15.45-300x187.png 300w, https:\/\/nackenheim-im-nationalsozialismus.de\/wp-content\/uploads\/2022\/02\/Bildschirmfoto-2022-02-17-um-10.15.45-768x479.png 768w, https:\/\/nackenheim-im-nationalsozialismus.de\/wp-content\/uploads\/2022\/02\/Bildschirmfoto-2022-02-17-um-10.15.45-1536x959.png 1536w, https:\/\/nackenheim-im-nationalsozialismus.de\/wp-content\/uploads\/2022\/02\/Bildschirmfoto-2022-02-17-um-10.15.45-2048x1279.png 2048w, https:\/\/nackenheim-im-nationalsozialismus.de\/wp-content\/uploads\/2022\/02\/Bildschirmfoto-2022-02-17-um-10.15.45-500x312.png 500w, https:\/\/nackenheim-im-nationalsozialismus.de\/wp-content\/uploads\/2022\/02\/Bildschirmfoto-2022-02-17-um-10.15.45-800x499.png 800w, https:\/\/nackenheim-im-nationalsozialismus.de\/wp-content\/uploads\/2022\/02\/Bildschirmfoto-2022-02-17-um-10.15.45-1280x799.png 1280w, https:\/\/nackenheim-im-nationalsozialismus.de\/wp-content\/uploads\/2022\/02\/Bildschirmfoto-2022-02-17-um-10.15.45-1920x1199.png 1920w, https:\/\/nackenheim-im-nationalsozialismus.de\/wp-content\/uploads\/2022\/02\/Bildschirmfoto-2022-02-17-um-10.15.45-1200x749.png 1200w, https:\/\/nackenheim-im-nationalsozialismus.de\/wp-content\/uploads\/2022\/02\/Bildschirmfoto-2022-02-17-um-10.15.45-1980x1236.png 1980w\" sizes=\"(max-width: 1024px) 100vw, 1024px\" \/><figcaption class=\"wp-element-caption\"><strong>Quelle:<\/strong> <em>Nachrichtenblatt der Verbandsgemeinde Bodenheim<\/em>. Ausgabe 7\/2022.<\/figcaption><\/figure>\n\n\n\n<hr class=\"wp-block-separator has-css-opacity\"\/>\n\n\n\n<p><strong>Aufnahme im Online-Portal &#8222;regionalgeschichte.net&#8220;<\/strong><\/p>\n\n\n\n<p><a href=\"https:\/\/www.regionalgeschichte.net\/rheinhessen\/nackenheim\/einzelaspekte\/nackenheim-im-nationalsozialismus.html\">https:\/\/www.regionalgeschichte.net\/rheinhessen\/nackenheim\/einzelaspekte\/nackenheim-im-nationalsozialismus.html<\/a><\/p>\n\n\n\n<hr class=\"wp-block-separator has-css-opacity\"\/>\n\n\n\n<figure class=\"wp-block-image size-large\"><img loading=\"lazy\" decoding=\"async\" width=\"806\" height=\"1024\" src=\"https:\/\/nackenheim-im-nationalsozialismus.de\/wp-content\/uploads\/2022\/03\/Bildschirmfoto-2022-03-21-um-14.37.21-1-806x1024.png\" alt=\"\" class=\"wp-image-2386\" srcset=\"https:\/\/nackenheim-im-nationalsozialismus.de\/wp-content\/uploads\/2022\/03\/Bildschirmfoto-2022-03-21-um-14.37.21-1-806x1024.png 806w, https:\/\/nackenheim-im-nationalsozialismus.de\/wp-content\/uploads\/2022\/03\/Bildschirmfoto-2022-03-21-um-14.37.21-1-236x300.png 236w, https:\/\/nackenheim-im-nationalsozialismus.de\/wp-content\/uploads\/2022\/03\/Bildschirmfoto-2022-03-21-um-14.37.21-1-768x976.png 768w, https:\/\/nackenheim-im-nationalsozialismus.de\/wp-content\/uploads\/2022\/03\/Bildschirmfoto-2022-03-21-um-14.37.21-1-1208x1536.png 1208w, https:\/\/nackenheim-im-nationalsozialismus.de\/wp-content\/uploads\/2022\/03\/Bildschirmfoto-2022-03-21-um-14.37.21-1-500x636.png 500w, https:\/\/nackenheim-im-nationalsozialismus.de\/wp-content\/uploads\/2022\/03\/Bildschirmfoto-2022-03-21-um-14.37.21-1-800x1017.png 800w, https:\/\/nackenheim-im-nationalsozialismus.de\/wp-content\/uploads\/2022\/03\/Bildschirmfoto-2022-03-21-um-14.37.21-1-1280x1627.png 1280w, https:\/\/nackenheim-im-nationalsozialismus.de\/wp-content\/uploads\/2022\/03\/Bildschirmfoto-2022-03-21-um-14.37.21-1-1200x1525.png 1200w, https:\/\/nackenheim-im-nationalsozialismus.de\/wp-content\/uploads\/2022\/03\/Bildschirmfoto-2022-03-21-um-14.37.21-1.png 1368w\" sizes=\"(max-width: 806px) 100vw, 806px\" \/><\/figure>\n\n\n\n<hr class=\"wp-block-separator has-css-opacity\"\/>\n\n\n\n<p><strong>Meldung auf der Website des Haus des Erinnerns Mainz<\/strong><\/p>\n\n\n\n<figure class=\"wp-block-embed is-type-wp-embed is-provider-haus-des-erinnerns wp-block-embed-haus-des-erinnerns\"><div class=\"wp-block-embed__wrapper\">\n<blockquote class=\"wp-embedded-content\" data-secret=\"veRJEirxb8\"><a href=\"https:\/\/www.haus-des-erinnerns-mainz.de\/index.php\/2022\/02\/18\/schulprojekt-nackenheim\/\">Schulprojekt \u201eNackenheim im Nationalsozialismus\u201d: Neue Website<\/a><\/blockquote><iframe class=\"wp-embedded-content\" sandbox=\"allow-scripts\" security=\"restricted\" style=\"position: absolute; clip: rect(1px, 1px, 1px, 1px);\" title=\"&#8222;Schulprojekt \u201eNackenheim im Nationalsozialismus\u201d: Neue Website&#8220; &#8212; Haus des Erinnerns\" src=\"https:\/\/www.haus-des-erinnerns-mainz.de\/index.php\/2022\/02\/18\/schulprojekt-nackenheim\/embed\/#?secret=MsXyKQURtW#?secret=veRJEirxb8\" data-secret=\"veRJEirxb8\" width=\"580\" height=\"327\" frameborder=\"0\" marginwidth=\"0\" marginheight=\"0\" scrolling=\"no\"><\/iframe>\n<\/div><\/figure>\n\n\n\n<hr class=\"wp-block-separator has-alpha-channel-opacity\"\/>\n\n\n\n<figure class=\"wp-block-image size-large\"><img loading=\"lazy\" decoding=\"async\" width=\"669\" height=\"1024\" src=\"https:\/\/nackenheim-im-nationalsozialismus.de\/wp-content\/uploads\/2022\/08\/Bildschirmfoto-2022-08-17-um-21.45.01-1-669x1024.png\" alt=\"\" class=\"wp-image-2413\" srcset=\"https:\/\/nackenheim-im-nationalsozialismus.de\/wp-content\/uploads\/2022\/08\/Bildschirmfoto-2022-08-17-um-21.45.01-1-669x1024.png 669w, https:\/\/nackenheim-im-nationalsozialismus.de\/wp-content\/uploads\/2022\/08\/Bildschirmfoto-2022-08-17-um-21.45.01-1-196x300.png 196w, https:\/\/nackenheim-im-nationalsozialismus.de\/wp-content\/uploads\/2022\/08\/Bildschirmfoto-2022-08-17-um-21.45.01-1-768x1175.png 768w, https:\/\/nackenheim-im-nationalsozialismus.de\/wp-content\/uploads\/2022\/08\/Bildschirmfoto-2022-08-17-um-21.45.01-1-1004x1536.png 1004w, https:\/\/nackenheim-im-nationalsozialismus.de\/wp-content\/uploads\/2022\/08\/Bildschirmfoto-2022-08-17-um-21.45.01-1-500x765.png 500w, https:\/\/nackenheim-im-nationalsozialismus.de\/wp-content\/uploads\/2022\/08\/Bildschirmfoto-2022-08-17-um-21.45.01-1-800x1224.png 800w, https:\/\/nackenheim-im-nationalsozialismus.de\/wp-content\/uploads\/2022\/08\/Bildschirmfoto-2022-08-17-um-21.45.01-1.png 1108w\" sizes=\"(max-width: 669px) 100vw, 669px\" \/><figcaption class=\"wp-element-caption\">Quelle: ESZ, Evangelische Sonntagszeitung vom 07. August 2022; Autorin: Karin Weber<\/figcaption><\/figure>\n\n\n\n<hr class=\"wp-block-separator has-alpha-channel-opacity\"\/>\n\n\n\n<figure class=\"wp-block-gallery has-nested-images columns-default is-cropped wp-block-gallery-1 is-layout-flex wp-block-gallery-is-layout-flex\">\n<figure class=\"wp-block-image size-large\"><img loading=\"lazy\" decoding=\"async\" width=\"693\" height=\"1024\" data-id=\"2426\" src=\"https:\/\/nackenheim-im-nationalsozialismus.de\/wp-content\/uploads\/2022\/10\/IMG_8584-693x1024.jpg\" alt=\"\" class=\"wp-image-2426\" srcset=\"https:\/\/nackenheim-im-nationalsozialismus.de\/wp-content\/uploads\/2022\/10\/IMG_8584-693x1024.jpg 693w, https:\/\/nackenheim-im-nationalsozialismus.de\/wp-content\/uploads\/2022\/10\/IMG_8584-203x300.jpg 203w, https:\/\/nackenheim-im-nationalsozialismus.de\/wp-content\/uploads\/2022\/10\/IMG_8584-500x739.jpg 500w, https:\/\/nackenheim-im-nationalsozialismus.de\/wp-content\/uploads\/2022\/10\/IMG_8584.jpg 750w\" sizes=\"(max-width: 693px) 100vw, 693px\" \/><\/figure>\n\n\n\n<figure class=\"wp-block-image size-large\"><img loading=\"lazy\" decoding=\"async\" width=\"710\" height=\"1024\" data-id=\"2427\" src=\"https:\/\/nackenheim-im-nationalsozialismus.de\/wp-content\/uploads\/2022\/10\/IMG_8583-710x1024.jpg\" alt=\"\" class=\"wp-image-2427\" srcset=\"https:\/\/nackenheim-im-nationalsozialismus.de\/wp-content\/uploads\/2022\/10\/IMG_8583-710x1024.jpg 710w, https:\/\/nackenheim-im-nationalsozialismus.de\/wp-content\/uploads\/2022\/10\/IMG_8583-208x300.jpg 208w, https:\/\/nackenheim-im-nationalsozialismus.de\/wp-content\/uploads\/2022\/10\/IMG_8583-500x721.jpg 500w, https:\/\/nackenheim-im-nationalsozialismus.de\/wp-content\/uploads\/2022\/10\/IMG_8583.jpg 750w\" sizes=\"(max-width: 710px) 100vw, 710px\" \/><\/figure>\n<\/figure>\n\n\n\n<p>Quelle: &#8222;Unsere Archive. Mitteilungen aus den rheinland-pf\u00e4lzischen und saarl\u00e4ndischen Archiven&#8220;, Themenheft: Archivische Bildungsarbeit. Heft 67\/2022, S. 20-21.<\/p>\n\n\n\n<hr class=\"wp-block-separator has-alpha-channel-opacity\"\/>\n\n\n\n<p><strong>Ehrung des Geschichtsprojekts \u201eNackenheim im Nationalsozialismus\u201c beim Ideenwettbewerb 4.0<\/strong><\/p>\n\n\n\n<p>Zum sechsten Mal wurde der Ideenwettbewerb 4.0 \u2013 \u201eDigitalisierung im Ehrenamt\u201c von der Ministerpr\u00e4sidentin Malu Dreyer ausgeschrieben. Am 12. November 2022 fand die Preisverleihung in der rheinland-pf\u00e4lzischen Staatskanzlei in Mainz statt. Unter den pr\u00e4mierten Projekten wurde auch das Geschichtsprojekt \u201eNackenheim im Nationalsozialismus\u201c und der Arbeitskreis Stolpersteine ausgezeichnet.<\/p>\n\n\n\n<p>Sch\u00fclerinnen und Sch\u00fcler der jetzigen MSS11 und 12, Studierende, Lehrerinnen und Lehrer sowie historisch Interessierte haben sich mit der Aufarbeitung der Geschichte des Nationalsozialismus in Nackenheim und einer Sichtbarmachung der Erinnerung im digitalen und \u00f6ffentlichen Raum besch\u00e4ftigt. Die Ergebnisse der Arbeit werden auf einer Website www.nackenheim-im-nationalsozialismus.de pr\u00e4sentiert. Das Projekt verbindet generations\u00fcbergreifend eine partizipative und multimediale Erinnerungsarbeit vor Ort. Neben der Sichtbarmachung historischer Spuren in Nackenheim wird gezielt auch das Internet als \u201eErinnerungsraum\u201c genutzt.<\/p>\n\n\n\n<p>Auf die Auszeichnung unserer Website sind wir sehr stolz. F\u00fcr das Projekt freut uns auch, dass die Verlegung von Stolpersteinen in Nackenheim im Fr\u00fchjahr 2023 geplant ist.<\/p>\n\n\n\n<figure class=\"wp-block-image size-large\"><img loading=\"lazy\" decoding=\"async\" width=\"1024\" height=\"615\" src=\"https:\/\/nackenheim-im-nationalsozialismus.de\/wp-content\/uploads\/2022\/11\/52494183016_de7e217f68_o-1024x615.jpg\" alt=\"\" class=\"wp-image-2432\" srcset=\"https:\/\/nackenheim-im-nationalsozialismus.de\/wp-content\/uploads\/2022\/11\/52494183016_de7e217f68_o-1024x615.jpg 1024w, https:\/\/nackenheim-im-nationalsozialismus.de\/wp-content\/uploads\/2022\/11\/52494183016_de7e217f68_o-300x180.jpg 300w, https:\/\/nackenheim-im-nationalsozialismus.de\/wp-content\/uploads\/2022\/11\/52494183016_de7e217f68_o-768x461.jpg 768w, https:\/\/nackenheim-im-nationalsozialismus.de\/wp-content\/uploads\/2022\/11\/52494183016_de7e217f68_o-1536x923.jpg 1536w, https:\/\/nackenheim-im-nationalsozialismus.de\/wp-content\/uploads\/2022\/11\/52494183016_de7e217f68_o-2048x1230.jpg 2048w, https:\/\/nackenheim-im-nationalsozialismus.de\/wp-content\/uploads\/2022\/11\/52494183016_de7e217f68_o-500x300.jpg 500w, https:\/\/nackenheim-im-nationalsozialismus.de\/wp-content\/uploads\/2022\/11\/52494183016_de7e217f68_o-800x480.jpg 800w, https:\/\/nackenheim-im-nationalsozialismus.de\/wp-content\/uploads\/2022\/11\/52494183016_de7e217f68_o-1280x769.jpg 1280w, https:\/\/nackenheim-im-nationalsozialismus.de\/wp-content\/uploads\/2022\/11\/52494183016_de7e217f68_o-1920x1153.jpg 1920w, https:\/\/nackenheim-im-nationalsozialismus.de\/wp-content\/uploads\/2022\/11\/52494183016_de7e217f68_o-1200x721.jpg 1200w, https:\/\/nackenheim-im-nationalsozialismus.de\/wp-content\/uploads\/2022\/11\/52494183016_de7e217f68_o-1980x1189.jpg 1980w\" sizes=\"(max-width: 1024px) 100vw, 1024px\" \/><figcaption class=\"wp-element-caption\">Bild: Staatskanzlei\/Silz<\/figcaption><\/figure>\n\n\n\n<hr class=\"wp-block-separator has-alpha-channel-opacity\"\/>\n\n\n\n<figure class=\"wp-block-gallery has-nested-images columns-default is-cropped wp-block-gallery-2 is-layout-flex wp-block-gallery-is-layout-flex\">\n<figure class=\"wp-block-image size-large\"><img loading=\"lazy\" decoding=\"async\" width=\"698\" height=\"1024\" data-id=\"2437\" src=\"https:\/\/nackenheim-im-nationalsozialismus.de\/wp-content\/uploads\/2022\/12\/IMG_9917-698x1024.jpg\" alt=\"\" class=\"wp-image-2437\" srcset=\"https:\/\/nackenheim-im-nationalsozialismus.de\/wp-content\/uploads\/2022\/12\/IMG_9917-698x1024.jpg 698w, https:\/\/nackenheim-im-nationalsozialismus.de\/wp-content\/uploads\/2022\/12\/IMG_9917-205x300.jpg 205w, https:\/\/nackenheim-im-nationalsozialismus.de\/wp-content\/uploads\/2022\/12\/IMG_9917-500x733.jpg 500w, https:\/\/nackenheim-im-nationalsozialismus.de\/wp-content\/uploads\/2022\/12\/IMG_9917.jpg 750w\" sizes=\"(max-width: 698px) 100vw, 698px\" \/><\/figure>\n\n\n\n<figure class=\"wp-block-image size-large\"><img loading=\"lazy\" decoding=\"async\" width=\"710\" height=\"1024\" data-id=\"2427\" src=\"https:\/\/nackenheim-im-nationalsozialismus.de\/wp-content\/uploads\/2022\/10\/IMG_8583-710x1024.jpg\" alt=\"\" class=\"wp-image-2427\" srcset=\"https:\/\/nackenheim-im-nationalsozialismus.de\/wp-content\/uploads\/2022\/10\/IMG_8583-710x1024.jpg 710w, https:\/\/nackenheim-im-nationalsozialismus.de\/wp-content\/uploads\/2022\/10\/IMG_8583-208x300.jpg 208w, https:\/\/nackenheim-im-nationalsozialismus.de\/wp-content\/uploads\/2022\/10\/IMG_8583-500x721.jpg 500w, https:\/\/nackenheim-im-nationalsozialismus.de\/wp-content\/uploads\/2022\/10\/IMG_8583.jpg 750w\" sizes=\"(max-width: 710px) 100vw, 710px\" \/><\/figure>\n<\/figure>\n\n\n\n<figure class=\"wp-block-gallery has-nested-images columns-default is-cropped wp-block-gallery-3 is-layout-flex wp-block-gallery-is-layout-flex\">\n<figure class=\"wp-block-image size-large\"><img loading=\"lazy\" decoding=\"async\" width=\"714\" height=\"1024\" data-id=\"2439\" src=\"https:\/\/nackenheim-im-nationalsozialismus.de\/wp-content\/uploads\/2022\/12\/IMG_9919-714x1024.jpg\" alt=\"\" class=\"wp-image-2439\" srcset=\"https:\/\/nackenheim-im-nationalsozialismus.de\/wp-content\/uploads\/2022\/12\/IMG_9919-714x1024.jpg 714w, https:\/\/nackenheim-im-nationalsozialismus.de\/wp-content\/uploads\/2022\/12\/IMG_9919-209x300.jpg 209w, https:\/\/nackenheim-im-nationalsozialismus.de\/wp-content\/uploads\/2022\/12\/IMG_9919-500x717.jpg 500w, https:\/\/nackenheim-im-nationalsozialismus.de\/wp-content\/uploads\/2022\/12\/IMG_9919.jpg 750w\" sizes=\"(max-width: 714px) 100vw, 714px\" \/><\/figure>\n\n\n\n<figure class=\"wp-block-image size-full\"><img loading=\"lazy\" decoding=\"async\" width=\"750\" height=\"997\" data-id=\"2441\" src=\"https:\/\/nackenheim-im-nationalsozialismus.de\/wp-content\/uploads\/2022\/12\/IMG_9920.jpg\" alt=\"\" class=\"wp-image-2441\" srcset=\"https:\/\/nackenheim-im-nationalsozialismus.de\/wp-content\/uploads\/2022\/12\/IMG_9920.jpg 750w, https:\/\/nackenheim-im-nationalsozialismus.de\/wp-content\/uploads\/2022\/12\/IMG_9920-226x300.jpg 226w, https:\/\/nackenheim-im-nationalsozialismus.de\/wp-content\/uploads\/2022\/12\/IMG_9920-500x665.jpg 500w\" sizes=\"(max-width: 750px) 100vw, 750px\" \/><\/figure>\n<\/figure>\n\n\n\n<figure class=\"wp-block-image size-full\"><img loading=\"lazy\" decoding=\"async\" width=\"750\" height=\"287\" src=\"https:\/\/nackenheim-im-nationalsozialismus.de\/wp-content\/uploads\/2022\/12\/IMG_9921-1.jpg\" alt=\"\" class=\"wp-image-2442\" srcset=\"https:\/\/nackenheim-im-nationalsozialismus.de\/wp-content\/uploads\/2022\/12\/IMG_9921-1.jpg 750w, https:\/\/nackenheim-im-nationalsozialismus.de\/wp-content\/uploads\/2022\/12\/IMG_9921-1-300x115.jpg 300w, https:\/\/nackenheim-im-nationalsozialismus.de\/wp-content\/uploads\/2022\/12\/IMG_9921-1-500x191.jpg 500w\" sizes=\"(max-width: 750px) 100vw, 750px\" \/><\/figure>\n\n\n\n<p>Quelle: Heimatjahrbuch 2023 (Landkreis Mainz-Bingen), S. 43-47.<\/p>\n\n\n\n<figure class=\"wp-block-image size-large\"><img loading=\"lazy\" decoding=\"async\" width=\"1024\" height=\"790\" src=\"https:\/\/nackenheim-im-nationalsozialismus.de\/wp-content\/uploads\/2023\/05\/Bildschirm\u00adfoto-2023-05-16-um-19.38.07-1-1024x790.png\" alt=\"\" class=\"wp-image-2448\" srcset=\"https:\/\/nackenheim-im-nationalsozialismus.de\/wp-content\/uploads\/2023\/05\/Bildschirm\u00adfoto-2023-05-16-um-19.38.07-1-1024x790.png 1024w, https:\/\/nackenheim-im-nationalsozialismus.de\/wp-content\/uploads\/2023\/05\/Bildschirm\u00adfoto-2023-05-16-um-19.38.07-1-300x231.png 300w, https:\/\/nackenheim-im-nationalsozialismus.de\/wp-content\/uploads\/2023\/05\/Bildschirm\u00adfoto-2023-05-16-um-19.38.07-1-768x592.png 768w, https:\/\/nackenheim-im-nationalsozialismus.de\/wp-content\/uploads\/2023\/05\/Bildschirm\u00adfoto-2023-05-16-um-19.38.07-1-1536x1184.png 1536w, https:\/\/nackenheim-im-nationalsozialismus.de\/wp-content\/uploads\/2023\/05\/Bildschirm\u00adfoto-2023-05-16-um-19.38.07-1-2048x1579.png 2048w, https:\/\/nackenheim-im-nationalsozialismus.de\/wp-content\/uploads\/2023\/05\/Bildschirm\u00adfoto-2023-05-16-um-19.38.07-1-500x386.png 500w, https:\/\/nackenheim-im-nationalsozialismus.de\/wp-content\/uploads\/2023\/05\/Bildschirm\u00adfoto-2023-05-16-um-19.38.07-1-800x617.png 800w, https:\/\/nackenheim-im-nationalsozialismus.de\/wp-content\/uploads\/2023\/05\/Bildschirm\u00adfoto-2023-05-16-um-19.38.07-1-1280x987.png 1280w, https:\/\/nackenheim-im-nationalsozialismus.de\/wp-content\/uploads\/2023\/05\/Bildschirm\u00adfoto-2023-05-16-um-19.38.07-1-1920x1480.png 1920w, https:\/\/nackenheim-im-nationalsozialismus.de\/wp-content\/uploads\/2023\/05\/Bildschirm\u00adfoto-2023-05-16-um-19.38.07-1-1200x925.png 1200w, https:\/\/nackenheim-im-nationalsozialismus.de\/wp-content\/uploads\/2023\/05\/Bildschirm\u00adfoto-2023-05-16-um-19.38.07-1-1980x1527.png 1980w\" sizes=\"(max-width: 1024px) 100vw, 1024px\" \/><\/figure>\n\n\n\n<p>Quelle: Allgemeine Zeitung, 16.05.2023<\/p>\n","protected":false},"excerpt":{"rendered":"<p>Artikel mit dem Titel &#8222;Umfrage zur Wahrnehmung von Geschichte&#8220;, erschienen am 30. November 2021 in der &#8222;Allgemeinen Zeitung Mainz&#8220; Bodenheim\/Nackenheim (pbi.) Wie blicken Bodenheimer und Nackenheimer auf die Geschichte ihres Ortes? Mit dieser Frage besch\u00e4ftigten sich zwei Studierende der Johannes Gutenberg-Universit\u00e4t Mainz. Im Rahmen einer Lehrveranstaltung in Geschichte haben sie eine breit angelegte Umfrage zur [&hellip;]<\/p>\n","protected":false},"author":1,"featured_media":0,"parent":0,"menu_order":0,"comment_status":"closed","ping_status":"closed","template":"","meta":{"_vp_format_video_url":"","_vp_image_focal_point":[],"footnotes":""},"_links":{"self":[{"href":"https:\/\/nackenheim-im-nationalsozialismus.de\/index.php?rest_route=\/wp\/v2\/pages\/1827"}],"collection":[{"href":"https:\/\/nackenheim-im-nationalsozialismus.de\/index.php?rest_route=\/wp\/v2\/pages"}],"about":[{"href":"https:\/\/nackenheim-im-nationalsozialismus.de\/index.php?rest_route=\/wp\/v2\/types\/page"}],"author":[{"embeddable":true,"href":"https:\/\/nackenheim-im-nationalsozialismus.de\/index.php?rest_route=\/wp\/v2\/users\/1"}],"replies":[{"embeddable":true,"href":"https:\/\/nackenheim-im-nationalsozialismus.de\/index.php?rest_route=%2Fwp%2Fv2%2Fcomments&post=1827"}],"version-history":[{"count":24,"href":"https:\/\/nackenheim-im-nationalsozialismus.de\/index.php?rest_route=\/wp\/v2\/pages\/1827\/revisions"}],"predecessor-version":[{"id":2449,"href":"https:\/\/nackenheim-im-nationalsozialismus.de\/index.php?rest_route=\/wp\/v2\/pages\/1827\/revisions\/2449"}],"wp:attachment":[{"href":"https:\/\/nackenheim-im-nationalsozialismus.de\/index.php?rest_route=%2Fwp%2Fv2%2Fmedia&parent=1827"}],"curies":[{"name":"wp","href":"https:\/\/api.w.org\/{rel}","templated":true}]}}