{"id":1836,"date":"2021-12-08T12:25:21","date_gmt":"2021-12-08T12:25:21","guid":{"rendered":"https:\/\/nackenheim-im-nationalsozialismus.de\/?page_id=1836"},"modified":"2022-03-09T18:04:14","modified_gmt":"2022-03-09T18:04:14","slug":"die-filmdokumentation-zum-projekt","status":"publish","type":"page","link":"https:\/\/nackenheim-im-nationalsozialismus.de\/?page_id=1836","title":{"rendered":"Filmdokumentation"},"content":{"rendered":"\n<p><\/p>\n\n\n\n<figure class=\"wp-block-embed alignwide is-type-video is-provider-youtube wp-block-embed-youtube wp-embed-aspect-16-9 wp-has-aspect-ratio\"><div class=\"wp-block-embed__wrapper\">\n<iframe loading=\"lazy\" title=\"Nackenheim im NS. Erinnerung gestalten - Ein Geschichtsprojekt am Gymnasium Nackenheim\" width=\"580\" height=\"326\" src=\"https:\/\/www.youtube.com\/embed\/CKysbqxfyxk?feature=oembed\" frameborder=\"0\" allow=\"accelerometer; autoplay; clipboard-write; encrypted-media; gyroscope; picture-in-picture; web-share\" referrerpolicy=\"strict-origin-when-cross-origin\" allowfullscreen><\/iframe>\n<\/div><\/figure>\n\n\n\n<p class=\"has-text-align-center\"><strong>Dieses Video dokumentiert die Projekttage der Geschichtskurse der Oberstufe im Herbst 2021 am Gymnasium Nackenheim.<\/strong> <br><br>Dreh und Schnitt: <a rel=\"noreferrer noopener\" href=\"http:\/\/mio.world\" target=\"_blank\">MIO<\/a> (Delphine Bishop und Lina Zacher)<\/p>\n\n\n\n<p class=\"has-text-align-center\" style=\"font-size:15px\">Wir danken dem F\u00f6rderverein (Gymnasium Nackenheim) sowie dem P\u00e4dagogischen Landesinstitut RLP f\u00fcr die finanzielle F\u00f6rderung der Filmproduktion.<\/p>\n","protected":false},"excerpt":{"rendered":"<p>Dieses Video dokumentiert die Projekttage der Geschichtskurse der Oberstufe im Herbst 2021 am Gymnasium Nackenheim. Dreh und Schnitt: MIO (Delphine Bishop und Lina Zacher) Wir danken dem F\u00f6rderverein (Gymnasium Nackenheim) sowie dem P\u00e4dagogischen Landesinstitut RLP f\u00fcr die finanzielle F\u00f6rderung der Filmproduktion.<\/p>\n","protected":false},"author":1,"featured_media":0,"parent":0,"menu_order":0,"comment_status":"closed","ping_status":"closed","template":"","meta":{"_vp_format_video_url":"","_vp_image_focal_point":[],"footnotes":""},"_links":{"self":[{"href":"https:\/\/nackenheim-im-nationalsozialismus.de\/index.php?rest_route=\/wp\/v2\/pages\/1836"}],"collection":[{"href":"https:\/\/nackenheim-im-nationalsozialismus.de\/index.php?rest_route=\/wp\/v2\/pages"}],"about":[{"href":"https:\/\/nackenheim-im-nationalsozialismus.de\/index.php?rest_route=\/wp\/v2\/types\/page"}],"author":[{"embeddable":true,"href":"https:\/\/nackenheim-im-nationalsozialismus.de\/index.php?rest_route=\/wp\/v2\/users\/1"}],"replies":[{"embeddable":true,"href":"https:\/\/nackenheim-im-nationalsozialismus.de\/index.php?rest_route=%2Fwp%2Fv2%2Fcomments&post=1836"}],"version-history":[{"count":18,"href":"https:\/\/nackenheim-im-nationalsozialismus.de\/index.php?rest_route=\/wp\/v2\/pages\/1836\/revisions"}],"predecessor-version":[{"id":2383,"href":"https:\/\/nackenheim-im-nationalsozialismus.de\/index.php?rest_route=\/wp\/v2\/pages\/1836\/revisions\/2383"}],"wp:attachment":[{"href":"https:\/\/nackenheim-im-nationalsozialismus.de\/index.php?rest_route=%2Fwp%2Fv2%2Fmedia&parent=1836"}],"curies":[{"name":"wp","href":"https:\/\/api.w.org\/{rel}","templated":true}]}}