{"id":1841,"date":"2021-12-08T12:35:32","date_gmt":"2021-12-08T12:35:32","guid":{"rendered":"https:\/\/nackenheim-im-nationalsozialismus.de\/?page_id=1841"},"modified":"2022-08-23T21:30:44","modified_gmt":"2022-08-23T21:30:44","slug":"impressum","status":"publish","type":"page","link":"https:\/\/nackenheim-im-nationalsozialismus.de\/?page_id=1841","title":{"rendered":"Impressum"},"content":{"rendered":"\n<p><strong>Herausgeber:<\/strong><\/p>\n\n\n\n<p>Arbeitskreis Stolpersteine der Ortsgemeinde Nackenheim<br>Ortsgemeinde Nackenheim<br>Carl-Zuckmayer-Platz 1<br>55299 Nackenheim<br>Telefon: 06135\/5635<br>Fax: 06135\/80257<br>E-Mail: ortsgemeinde-nackenheim@vg-bodenheim.de<br><br><strong>Redaktion:<\/strong><\/p>\n\n\n\n<p>Gesamt: Katharina Kaiser<br>(<a rel=\"noreferrer noopener\" href=\"mailto:k.kaiser@gymnasium-nackenheim.de\" target=\"_blank\">k.kaiser@gymnasium-nackenheim.de<\/a>)<\/p>\n\n\n\n<p>Sch\u00fcler:innen, Studierende, Lehrer:innen und historisch Interessierte aus Nackenheim und der Region<\/p>\n\n\n\n<p><strong>Urheberrecht:<\/strong><\/p>\n\n\n\n<p>Alle Inhalte der Internetpr\u00e4senz sind urheberrechtlich gesch\u00fctzt. F\u00fcr die Vervielf\u00e4ltigung, Bearbeitung, \u00dcbersetzung, Einspeicherung, Verarbeitung und\/oder Wiedergabe von Inhalten in Datenbanken oder anderen elektronischen Medien und Systemen muss die Zustimmung des Urhebers eingeholt werden. Wir erlauben das Fotokopieren und Herunterladen unserer Internetpr\u00e4senz nur f\u00fcr private, schulische, wissenschaftliche und nicht kommerzielle Zwecke im Sinne der Demokratiebildung. <\/p>\n\n\n\n<p>Soweit die Inhalte nicht vom Betreiber erstellt wurden, werden die Urheberrechte Dritter beachtet. Insbesondere werden Inhalte Dritter als solche gekennzeichnet. Sollten Sie trotzdem auf eine Urheberrechtsverletzung aufmerksam werden, bitten wir um einen entsprechenden Hinweis. Bei Bekanntwerden von Rechtsverletzungen werden wir derartige Inhalte umgehend entfernen.<\/p>\n\n\n\n<p><strong>Haftung\/Disclaimer<\/strong>:<\/p>\n\n\n\n<p>Wir versuchen, die Richtigkeit und Aktualit\u00e4t der auf dieser Internetpr\u00e4senz bereitgestellten Informationen zu gew\u00e4hrleisten. Trotzdem k\u00f6nnen Fehler und Unklarheiten nicht vollst\u00e4ndig ausgeschlossen werden. Wir \u00fcbernehmen daher keine Gew\u00e4hr f\u00fcr die Aktualit\u00e4t, Richtigkeit, Vollst\u00e4ndigkeit oder Qualit\u00e4t der ver\u00f6ffentlichten Informationen.<\/p>\n\n\n\n<p>F\u00fcr Sch\u00e4den materieller oder immaterieller Art, die durch die Nutzung oder Nichtnutzung der dargebotenen Informationen unmittelbar oder mittelbar verursacht werden, haften wir nicht, sofern uns nicht vors\u00e4tzliches oder grob fahrl\u00e4ssiges Verhalten angelastet werden kann.<\/p>\n\n\n\n<p>Wir behalten uns vor, Teile des Internet-Angebots oder das gesamte Angebot ohne Vorank\u00fcndigung zu ver\u00e4ndern, zu erg\u00e4nzen, zu l\u00f6schen oder die Ver\u00f6ffentlichung zeitweise oder endg\u00fcltig aus dem Internet zu entfernen.<\/p>\n\n\n\n<p>Das Angebot enth\u00e4lt direkte oder indirekte Verkn\u00fcpfungen bzw. Verlinkungen zu externen Webseiten Dritter, auf deren Inhalte wir keinen Einfluss haben. Die Verantwortlichkeit f\u00fcr diese fremden Inhalte liegt der\/dem jeweiligen Anbieter\/in oder Betreiber\/in der Webseiten. Wir haben keine Kenntnis \u00fcber rechtswidrige oder anst\u00f6\u00dfige Inhalte auf den mit unserer Internetpr\u00e4senz verbundenen Webseiten fremder Anbieter. Zum Zeitpunkt der jeweiligen Verlinkung dieser Webseiten wurde eine \u00dcberpr\u00fcfung auf m\u00f6gliche Rechtsverst\u00f6\u00dfe vorgenommen, wobei in diesem Zusammenhang keine rechtswidrigen oder anst\u00f6\u00dfigen Inhalte erkennbar waren. Sollten auf den verlinkten Seiten fremder Anbieter rechtswidrige oder anst\u00f6\u00dfige Inhalte enthalten sein, distanzieren wir uns ausdr\u00fccklich von diesen Inhalten und werden die jeweilige Verlinkung bei Bekanntwerden unverz\u00fcglich entfernen.<\/p>\n\n\n\n<p><strong>Bilder<\/strong>:<br>F\u00fcr die Verwendung der Bilder auf dieser Website danken wir (au\u00dfer anderweitig ausgewiesen) Unsplash, deren&nbsp;<a rel=\"noreferrer noopener\" href=\"https:\/\/unsplash.com\/license\" target=\"_blank\">Lizenz&nbsp;<\/a>hier eingesehen werden kann.<\/p>\n\n\n\n<p><strong>Youtube\/Datenschutzerkl\u00e4rung<\/strong>:<\/p>\n\n\n\n<p>Unsere Website nutzt Plugins der von Google betriebenen Seite YouTube f\u00fcr die Anzeige von Videos. Betreiber der Seiten ist die YouTube, LLC, 901 Cherry Ave., San Bruno, CA 94066, USA. Wenn Sie eine unserer mit einem YouTube-Plugin ausgestatteten Seiten besuchen, wird eine Verbindung zu den Servern von YouTube hergestellt. Dabei wird dem YouTube-Server mitgeteilt, welche unserer Seiten Sie besucht haben.<\/p>\n\n\n\n<p>Wenn Sie in Ihrem YouTube-Account eingeloggt sind, erm\u00f6glichen Sie YouTube, Ihr Surfverhalten direkt Ihrem pers\u00f6nlichen Profil zuzuordnen. Dies k\u00f6nnen Sie verhindern, indem Sie sich aus Ihrem YouTube-Account ausloggen.<\/p>\n","protected":false},"excerpt":{"rendered":"<p>Herausgeber: Arbeitskreis Stolpersteine der Ortsgemeinde NackenheimOrtsgemeinde NackenheimCarl-Zuckmayer-Platz 155299 NackenheimTelefon: 06135\/5635Fax: 06135\/80257E-Mail: ortsgemeinde-nackenheim@vg-bodenheim.de Redaktion: Gesamt: Katharina Kaiser(k.kaiser@gymnasium-nackenheim.de) Sch\u00fcler:innen, Studierende, Lehrer:innen und historisch Interessierte aus Nackenheim und der Region Urheberrecht: Alle Inhalte der Internetpr\u00e4senz sind urheberrechtlich gesch\u00fctzt. F\u00fcr die Vervielf\u00e4ltigung, Bearbeitung, \u00dcbersetzung, Einspeicherung, Verarbeitung und\/oder Wiedergabe von Inhalten in Datenbanken oder anderen elektronischen Medien und Systemen muss [&hellip;]<\/p>\n","protected":false},"author":1,"featured_media":0,"parent":0,"menu_order":0,"comment_status":"closed","ping_status":"closed","template":"","meta":{"_vp_format_video_url":"","_vp_image_focal_point":[],"footnotes":""},"_links":{"self":[{"href":"https:\/\/nackenheim-im-nationalsozialismus.de\/index.php?rest_route=\/wp\/v2\/pages\/1841"}],"collection":[{"href":"https:\/\/nackenheim-im-nationalsozialismus.de\/index.php?rest_route=\/wp\/v2\/pages"}],"about":[{"href":"https:\/\/nackenheim-im-nationalsozialismus.de\/index.php?rest_route=\/wp\/v2\/types\/page"}],"author":[{"embeddable":true,"href":"https:\/\/nackenheim-im-nationalsozialismus.de\/index.php?rest_route=\/wp\/v2\/users\/1"}],"replies":[{"embeddable":true,"href":"https:\/\/nackenheim-im-nationalsozialismus.de\/index.php?rest_route=%2Fwp%2Fv2%2Fcomments&post=1841"}],"version-history":[{"count":10,"href":"https:\/\/nackenheim-im-nationalsozialismus.de\/index.php?rest_route=\/wp\/v2\/pages\/1841\/revisions"}],"predecessor-version":[{"id":2422,"href":"https:\/\/nackenheim-im-nationalsozialismus.de\/index.php?rest_route=\/wp\/v2\/pages\/1841\/revisions\/2422"}],"wp:attachment":[{"href":"https:\/\/nackenheim-im-nationalsozialismus.de\/index.php?rest_route=%2Fwp%2Fv2%2Fmedia&parent=1841"}],"curies":[{"name":"wp","href":"https:\/\/api.w.org\/{rel}","templated":true}]}}