{"id":259,"date":"2021-07-15T12:11:51","date_gmt":"2021-07-15T12:11:51","guid":{"rendered":"https:\/\/nackenheim-im-nationalsozialismus.de\/?page_id=259"},"modified":"2021-11-23T16:23:27","modified_gmt":"2021-11-23T16:23:27","slug":"kinder-und-jugendliche","status":"publish","type":"page","link":"https:\/\/nackenheim-im-nationalsozialismus.de\/?page_id=259","title":{"rendered":"Kinder und Jugendliche"},"content":{"rendered":"\n<p class=\"has-text-align-center has-accent-color has-text-color\"><strong>Ein Beitrag von Sch\u00fcler:innen der MSS11<\/strong><\/p>\n\n\n\n<p class=\"has-drop-cap\">Auch in unserer nahen Umgebung versuchte der Nationalsozialismus, die Jugend zu erreichen. Es gab hier in Nackenheim\/Bodenheim sowohl Gruppen der Hitlerjugend (HJ), als auch Gruppen des Bundes Deutscher M\u00e4del (BDM). Nachkommen einer Zeitzeugin haben uns ein altes Fotoalbum mit originalen Aufnahmen und Erinnerungen einer Jugendlichen aus dieser Zeit zur Verf\u00fcgung gestellt.<\/p>\n\n\n\n<figure class=\"wp-block-gallery columns-2 is-cropped wp-block-gallery-1 is-layout-flex wp-block-gallery-is-layout-flex\"><ul class=\"blocks-gallery-grid\"><li class=\"blocks-gallery-item\"><figure><img loading=\"lazy\" decoding=\"async\" width=\"1024\" height=\"713\" src=\"https:\/\/nackenheim-im-nationalsozialismus.de\/wp-content\/uploads\/2021\/10\/Bildschirmfoto-2021-10-30-um-14.20.49-1024x713.png\" alt=\"\" data-id=\"1271\" data-full-url=\"https:\/\/nackenheim-im-nationalsozialismus.de\/wp-content\/uploads\/2021\/10\/Bildschirmfoto-2021-10-30-um-14.20.49.png\" data-link=\"https:\/\/nackenheim-im-nationalsozialismus.de\/?attachment_id=1271\" class=\"wp-image-1271\" srcset=\"https:\/\/nackenheim-im-nationalsozialismus.de\/wp-content\/uploads\/2021\/10\/Bildschirmfoto-2021-10-30-um-14.20.49-1024x713.png 1024w, https:\/\/nackenheim-im-nationalsozialismus.de\/wp-content\/uploads\/2021\/10\/Bildschirmfoto-2021-10-30-um-14.20.49-300x209.png 300w, https:\/\/nackenheim-im-nationalsozialismus.de\/wp-content\/uploads\/2021\/10\/Bildschirmfoto-2021-10-30-um-14.20.49-768x535.png 768w, https:\/\/nackenheim-im-nationalsozialismus.de\/wp-content\/uploads\/2021\/10\/Bildschirmfoto-2021-10-30-um-14.20.49-1536x1069.png 1536w, https:\/\/nackenheim-im-nationalsozialismus.de\/wp-content\/uploads\/2021\/10\/Bildschirmfoto-2021-10-30-um-14.20.49-500x348.png 500w, https:\/\/nackenheim-im-nationalsozialismus.de\/wp-content\/uploads\/2021\/10\/Bildschirmfoto-2021-10-30-um-14.20.49-800x557.png 800w, https:\/\/nackenheim-im-nationalsozialismus.de\/wp-content\/uploads\/2021\/10\/Bildschirmfoto-2021-10-30-um-14.20.49-1280x891.png 1280w, https:\/\/nackenheim-im-nationalsozialismus.de\/wp-content\/uploads\/2021\/10\/Bildschirmfoto-2021-10-30-um-14.20.49-1200x836.png 1200w, https:\/\/nackenheim-im-nationalsozialismus.de\/wp-content\/uploads\/2021\/10\/Bildschirmfoto-2021-10-30-um-14.20.49.png 1735w\" sizes=\"(max-width: 1024px) 100vw, 1024px\" \/><figcaption class=\"blocks-gallery-item__caption\">BDM-Lager auf R\u00fcgen<\/figcaption><\/figure><\/li><li class=\"blocks-gallery-item\"><figure><img loading=\"lazy\" decoding=\"async\" width=\"1024\" height=\"755\" src=\"https:\/\/nackenheim-im-nationalsozialismus.de\/wp-content\/uploads\/2021\/10\/Bildschirmfoto-2021-10-30-um-14.24.22-1024x755.png\" alt=\"\" data-id=\"1269\" data-full-url=\"https:\/\/nackenheim-im-nationalsozialismus.de\/wp-content\/uploads\/2021\/10\/Bildschirmfoto-2021-10-30-um-14.24.22.png\" data-link=\"https:\/\/nackenheim-im-nationalsozialismus.de\/?attachment_id=1269\" class=\"wp-image-1269\" srcset=\"https:\/\/nackenheim-im-nationalsozialismus.de\/wp-content\/uploads\/2021\/10\/Bildschirmfoto-2021-10-30-um-14.24.22-1024x755.png 1024w, https:\/\/nackenheim-im-nationalsozialismus.de\/wp-content\/uploads\/2021\/10\/Bildschirmfoto-2021-10-30-um-14.24.22-300x221.png 300w, https:\/\/nackenheim-im-nationalsozialismus.de\/wp-content\/uploads\/2021\/10\/Bildschirmfoto-2021-10-30-um-14.24.22-768x566.png 768w, https:\/\/nackenheim-im-nationalsozialismus.de\/wp-content\/uploads\/2021\/10\/Bildschirmfoto-2021-10-30-um-14.24.22-1536x1133.png 1536w, https:\/\/nackenheim-im-nationalsozialismus.de\/wp-content\/uploads\/2021\/10\/Bildschirmfoto-2021-10-30-um-14.24.22-500x369.png 500w, https:\/\/nackenheim-im-nationalsozialismus.de\/wp-content\/uploads\/2021\/10\/Bildschirmfoto-2021-10-30-um-14.24.22-800x590.png 800w, https:\/\/nackenheim-im-nationalsozialismus.de\/wp-content\/uploads\/2021\/10\/Bildschirmfoto-2021-10-30-um-14.24.22-1280x944.png 1280w, https:\/\/nackenheim-im-nationalsozialismus.de\/wp-content\/uploads\/2021\/10\/Bildschirmfoto-2021-10-30-um-14.24.22-1200x885.png 1200w, https:\/\/nackenheim-im-nationalsozialismus.de\/wp-content\/uploads\/2021\/10\/Bildschirmfoto-2021-10-30-um-14.24.22.png 1687w\" sizes=\"(max-width: 1024px) 100vw, 1024px\" \/><\/figure><\/li><li class=\"blocks-gallery-item\"><figure><img loading=\"lazy\" decoding=\"async\" width=\"1024\" height=\"734\" src=\"https:\/\/nackenheim-im-nationalsozialismus.de\/wp-content\/uploads\/2021\/10\/Bildschirmfoto-2021-10-30-um-14.21.54-1024x734.png\" alt=\"\" data-id=\"1267\" data-full-url=\"https:\/\/nackenheim-im-nationalsozialismus.de\/wp-content\/uploads\/2021\/10\/Bildschirmfoto-2021-10-30-um-14.21.54.png\" data-link=\"https:\/\/nackenheim-im-nationalsozialismus.de\/?attachment_id=1267\" class=\"wp-image-1267\" srcset=\"https:\/\/nackenheim-im-nationalsozialismus.de\/wp-content\/uploads\/2021\/10\/Bildschirmfoto-2021-10-30-um-14.21.54-1024x734.png 1024w, https:\/\/nackenheim-im-nationalsozialismus.de\/wp-content\/uploads\/2021\/10\/Bildschirmfoto-2021-10-30-um-14.21.54-300x215.png 300w, https:\/\/nackenheim-im-nationalsozialismus.de\/wp-content\/uploads\/2021\/10\/Bildschirmfoto-2021-10-30-um-14.21.54-768x551.png 768w, https:\/\/nackenheim-im-nationalsozialismus.de\/wp-content\/uploads\/2021\/10\/Bildschirmfoto-2021-10-30-um-14.21.54-1536x1101.png 1536w, https:\/\/nackenheim-im-nationalsozialismus.de\/wp-content\/uploads\/2021\/10\/Bildschirmfoto-2021-10-30-um-14.21.54-500x358.png 500w, https:\/\/nackenheim-im-nationalsozialismus.de\/wp-content\/uploads\/2021\/10\/Bildschirmfoto-2021-10-30-um-14.21.54-800x574.png 800w, https:\/\/nackenheim-im-nationalsozialismus.de\/wp-content\/uploads\/2021\/10\/Bildschirmfoto-2021-10-30-um-14.21.54-1280x918.png 1280w, https:\/\/nackenheim-im-nationalsozialismus.de\/wp-content\/uploads\/2021\/10\/Bildschirmfoto-2021-10-30-um-14.21.54-1200x860.png 1200w, https:\/\/nackenheim-im-nationalsozialismus.de\/wp-content\/uploads\/2021\/10\/Bildschirmfoto-2021-10-30-um-14.21.54.png 1678w\" sizes=\"(max-width: 1024px) 100vw, 1024px\" \/><\/figure><\/li><li class=\"blocks-gallery-item\"><figure><img loading=\"lazy\" decoding=\"async\" width=\"1024\" height=\"712\" src=\"https:\/\/nackenheim-im-nationalsozialismus.de\/wp-content\/uploads\/2021\/10\/Bildschirmfoto-2021-10-30-um-14.23.48-1024x712.png\" alt=\"\" data-id=\"1268\" data-full-url=\"https:\/\/nackenheim-im-nationalsozialismus.de\/wp-content\/uploads\/2021\/10\/Bildschirmfoto-2021-10-30-um-14.23.48.png\" data-link=\"https:\/\/nackenheim-im-nationalsozialismus.de\/?attachment_id=1268\" class=\"wp-image-1268\" srcset=\"https:\/\/nackenheim-im-nationalsozialismus.de\/wp-content\/uploads\/2021\/10\/Bildschirmfoto-2021-10-30-um-14.23.48-1024x712.png 1024w, https:\/\/nackenheim-im-nationalsozialismus.de\/wp-content\/uploads\/2021\/10\/Bildschirmfoto-2021-10-30-um-14.23.48-300x209.png 300w, https:\/\/nackenheim-im-nationalsozialismus.de\/wp-content\/uploads\/2021\/10\/Bildschirmfoto-2021-10-30-um-14.23.48-768x534.png 768w, https:\/\/nackenheim-im-nationalsozialismus.de\/wp-content\/uploads\/2021\/10\/Bildschirmfoto-2021-10-30-um-14.23.48-1536x1068.png 1536w, https:\/\/nackenheim-im-nationalsozialismus.de\/wp-content\/uploads\/2021\/10\/Bildschirmfoto-2021-10-30-um-14.23.48-500x348.png 500w, https:\/\/nackenheim-im-nationalsozialismus.de\/wp-content\/uploads\/2021\/10\/Bildschirmfoto-2021-10-30-um-14.23.48-800x556.png 800w, https:\/\/nackenheim-im-nationalsozialismus.de\/wp-content\/uploads\/2021\/10\/Bildschirmfoto-2021-10-30-um-14.23.48-1280x890.png 1280w, https:\/\/nackenheim-im-nationalsozialismus.de\/wp-content\/uploads\/2021\/10\/Bildschirmfoto-2021-10-30-um-14.23.48-1200x834.png 1200w, https:\/\/nackenheim-im-nationalsozialismus.de\/wp-content\/uploads\/2021\/10\/Bildschirmfoto-2021-10-30-um-14.23.48.png 1696w\" sizes=\"(max-width: 1024px) 100vw, 1024px\" \/><\/figure><\/li><li class=\"blocks-gallery-item\"><figure><img loading=\"lazy\" decoding=\"async\" width=\"1024\" height=\"773\" src=\"https:\/\/nackenheim-im-nationalsozialismus.de\/wp-content\/uploads\/2021\/10\/Bildschirmfoto-2021-10-30-um-14.21.30-1024x773.png\" alt=\"\" data-id=\"1266\" data-full-url=\"https:\/\/nackenheim-im-nationalsozialismus.de\/wp-content\/uploads\/2021\/10\/Bildschirmfoto-2021-10-30-um-14.21.30.png\" data-link=\"https:\/\/nackenheim-im-nationalsozialismus.de\/?attachment_id=1266\" class=\"wp-image-1266\" srcset=\"https:\/\/nackenheim-im-nationalsozialismus.de\/wp-content\/uploads\/2021\/10\/Bildschirmfoto-2021-10-30-um-14.21.30-1024x773.png 1024w, https:\/\/nackenheim-im-nationalsozialismus.de\/wp-content\/uploads\/2021\/10\/Bildschirmfoto-2021-10-30-um-14.21.30-300x227.png 300w, https:\/\/nackenheim-im-nationalsozialismus.de\/wp-content\/uploads\/2021\/10\/Bildschirmfoto-2021-10-30-um-14.21.30-768x580.png 768w, https:\/\/nackenheim-im-nationalsozialismus.de\/wp-content\/uploads\/2021\/10\/Bildschirmfoto-2021-10-30-um-14.21.30-1536x1160.png 1536w, https:\/\/nackenheim-im-nationalsozialismus.de\/wp-content\/uploads\/2021\/10\/Bildschirmfoto-2021-10-30-um-14.21.30-500x378.png 500w, https:\/\/nackenheim-im-nationalsozialismus.de\/wp-content\/uploads\/2021\/10\/Bildschirmfoto-2021-10-30-um-14.21.30-800x604.png 800w, https:\/\/nackenheim-im-nationalsozialismus.de\/wp-content\/uploads\/2021\/10\/Bildschirmfoto-2021-10-30-um-14.21.30-1280x967.png 1280w, https:\/\/nackenheim-im-nationalsozialismus.de\/wp-content\/uploads\/2021\/10\/Bildschirmfoto-2021-10-30-um-14.21.30-1200x906.png 1200w, https:\/\/nackenheim-im-nationalsozialismus.de\/wp-content\/uploads\/2021\/10\/Bildschirmfoto-2021-10-30-um-14.21.30.png 1700w\" sizes=\"(max-width: 1024px) 100vw, 1024px\" \/><\/figure><\/li><li class=\"blocks-gallery-item\"><figure><img loading=\"lazy\" decoding=\"async\" width=\"758\" height=\"1024\" src=\"https:\/\/nackenheim-im-nationalsozialismus.de\/wp-content\/uploads\/2021\/10\/Bildschirmfoto-2021-10-30-um-14.26.17-758x1024.png\" alt=\"\" data-id=\"1270\" data-full-url=\"https:\/\/nackenheim-im-nationalsozialismus.de\/wp-content\/uploads\/2021\/10\/Bildschirmfoto-2021-10-30-um-14.26.17.png\" data-link=\"https:\/\/nackenheim-im-nationalsozialismus.de\/?attachment_id=1270\" class=\"wp-image-1270\" srcset=\"https:\/\/nackenheim-im-nationalsozialismus.de\/wp-content\/uploads\/2021\/10\/Bildschirmfoto-2021-10-30-um-14.26.17-758x1024.png 758w, https:\/\/nackenheim-im-nationalsozialismus.de\/wp-content\/uploads\/2021\/10\/Bildschirmfoto-2021-10-30-um-14.26.17-222x300.png 222w, https:\/\/nackenheim-im-nationalsozialismus.de\/wp-content\/uploads\/2021\/10\/Bildschirmfoto-2021-10-30-um-14.26.17-768x1037.png 768w, https:\/\/nackenheim-im-nationalsozialismus.de\/wp-content\/uploads\/2021\/10\/Bildschirmfoto-2021-10-30-um-14.26.17-1137x1536.png 1137w, https:\/\/nackenheim-im-nationalsozialismus.de\/wp-content\/uploads\/2021\/10\/Bildschirmfoto-2021-10-30-um-14.26.17-500x675.png 500w, https:\/\/nackenheim-im-nationalsozialismus.de\/wp-content\/uploads\/2021\/10\/Bildschirmfoto-2021-10-30-um-14.26.17-800x1081.png 800w, https:\/\/nackenheim-im-nationalsozialismus.de\/wp-content\/uploads\/2021\/10\/Bildschirmfoto-2021-10-30-um-14.26.17.png 1157w\" sizes=\"(max-width: 758px) 100vw, 758px\" \/><figcaption class=\"blocks-gallery-item__caption\">Soldatenkult<\/figcaption><\/figure><\/li><\/ul><figcaption class=\"blocks-gallery-caption\">Fotoalbum und Erinnerungen eines BDM-M\u00e4dels aus Bodenheim, 1930er (Auswahl)<br>(<strong>Quelle:<\/strong> privat).<\/figcaption><\/figure>\n\n\n\n<p>Zudem erhielten wir Tagebucheintr\u00e4ge und Zeitschriften, die Erfahrungen und Berichte \u00fcber Kinder und Jugendliche im Nationalsozialismus preisgeben.&nbsp;<\/p>\n\n\n\n<p>Schon im Kindesalter wurde den Menschen die NS-Ideologie bewusst eingetrichtert. Dies geschah beispielsweise durch M\u00e4rchen und Lieder, die Antisemitismus verbreiteten.<\/p>\n\n\n\n<p>Die Gemeinden in Nackenheim und Bodenheim waren mehrheitlich katholisch, jedoch wurde der Glaube versucht zu verdr\u00e4ngen, indem man verpflichtende NS-Stammschulungen zur gleichen Zeit wie kirchliche Gottesdienste abhielt. Folgende Quelle zeigt so beispielsweise eine Bittschrift einer Mutter aus Nackenheim, die ihren Sohn f\u00fcr eine verpflichtende Stammschulung zu entschuldigen versucht, damit er am w\u00f6chentlichen Gottesdienst teilnehmen kann.<\/p>\n\n\n\n<div class=\"wp-block-image\"><figure class=\"aligncenter size-large\"><img loading=\"lazy\" decoding=\"async\" width=\"999\" height=\"1024\" src=\"https:\/\/nackenheim-im-nationalsozialismus.de\/wp-content\/uploads\/2021\/11\/Bildschirmfoto-2021-11-23-um-17.17.44-999x1024.png\" alt=\"\" class=\"wp-image-1779\" srcset=\"https:\/\/nackenheim-im-nationalsozialismus.de\/wp-content\/uploads\/2021\/11\/Bildschirmfoto-2021-11-23-um-17.17.44-999x1024.png 999w, https:\/\/nackenheim-im-nationalsozialismus.de\/wp-content\/uploads\/2021\/11\/Bildschirmfoto-2021-11-23-um-17.17.44-293x300.png 293w, https:\/\/nackenheim-im-nationalsozialismus.de\/wp-content\/uploads\/2021\/11\/Bildschirmfoto-2021-11-23-um-17.17.44-768x787.png 768w, https:\/\/nackenheim-im-nationalsozialismus.de\/wp-content\/uploads\/2021\/11\/Bildschirmfoto-2021-11-23-um-17.17.44-500x513.png 500w, https:\/\/nackenheim-im-nationalsozialismus.de\/wp-content\/uploads\/2021\/11\/Bildschirmfoto-2021-11-23-um-17.17.44-800x820.png 800w, https:\/\/nackenheim-im-nationalsozialismus.de\/wp-content\/uploads\/2021\/11\/Bildschirmfoto-2021-11-23-um-17.17.44-1280x1312.png 1280w, https:\/\/nackenheim-im-nationalsozialismus.de\/wp-content\/uploads\/2021\/11\/Bildschirmfoto-2021-11-23-um-17.17.44-1200x1230.png 1200w, https:\/\/nackenheim-im-nationalsozialismus.de\/wp-content\/uploads\/2021\/11\/Bildschirmfoto-2021-11-23-um-17.17.44.png 1458w\" sizes=\"(max-width: 999px) 100vw, 999px\" \/><figcaption><strong>Brief eines Elternteils aus Nackenheim<\/strong><br>(<strong>Quelle<\/strong>: LA Sp. Best. U199, 27).<\/figcaption><\/figure><\/div>\n\n\n\n<p>Auch Feuerwehrdienste mussten abgesagt werden, um an HJ-Heimabenden in Mainz teilzunehmen, wie es folgende Quelle belegt.<\/p>\n\n\n\n<div class=\"wp-block-image\"><figure class=\"aligncenter size-large\"><img loading=\"lazy\" decoding=\"async\" width=\"875\" height=\"1024\" src=\"https:\/\/nackenheim-im-nationalsozialismus.de\/wp-content\/uploads\/2021\/11\/Bildschirmfoto-2021-11-08-um-11.27.45-875x1024.png\" alt=\"\" class=\"wp-image-1691\" srcset=\"https:\/\/nackenheim-im-nationalsozialismus.de\/wp-content\/uploads\/2021\/11\/Bildschirmfoto-2021-11-08-um-11.27.45-875x1024.png 875w, https:\/\/nackenheim-im-nationalsozialismus.de\/wp-content\/uploads\/2021\/11\/Bildschirmfoto-2021-11-08-um-11.27.45-256x300.png 256w, https:\/\/nackenheim-im-nationalsozialismus.de\/wp-content\/uploads\/2021\/11\/Bildschirmfoto-2021-11-08-um-11.27.45-768x898.png 768w, https:\/\/nackenheim-im-nationalsozialismus.de\/wp-content\/uploads\/2021\/11\/Bildschirmfoto-2021-11-08-um-11.27.45-500x585.png 500w, https:\/\/nackenheim-im-nationalsozialismus.de\/wp-content\/uploads\/2021\/11\/Bildschirmfoto-2021-11-08-um-11.27.45-800x936.png 800w, https:\/\/nackenheim-im-nationalsozialismus.de\/wp-content\/uploads\/2021\/11\/Bildschirmfoto-2021-11-08-um-11.27.45.png 1179w\" sizes=\"(max-width: 875px) 100vw, 875px\" \/><figcaption><strong>Quelle:<\/strong> LA Sp. Best. U199, 1 <\/figcaption><\/figure><\/div>\n\n\n\n<p>Durch Eingriffe solcher Art schr\u00e4nkte man das allt\u00e4gliche Leben der Menschen schon im Jugendalter, enorm ein und wollte sie ausschlie\u00dflich auf staatlich gelenkte Veranstaltungen und Organisationen zu fokussieren.<\/p>\n\n\n\n<p>Jugendliche wurden durch Spiele, Feste oder Belohnungen besonders gef\u00f6rdert und zugleich ideologisch indoktriniert.&nbsp;Nach Anfrage des B\u00fcrgermeisters beschenkte man die besten Sch\u00fcler*innen etwa mit Exemplaren von&nbsp; \u201eMein Kampf\u201c , obwohl diese urspr\u00fcnglich als Hochzeitsgeschenk an Ehepaare der Gemeinde gestiftet worden waren.<\/p>\n\n\n\n<div class=\"wp-block-image\"><figure class=\"aligncenter size-large\"><img loading=\"lazy\" decoding=\"async\" width=\"1024\" height=\"743\" src=\"https:\/\/nackenheim-im-nationalsozialismus.de\/wp-content\/uploads\/2021\/10\/Bildschirmfoto-2021-10-30-um-14.30.29-1024x743.png\" alt=\"\" class=\"wp-image-1262\" srcset=\"https:\/\/nackenheim-im-nationalsozialismus.de\/wp-content\/uploads\/2021\/10\/Bildschirmfoto-2021-10-30-um-14.30.29-1024x743.png 1024w, https:\/\/nackenheim-im-nationalsozialismus.de\/wp-content\/uploads\/2021\/10\/Bildschirmfoto-2021-10-30-um-14.30.29-300x218.png 300w, https:\/\/nackenheim-im-nationalsozialismus.de\/wp-content\/uploads\/2021\/10\/Bildschirmfoto-2021-10-30-um-14.30.29-768x557.png 768w, https:\/\/nackenheim-im-nationalsozialismus.de\/wp-content\/uploads\/2021\/10\/Bildschirmfoto-2021-10-30-um-14.30.29-1536x1114.png 1536w, https:\/\/nackenheim-im-nationalsozialismus.de\/wp-content\/uploads\/2021\/10\/Bildschirmfoto-2021-10-30-um-14.30.29-2048x1486.png 2048w, https:\/\/nackenheim-im-nationalsozialismus.de\/wp-content\/uploads\/2021\/10\/Bildschirmfoto-2021-10-30-um-14.30.29-500x363.png 500w, https:\/\/nackenheim-im-nationalsozialismus.de\/wp-content\/uploads\/2021\/10\/Bildschirmfoto-2021-10-30-um-14.30.29-800x580.png 800w, https:\/\/nackenheim-im-nationalsozialismus.de\/wp-content\/uploads\/2021\/10\/Bildschirmfoto-2021-10-30-um-14.30.29-1280x928.png 1280w, https:\/\/nackenheim-im-nationalsozialismus.de\/wp-content\/uploads\/2021\/10\/Bildschirmfoto-2021-10-30-um-14.30.29-1920x1393.png 1920w, https:\/\/nackenheim-im-nationalsozialismus.de\/wp-content\/uploads\/2021\/10\/Bildschirmfoto-2021-10-30-um-14.30.29-1200x870.png 1200w, https:\/\/nackenheim-im-nationalsozialismus.de\/wp-content\/uploads\/2021\/10\/Bildschirmfoto-2021-10-30-um-14.30.29-1980x1436.png 1980w\" sizes=\"(max-width: 1024px) 100vw, 1024px\" \/><figcaption><strong>Antwortschreiben des Nackenheimer B\u00fcrgermeisters aus dem Jahr 1936 auf eine Anfrage des Kreiskulturwartes nach dem Bedarf an Exemplaren von &#8222;Mein Kampf&#8220; zur Beigabe f\u00fcr Eheschliessungen<\/strong> <br>(<strong>Quelle<\/strong>: LA Sp. Best. U199, 27).<\/figcaption><\/figure><\/div>\n\n\n\n<p>Nach vehementen Forderungen, eine Unterkunft f\u00fcr die Hitler-Jugend in Nackenheim und Umgebung zu finden, wurde schlie\u00dflich nach langer Zeit ein Haus in der Fischergasse Nackenheim gefunden. Die Menschen, die dort wohnten, mussten ihre Behausung f\u00fcr die HJ, die damals Priorit\u00e4t hatte, frei r\u00e4umen.&nbsp;<\/p>\n\n\n\n<p>Zusammenfassend kann man sagen, dass insbesondere die Jugendlichen, die als leicht beeinflussbar galten, ein direktes Ziel der NS-Propaganda waren und durch bewusste staatliche Eingriffe die nationalsozialistische Ideologie verinnerlichen sollten.<\/p>\n\n\n\n<figure class=\"wp-block-audio\"><audio controls src=\"https:\/\/nackenheim-im-nationalsozialismus.de\/wp-content\/uploads\/2021\/11\/Toncollage_KinderundJugendliche.mp3\"><\/audio><figcaption>Toncollage zu unserem Thema<\/figcaption><\/figure>\n\n\n\n<p><strong>Quellen: <\/strong><\/p>\n\n\n\n<ul><li>Private Erinnerungen einer Jugendlichen aus Bodenheim<\/li><\/ul>\n\n\n\n<ul><li>LA Sp. Best U199, 27<\/li><\/ul>\n","protected":false},"excerpt":{"rendered":"<p>Ein Beitrag von Sch\u00fcler:innen der MSS11 Auch in unserer nahen Umgebung versuchte der Nationalsozialismus, die Jugend zu erreichen. Es gab hier in Nackenheim\/Bodenheim sowohl Gruppen der Hitlerjugend (HJ), als auch Gruppen des Bundes Deutscher M\u00e4del (BDM). Nachkommen einer Zeitzeugin haben uns ein altes Fotoalbum mit originalen Aufnahmen und Erinnerungen einer Jugendlichen aus dieser Zeit zur [&hellip;]<\/p>\n","protected":false},"author":1,"featured_media":0,"parent":0,"menu_order":0,"comment_status":"closed","ping_status":"closed","template":"","meta":{"_vp_format_video_url":"","_vp_image_focal_point":[],"footnotes":""},"_links":{"self":[{"href":"https:\/\/nackenheim-im-nationalsozialismus.de\/index.php?rest_route=\/wp\/v2\/pages\/259"}],"collection":[{"href":"https:\/\/nackenheim-im-nationalsozialismus.de\/index.php?rest_route=\/wp\/v2\/pages"}],"about":[{"href":"https:\/\/nackenheim-im-nationalsozialismus.de\/index.php?rest_route=\/wp\/v2\/types\/page"}],"author":[{"embeddable":true,"href":"https:\/\/nackenheim-im-nationalsozialismus.de\/index.php?rest_route=\/wp\/v2\/users\/1"}],"replies":[{"embeddable":true,"href":"https:\/\/nackenheim-im-nationalsozialismus.de\/index.php?rest_route=%2Fwp%2Fv2%2Fcomments&post=259"}],"version-history":[{"count":33,"href":"https:\/\/nackenheim-im-nationalsozialismus.de\/index.php?rest_route=\/wp\/v2\/pages\/259\/revisions"}],"predecessor-version":[{"id":1781,"href":"https:\/\/nackenheim-im-nationalsozialismus.de\/index.php?rest_route=\/wp\/v2\/pages\/259\/revisions\/1781"}],"wp:attachment":[{"href":"https:\/\/nackenheim-im-nationalsozialismus.de\/index.php?rest_route=%2Fwp%2Fv2%2Fmedia&parent=259"}],"curies":[{"name":"wp","href":"https:\/\/api.w.org\/{rel}","templated":true}]}}