{"id":299,"date":"2021-07-15T13:55:22","date_gmt":"2021-07-15T13:55:22","guid":{"rendered":"https:\/\/nackenheim-im-nationalsozialismus.de\/?page_id=299"},"modified":"2022-08-16T05:31:14","modified_gmt":"2022-08-16T05:31:14","slug":"ueber-uns-2","status":"publish","type":"page","link":"https:\/\/nackenheim-im-nationalsozialismus.de\/?page_id=299","title":{"rendered":"\u00dcber das Projekt"},"content":{"rendered":"\n<div class=\"wp-block-group\"><div class=\"wp-block-group__inner-container is-layout-flow wp-block-group-is-layout-flow\">\n<div class=\"wp-block-group\"><div class=\"wp-block-group__inner-container is-layout-flow wp-block-group-is-layout-flow\"><div class=\"wp-block-image\">\n<figure class=\"aligncenter size-full\"><img loading=\"lazy\" decoding=\"async\" width=\"1024\" height=\"791\" src=\"https:\/\/nackenheim-im-nationalsozialismus.de\/wp-content\/uploads\/2021\/07\/Leitbild-1024x791-1.jpeg\" alt=\"\" class=\"wp-image-607\" srcset=\"https:\/\/nackenheim-im-nationalsozialismus.de\/wp-content\/uploads\/2021\/07\/Leitbild-1024x791-1.jpeg 1024w, https:\/\/nackenheim-im-nationalsozialismus.de\/wp-content\/uploads\/2021\/07\/Leitbild-1024x791-1-300x232.jpeg 300w, https:\/\/nackenheim-im-nationalsozialismus.de\/wp-content\/uploads\/2021\/07\/Leitbild-1024x791-1-768x593.jpeg 768w, https:\/\/nackenheim-im-nationalsozialismus.de\/wp-content\/uploads\/2021\/07\/Leitbild-1024x791-1-500x386.jpeg 500w, https:\/\/nackenheim-im-nationalsozialismus.de\/wp-content\/uploads\/2021\/07\/Leitbild-1024x791-1-800x618.jpeg 800w\" sizes=\"(max-width: 1024px) 100vw, 1024px\" \/><figcaption>Das Gymnasium Nackenheim <br>(Zeichnung einer Abiturientin aus dem Jahr 2018)<\/figcaption><\/figure><\/div>\n\n\n<div style=\"height:42px\" aria-hidden=\"true\" class=\"wp-block-spacer\"><\/div>\n\n\n\n<p class=\"has-drop-cap\">Wir sind Sch\u00fcler:innen am <a rel=\"noreferrer noopener\" href=\"https:\/\/gymnasium-nackenheim.de\/\" target=\"_blank\">Gymnasium Nackenheim<\/a> und m\u00f6chten die Ergebnisse unserer Auseinandersetzung mit der NS-Geschichte vor Ort \u00f6ffentlich zug\u00e4nglich machen und somit das Fundament f\u00fcr eine aktive Erinnerung an die Geschichte des Nationalsozialismus in Nackenheim schaffen. Auch Studierende, Lehrer:innen, Z(w)eitzeug:innen, Historiker:innen sowie historisch Interessierte aus Nackenheim haben an der Erstellung dieser Website mitgewirkt. Unsere generations\u00fcbergreifende Projektarbeit wird vom &#8222;Arbeitskreis Stolpersteine&#8220; der Gemeinde Nackenheim weitergef\u00fchrt, begleitet und unterst\u00fctzt. Dem Arbeitskreis geh\u00f6ren Vertreter:innen der Kirchengemeinden, des Ortsmuseums und des Gymnasiums Nackenheim an.<\/p>\n\n\n\n<p>Begleitend zur schulischen Projektarbeit ist ein <a rel=\"noreferrer noopener\" href=\"https:\/\/nackenheim-im-nationalsozialismus.de\/?page_id=1836\" data-type=\"page\" data-id=\"1836\" target=\"_blank\">Dokumentarfilm<\/a> entstanden. Die <a rel=\"noreferrer noopener\" href=\"https:\/\/nackenheim-im-nationalsozialismus.de\/?page_id=1827\" data-type=\"page\" data-id=\"1827\" target=\"_blank\">Berichterstattung<\/a> rund um unser Geschichtsprojekt haben wir im \u00dcberblick zusammengestellt.<\/p>\n\n\n\n<p>Beim Sch\u00fcler- und Jugendwettbewerb der Landeszentrale f\u00fcr politische Bildung 2022 erhielt unser Projekt eine lobende Anerkennung.<\/p>\n\n\n\n<div style=\"height:7px\" aria-hidden=\"true\" class=\"wp-block-spacer\"><\/div>\n\n\n\n<figure class=\"wp-block-image alignwide size-full\"><img loading=\"lazy\" decoding=\"async\" width=\"564\" height=\"396\" src=\"https:\/\/nackenheim-im-nationalsozialismus.de\/wp-content\/uploads\/2021\/11\/Aufruf_NB-Kopie.jpg\" alt=\"\" class=\"wp-image-1670\" srcset=\"https:\/\/nackenheim-im-nationalsozialismus.de\/wp-content\/uploads\/2021\/11\/Aufruf_NB-Kopie.jpg 564w, https:\/\/nackenheim-im-nationalsozialismus.de\/wp-content\/uploads\/2021\/11\/Aufruf_NB-Kopie-300x211.jpg 300w, https:\/\/nackenheim-im-nationalsozialismus.de\/wp-content\/uploads\/2021\/11\/Aufruf_NB-Kopie-500x351.jpg 500w\" sizes=\"(max-width: 564px) 100vw, 564px\" \/><figcaption>Unser Zeitungsaufruf zu Beginn der Projektarbeit<\/figcaption><\/figure>\n<\/div><\/div>\n\n\n\n<figure class=\"wp-block-image size-large\"><img loading=\"lazy\" decoding=\"async\" width=\"1024\" height=\"1024\" src=\"https:\/\/nackenheim-im-nationalsozialismus.de\/wp-content\/uploads\/2021\/11\/Kopie-von-Orte-2-1024x1024.png\" alt=\"\" class=\"wp-image-1629\" srcset=\"https:\/\/nackenheim-im-nationalsozialismus.de\/wp-content\/uploads\/2021\/11\/Kopie-von-Orte-2-1024x1024.png 1024w, https:\/\/nackenheim-im-nationalsozialismus.de\/wp-content\/uploads\/2021\/11\/Kopie-von-Orte-2-300x300.png 300w, https:\/\/nackenheim-im-nationalsozialismus.de\/wp-content\/uploads\/2021\/11\/Kopie-von-Orte-2-150x150.png 150w, https:\/\/nackenheim-im-nationalsozialismus.de\/wp-content\/uploads\/2021\/11\/Kopie-von-Orte-2-768x768.png 768w, https:\/\/nackenheim-im-nationalsozialismus.de\/wp-content\/uploads\/2021\/11\/Kopie-von-Orte-2-500x500.png 500w, https:\/\/nackenheim-im-nationalsozialismus.de\/wp-content\/uploads\/2021\/11\/Kopie-von-Orte-2-800x800.png 800w, https:\/\/nackenheim-im-nationalsozialismus.de\/wp-content\/uploads\/2021\/11\/Kopie-von-Orte-2.png 1080w\" sizes=\"(max-width: 1024px) 100vw, 1024px\" \/><\/figure>\n<\/div><\/div>\n\n\n\n<p><\/p>\n","protected":false},"excerpt":{"rendered":"<p>Wir sind Sch\u00fcler:innen am Gymnasium Nackenheim und m\u00f6chten die Ergebnisse unserer Auseinandersetzung mit der NS-Geschichte vor Ort \u00f6ffentlich zug\u00e4nglich machen und somit das Fundament f\u00fcr eine aktive Erinnerung an die Geschichte des Nationalsozialismus in Nackenheim schaffen. Auch Studierende, Lehrer:innen, Z(w)eitzeug:innen, Historiker:innen sowie historisch Interessierte aus Nackenheim haben an der Erstellung dieser Website mitgewirkt. Unsere generations\u00fcbergreifende [&hellip;]<\/p>\n","protected":false},"author":1,"featured_media":0,"parent":0,"menu_order":0,"comment_status":"closed","ping_status":"closed","template":"","meta":{"_vp_format_video_url":"","_vp_image_focal_point":[],"footnotes":""},"_links":{"self":[{"href":"https:\/\/nackenheim-im-nationalsozialismus.de\/index.php?rest_route=\/wp\/v2\/pages\/299"}],"collection":[{"href":"https:\/\/nackenheim-im-nationalsozialismus.de\/index.php?rest_route=\/wp\/v2\/pages"}],"about":[{"href":"https:\/\/nackenheim-im-nationalsozialismus.de\/index.php?rest_route=\/wp\/v2\/types\/page"}],"author":[{"embeddable":true,"href":"https:\/\/nackenheim-im-nationalsozialismus.de\/index.php?rest_route=\/wp\/v2\/users\/1"}],"replies":[{"embeddable":true,"href":"https:\/\/nackenheim-im-nationalsozialismus.de\/index.php?rest_route=%2Fwp%2Fv2%2Fcomments&post=299"}],"version-history":[{"count":42,"href":"https:\/\/nackenheim-im-nationalsozialismus.de\/index.php?rest_route=\/wp\/v2\/pages\/299\/revisions"}],"predecessor-version":[{"id":2410,"href":"https:\/\/nackenheim-im-nationalsozialismus.de\/index.php?rest_route=\/wp\/v2\/pages\/299\/revisions\/2410"}],"wp:attachment":[{"href":"https:\/\/nackenheim-im-nationalsozialismus.de\/index.php?rest_route=%2Fwp%2Fv2%2Fmedia&parent=299"}],"curies":[{"name":"wp","href":"https:\/\/api.w.org\/{rel}","templated":true}]}}