{"id":327,"date":"2021-07-15T14:27:20","date_gmt":"2021-07-15T14:27:20","guid":{"rendered":"https:\/\/nackenheim-im-nationalsozialismus.de\/?page_id=327"},"modified":"2022-01-26T06:24:02","modified_gmt":"2022-01-26T06:24:02","slug":"familie-heumann","status":"publish","type":"page","link":"https:\/\/nackenheim-im-nationalsozialismus.de\/?page_id=327","title":{"rendered":"Familie Heumann"},"content":{"rendered":"\n<p class=\"has-text-align-center has-accent-color has-text-color\"><strong>Ein Beitrag von Sch\u00fcler:innen der MSS11<\/strong><\/p>\n\n\n\n<p class=\"has-drop-cap\">Familie Heumann war eine j\u00fcdische Familie aus Nackenheim, die w\u00e4hrend der Zeit des Nationalsozialismus unter Antisemitismus und Verfolgung litt. Neben Denunziationen, der Entziehung des Wandergewerbescheins Ludwig, sp\u00e4ter Luvi Heumanns und schlie\u00dflich auch des Gewerbescheins, musste Familie Heumann noch Weiteres erdulden, bis sie 1938 schlie\u00dflich die Flucht in die USA wagte, die ihr gelang. Begleitet wurden sie dabei von Teilen ihrer Verwandtschaft, <a rel=\"noreferrer noopener\" href=\"https:\/\/nackenheim-im-nationalsozialismus.de\/?page_id=406\" data-type=\"page\" data-id=\"406\" target=\"_blank\">Familie Hirschberg<\/a>, deren Familiengeschichte ebenfalls auf dieser Website zu finden ist. Ein Gro\u00dfteil der von uns ausgewerteten Quellen stammen aus dem Schriftverkehr des damaligen B\u00fcrgermeisters von Nackenheim mit unterschiedlichen Adressaten. Sie finden sich im Bestand U199 des Landesarchivs in Speyer. Auch eine <a rel=\"noreferrer noopener\" href=\"https:\/\/nackenheim-im-nationalsozialismus.de\/?page_id=758\" data-type=\"page\" data-id=\"758\" target=\"_blank\">Chronologie der Verfolgung der Familie<\/a> findet sich anbei.<\/p>\n\n\n\n<div class=\"wp-block-buttons is-layout-flex wp-block-buttons-is-layout-flex\">\n<div class=\"wp-block-button has-custom-font-size is-style-outline has-normal-font-size\"><a class=\"wp-block-button__link has-accent-color has-subtle-background-background-color has-text-color has-background\" href=\"https:\/\/nackenheim-im-nationalsozialismus.de\/?page_id=758\" target=\"_blank\" rel=\"noreferrer noopener\">Zur Chronologie der Verfolgung der Familie Heumann<\/a><\/div>\n<\/div>\n\n\n\n<div class=\"wp-block-image\"><figure class=\"aligncenter size-large\"><img loading=\"lazy\" decoding=\"async\" width=\"1024\" height=\"695\" src=\"https:\/\/nackenheim-im-nationalsozialismus.de\/wp-content\/uploads\/2021\/07\/Familie-Heumann-im-Jahr-1957-1024x695.jpg\" alt=\"\" class=\"wp-image-335\" srcset=\"https:\/\/nackenheim-im-nationalsozialismus.de\/wp-content\/uploads\/2021\/07\/Familie-Heumann-im-Jahr-1957-1024x695.jpg 1024w, https:\/\/nackenheim-im-nationalsozialismus.de\/wp-content\/uploads\/2021\/07\/Familie-Heumann-im-Jahr-1957-300x204.jpg 300w, https:\/\/nackenheim-im-nationalsozialismus.de\/wp-content\/uploads\/2021\/07\/Familie-Heumann-im-Jahr-1957-768x521.jpg 768w, https:\/\/nackenheim-im-nationalsozialismus.de\/wp-content\/uploads\/2021\/07\/Familie-Heumann-im-Jahr-1957-1536x1042.jpg 1536w, https:\/\/nackenheim-im-nationalsozialismus.de\/wp-content\/uploads\/2021\/07\/Familie-Heumann-im-Jahr-1957-1200x814.jpg 1200w, https:\/\/nackenheim-im-nationalsozialismus.de\/wp-content\/uploads\/2021\/07\/Familie-Heumann-im-Jahr-1957.jpg 1792w\" sizes=\"(max-width: 1024px) 100vw, 1024px\" \/><figcaption><strong>Familie Heumann auf einer Familienfeier im September 1957 in den USA <br><\/strong>(Foto: H. Kasper; Originalbild: E. &amp; W. Lenz)<\/figcaption><\/figure><\/div>\n\n\n\n<hr class=\"wp-block-separator\"\/>\n\n\n\n<div class=\"wp-block-group\"><div class=\"wp-block-group__inner-container is-layout-flow wp-block-group-is-layout-flow\"><div class=\"wp-block-visual-portfolio alignfull\">\n<div class=\"vp-portfolio vp-uid-388b42d5 vp-id-Zr2Yox\"\n\tdata-vp-layout=\"masonry\" data-vp-content-source=\"images\" data-vp-items-style=\"fade\" data-vp-items-click-action=\"\" data-vp-items-gap=\"15\" data-vp-items-gap-vertical=\"\" data-vp-pagination=\"load-more\" data-vp-next-page-url=\"\" data-vp-masonry-columns=\"2\" >\n\t<div class=\"vp-portfolio__preloader-wrap\">\n\t\t<div class=\"vp-portfolio__preloader\">\n\t\t\t<img decoding=\"async\" loading=\"eager\" src=\"https:\/\/nackenheim-im-nationalsozialismus.de\/wp-content\/plugins\/visual-portfolio\/assets\/images\/logo-dark.svg\" alt=\"Visual Portfolio, Posts &amp; Image Gallery for WordPress\" width=\"20\" height=\"20\" data-skip-lazy>\n\t\t<\/div>\n\t<\/div>\n\t\t<div class=\"vp-portfolio__items-wrap\">\n\t\t\t\n<div class=\"vp-portfolio__items vp-portfolio__items-style-fade vp-portfolio__items-show-overlay-hover\">\n\n\t\t<div\t\tclass=\"vp-portfolio__item-wrap vp-portfolio__item-uid-29483cb1\" data-vp-filter=\"\" \t\t>\n\t\t\t\t\t\t\t\t\t<figure class=\"vp-portfolio__item\">\n\t\t\t\t\n<div class=\"vp-portfolio__item-img-wrap\">\n\t<div class=\"vp-portfolio__item-img\">\n\t\t\n\t\t<noscript><img loading=\"lazy\" decoding=\"async\" width=\"1000\" height=\"1456\" data-skip-lazy src=\"https:\/\/nackenheim-im-nationalsozialismus.de\/wp-content\/uploads\/2021\/07\/Frieda-Heumann_Kamp-e1626522880875.jpg\" class=\"wp-image-387\" alt=\"\" srcset=\"https:\/\/nackenheim-im-nationalsozialismus.de\/wp-content\/uploads\/2021\/07\/Frieda-Heumann_Kamp-e1626522880875.jpg 1000w, https:\/\/nackenheim-im-nationalsozialismus.de\/wp-content\/uploads\/2021\/07\/Frieda-Heumann_Kamp-e1626522880875-206x300.jpg 206w, https:\/\/nackenheim-im-nationalsozialismus.de\/wp-content\/uploads\/2021\/07\/Frieda-Heumann_Kamp-e1626522880875-703x1024.jpg 703w, https:\/\/nackenheim-im-nationalsozialismus.de\/wp-content\/uploads\/2021\/07\/Frieda-Heumann_Kamp-e1626522880875-768x1118.jpg 768w, https:\/\/nackenheim-im-nationalsozialismus.de\/wp-content\/uploads\/2021\/07\/Frieda-Heumann_Kamp-e1626522880875-500x728.jpg 500w, https:\/\/nackenheim-im-nationalsozialismus.de\/wp-content\/uploads\/2021\/07\/Frieda-Heumann_Kamp-e1626522880875-800x1165.jpg 800w\" sizes=\"(max-width: 1000px) 100vw, 1000px\" \/><\/noscript><img fetchpriority=\"high\" decoding=\"async\" width=\"1000\" height=\"1456\" src=\"https:\/\/nackenheim-im-nationalsozialismus.de\/wp-content\/uploads\/2021\/07\/Frieda-Heumann_Kamp-e1626522880875.jpg\" class=\"wp-image-387 vp-lazyload\" alt srcset=\"data:image\/svg+xml;base64,PHN2ZyB3aWR0aD0iMTAwMCIgaGVpZ2h0PSIxNDU2IiB2aWV3Qm94PSIwIDAgMTAwMCAxNDU2IiBmaWxsPSJub25lIiB4bWxucz0iaHR0cDovL3d3dy53My5vcmcvMjAwMC9zdmciPjwvc3ZnPg==\" data-src=\"https:\/\/nackenheim-im-nationalsozialismus.de\/wp-content\/uploads\/2021\/07\/Frieda-Heumann_Kamp-e1626522880875.jpg\" data-srcset=\"https:\/\/nackenheim-im-nationalsozialismus.de\/wp-content\/uploads\/2021\/07\/Frieda-Heumann_Kamp-e1626522880875.jpg 1000w, https:\/\/nackenheim-im-nationalsozialismus.de\/wp-content\/uploads\/2021\/07\/Frieda-Heumann_Kamp-e1626522880875-206x300.jpg 206w, https:\/\/nackenheim-im-nationalsozialismus.de\/wp-content\/uploads\/2021\/07\/Frieda-Heumann_Kamp-e1626522880875-703x1024.jpg 703w, https:\/\/nackenheim-im-nationalsozialismus.de\/wp-content\/uploads\/2021\/07\/Frieda-Heumann_Kamp-e1626522880875-768x1118.jpg 768w, https:\/\/nackenheim-im-nationalsozialismus.de\/wp-content\/uploads\/2021\/07\/Frieda-Heumann_Kamp-e1626522880875-500x728.jpg 500w, https:\/\/nackenheim-im-nationalsozialismus.de\/wp-content\/uploads\/2021\/07\/Frieda-Heumann_Kamp-e1626522880875-800x1165.jpg 800w\" data-sizes=\"auto\" loading=\"eager\">\n\t\t\t<\/div>\n<\/div>\n\t<figcaption class=\"vp-portfolio__item-overlay vp-portfolio__item-overlay-text-align-center\">\n\t\t<div class=\"vp-portfolio__item-meta-wrap vp-portfolio__custom-scrollbar\">\n\t\t\t\t<span\t\t class=\"vp-portfolio__item-meta\" \t>\n\t\n<h2 class=\"vp-portfolio__item-meta-title\">\n\tFrieda Heumann auf einer Aufnahme vom 25. September 1949<\/h2>\n\n<div class=\"vp-portfolio__item-meta-excerpt\">\n\t<div>\n\t\tSammlung: H. Kasper; Originalbild: P. Kamp\t<\/div>\n<\/div>\n<\/span>\t\t<\/div>\n\t<\/figcaption>\n\t\t\t<\/figure>\n\t\t\t\t\t<\/div>\n\t\t\n\t\t<div\t\tclass=\"vp-portfolio__item-wrap vp-portfolio__item-uid-f8859e1a\" data-vp-filter=\"\" \t\t>\n\t\t\t\t\t\t\t\t\t<figure class=\"vp-portfolio__item\">\n\t\t\t\t\n<div class=\"vp-portfolio__item-img-wrap\">\n\t<div class=\"vp-portfolio__item-img\">\n\t\t\n\t\t<noscript><img loading=\"lazy\" decoding=\"async\" width=\"1760\" height=\"1504\" data-skip-lazy src=\"https:\/\/nackenheim-im-nationalsozialismus.de\/wp-content\/uploads\/2021\/07\/Luvi-und-Maria-Heumann.jpg\" class=\"wp-image-392\" alt=\"\" srcset=\"https:\/\/nackenheim-im-nationalsozialismus.de\/wp-content\/uploads\/2021\/07\/Luvi-und-Maria-Heumann.jpg 1760w, https:\/\/nackenheim-im-nationalsozialismus.de\/wp-content\/uploads\/2021\/07\/Luvi-und-Maria-Heumann-300x256.jpg 300w, https:\/\/nackenheim-im-nationalsozialismus.de\/wp-content\/uploads\/2021\/07\/Luvi-und-Maria-Heumann-1024x875.jpg 1024w, https:\/\/nackenheim-im-nationalsozialismus.de\/wp-content\/uploads\/2021\/07\/Luvi-und-Maria-Heumann-768x656.jpg 768w, https:\/\/nackenheim-im-nationalsozialismus.de\/wp-content\/uploads\/2021\/07\/Luvi-und-Maria-Heumann-1536x1313.jpg 1536w, https:\/\/nackenheim-im-nationalsozialismus.de\/wp-content\/uploads\/2021\/07\/Luvi-und-Maria-Heumann-500x427.jpg 500w, https:\/\/nackenheim-im-nationalsozialismus.de\/wp-content\/uploads\/2021\/07\/Luvi-und-Maria-Heumann-800x684.jpg 800w, https:\/\/nackenheim-im-nationalsozialismus.de\/wp-content\/uploads\/2021\/07\/Luvi-und-Maria-Heumann-1280x1094.jpg 1280w, https:\/\/nackenheim-im-nationalsozialismus.de\/wp-content\/uploads\/2021\/07\/Luvi-und-Maria-Heumann-1200x1025.jpg 1200w\" sizes=\"(max-width: 1760px) 100vw, 1760px\" \/><\/noscript><img decoding=\"async\" width=\"1760\" height=\"1504\" src=\"https:\/\/nackenheim-im-nationalsozialismus.de\/wp-content\/uploads\/2021\/07\/Luvi-und-Maria-Heumann.jpg\" class=\"wp-image-392 vp-lazyload\" alt srcset=\"data:image\/svg+xml;base64,PHN2ZyB3aWR0aD0iMTc2MCIgaGVpZ2h0PSIxNTA0IiB2aWV3Qm94PSIwIDAgMTc2MCAxNTA0IiBmaWxsPSJub25lIiB4bWxucz0iaHR0cDovL3d3dy53My5vcmcvMjAwMC9zdmciPjwvc3ZnPg==\" data-src=\"https:\/\/nackenheim-im-nationalsozialismus.de\/wp-content\/uploads\/2021\/07\/Luvi-und-Maria-Heumann.jpg\" data-srcset=\"https:\/\/nackenheim-im-nationalsozialismus.de\/wp-content\/uploads\/2021\/07\/Luvi-und-Maria-Heumann.jpg 1760w, https:\/\/nackenheim-im-nationalsozialismus.de\/wp-content\/uploads\/2021\/07\/Luvi-und-Maria-Heumann-300x256.jpg 300w, https:\/\/nackenheim-im-nationalsozialismus.de\/wp-content\/uploads\/2021\/07\/Luvi-und-Maria-Heumann-1024x875.jpg 1024w, https:\/\/nackenheim-im-nationalsozialismus.de\/wp-content\/uploads\/2021\/07\/Luvi-und-Maria-Heumann-768x656.jpg 768w, https:\/\/nackenheim-im-nationalsozialismus.de\/wp-content\/uploads\/2021\/07\/Luvi-und-Maria-Heumann-1536x1313.jpg 1536w, https:\/\/nackenheim-im-nationalsozialismus.de\/wp-content\/uploads\/2021\/07\/Luvi-und-Maria-Heumann-500x427.jpg 500w, https:\/\/nackenheim-im-nationalsozialismus.de\/wp-content\/uploads\/2021\/07\/Luvi-und-Maria-Heumann-800x684.jpg 800w, https:\/\/nackenheim-im-nationalsozialismus.de\/wp-content\/uploads\/2021\/07\/Luvi-und-Maria-Heumann-1280x1094.jpg 1280w, https:\/\/nackenheim-im-nationalsozialismus.de\/wp-content\/uploads\/2021\/07\/Luvi-und-Maria-Heumann-1200x1025.jpg 1200w\" data-sizes=\"auto\" loading=\"eager\">\n\t\t\t<\/div>\n<\/div>\n\t<figcaption class=\"vp-portfolio__item-overlay vp-portfolio__item-overlay-text-align-center\">\n\t\t<div class=\"vp-portfolio__item-meta-wrap vp-portfolio__custom-scrollbar\">\n\t\t\t\t<span\t\t class=\"vp-portfolio__item-meta\" \t>\n\t\n<h2 class=\"vp-portfolio__item-meta-title\">\n\tLudwig und Maria Heumann auf einer Aufnahme von 1969; Originalaufschrift: &#8222;Von Lieben zu Lieben&#8220;<\/h2>\n\n<div class=\"vp-portfolio__item-meta-excerpt\">\n\t<div>\n\t\tSammlung: H. Kasper; Originalbild: P. Kamp\t<\/div>\n<\/div>\n<\/span>\t\t<\/div>\n\t<\/figcaption>\n\t\t\t<\/figure>\n\t\t\t\t\t<\/div>\n\t\t\n\t\t<div\t\tclass=\"vp-portfolio__item-wrap vp-portfolio__item-uid-8ebb4cdd\" data-vp-filter=\"\" \t\t>\n\t\t\t\t\t\t\t\t\t<figure class=\"vp-portfolio__item\">\n\t\t\t\t\n<div class=\"vp-portfolio__item-img-wrap\">\n\t<div class=\"vp-portfolio__item-img\">\n\t\t\n\t\t<noscript><img loading=\"lazy\" decoding=\"async\" width=\"1792\" height=\"1216\" data-skip-lazy src=\"https:\/\/nackenheim-im-nationalsozialismus.de\/wp-content\/uploads\/2021\/07\/Familie-Heumann-im-Jahr-1957.jpg\" class=\"wp-image-335\" alt=\"\" srcset=\"https:\/\/nackenheim-im-nationalsozialismus.de\/wp-content\/uploads\/2021\/07\/Familie-Heumann-im-Jahr-1957.jpg 1792w, https:\/\/nackenheim-im-nationalsozialismus.de\/wp-content\/uploads\/2021\/07\/Familie-Heumann-im-Jahr-1957-300x204.jpg 300w, https:\/\/nackenheim-im-nationalsozialismus.de\/wp-content\/uploads\/2021\/07\/Familie-Heumann-im-Jahr-1957-1024x695.jpg 1024w, https:\/\/nackenheim-im-nationalsozialismus.de\/wp-content\/uploads\/2021\/07\/Familie-Heumann-im-Jahr-1957-768x521.jpg 768w, https:\/\/nackenheim-im-nationalsozialismus.de\/wp-content\/uploads\/2021\/07\/Familie-Heumann-im-Jahr-1957-1536x1042.jpg 1536w, https:\/\/nackenheim-im-nationalsozialismus.de\/wp-content\/uploads\/2021\/07\/Familie-Heumann-im-Jahr-1957-1200x814.jpg 1200w\" sizes=\"(max-width: 1792px) 100vw, 1792px\" \/><\/noscript><img decoding=\"async\" width=\"1792\" height=\"1216\" src=\"https:\/\/nackenheim-im-nationalsozialismus.de\/wp-content\/uploads\/2021\/07\/Familie-Heumann-im-Jahr-1957.jpg\" class=\"wp-image-335 vp-lazyload\" alt srcset=\"data:image\/svg+xml;base64,PHN2ZyB3aWR0aD0iMTc5MiIgaGVpZ2h0PSIxMjE2IiB2aWV3Qm94PSIwIDAgMTc5MiAxMjE2IiBmaWxsPSJub25lIiB4bWxucz0iaHR0cDovL3d3dy53My5vcmcvMjAwMC9zdmciPjwvc3ZnPg==\" data-src=\"https:\/\/nackenheim-im-nationalsozialismus.de\/wp-content\/uploads\/2021\/07\/Familie-Heumann-im-Jahr-1957.jpg\" data-srcset=\"https:\/\/nackenheim-im-nationalsozialismus.de\/wp-content\/uploads\/2021\/07\/Familie-Heumann-im-Jahr-1957.jpg 1792w, https:\/\/nackenheim-im-nationalsozialismus.de\/wp-content\/uploads\/2021\/07\/Familie-Heumann-im-Jahr-1957-300x204.jpg 300w, https:\/\/nackenheim-im-nationalsozialismus.de\/wp-content\/uploads\/2021\/07\/Familie-Heumann-im-Jahr-1957-1024x695.jpg 1024w, https:\/\/nackenheim-im-nationalsozialismus.de\/wp-content\/uploads\/2021\/07\/Familie-Heumann-im-Jahr-1957-768x521.jpg 768w, https:\/\/nackenheim-im-nationalsozialismus.de\/wp-content\/uploads\/2021\/07\/Familie-Heumann-im-Jahr-1957-1536x1042.jpg 1536w, https:\/\/nackenheim-im-nationalsozialismus.de\/wp-content\/uploads\/2021\/07\/Familie-Heumann-im-Jahr-1957-1200x814.jpg 1200w\" data-sizes=\"auto\" loading=\"eager\">\n\t\t\t<\/div>\n<\/div>\n\t<figcaption class=\"vp-portfolio__item-overlay vp-portfolio__item-overlay-text-align-center\">\n\t\t<div class=\"vp-portfolio__item-meta-wrap vp-portfolio__custom-scrollbar\">\n\t\t\t\t<span\t\t class=\"vp-portfolio__item-meta\" \t>\n\t\n<h2 class=\"vp-portfolio__item-meta-title\">\n\tFamilie Heumann auf einer Familienfeier im September 1957 in den USA<\/h2>\n\n<div class=\"vp-portfolio__item-meta-excerpt\">\n\t<div>\n\t\tSammlung: H. Kasper; Originalbild: E. &amp; W. Lenz\t<\/div>\n<\/div>\n<\/span>\t\t<\/div>\n\t<\/figcaption>\n\t\t\t<\/figure>\n\t\t\t\t\t<\/div>\n\t\t\n<\/div>\n\t\t<\/div>\n\t\t\n<\/div>\n<\/div><\/div><\/div>\n\n\n\n<p>Ein Jugendfreund der Heumanns und Zeitzeuge berichtete im Jahr 2021, dass das Gesch\u00e4ft der Heumanns in Nackenheim demoliert wurde. W\u00e4hrenddessen musste sich die Familie unter dem Bett des Zeugen verstecken, der zur damaligen Zeit noch im Kindesalter war. Es gibt keine Quellen, wie etwa Zeitungen, die \u00fcber diesen Vorfall berichten, woraus sich schlie\u00dfen l\u00e4sst, dass er geheim gehalten wurde. Wir haben die Gedanken aus Sicht des Zeugen dazu <strong>interpretiert<\/strong>:<\/p>\n\n\n\n<figure class=\"wp-block-audio aligncenter\"><audio controls src=\"https:\/\/nackenheim-im-nationalsozialismus.de\/wp-content\/uploads\/2021\/11\/Jugendfreund-online-audio-converter.com_.mp3\"><\/audio><figcaption>Fiktive, szenische Lesung zur Verfolgung der Familie Heumann in Nackenheim von Sch\u00fcler:innen der MSS11<\/figcaption><\/figure>\n\n\n\n<hr class=\"wp-block-separator is-style-default\"\/>\n\n\n\n<div class=\"wp-block-image\"><figure class=\"aligncenter size-large\"><img loading=\"lazy\" decoding=\"async\" width=\"783\" height=\"1024\" src=\"https:\/\/nackenheim-im-nationalsozialismus.de\/wp-content\/uploads\/2021\/11\/Ehemaliges-Wohnhaus-Familie-Heumann-783x1024.jpg\" alt=\"\" class=\"wp-image-1601\" srcset=\"https:\/\/nackenheim-im-nationalsozialismus.de\/wp-content\/uploads\/2021\/11\/Ehemaliges-Wohnhaus-Familie-Heumann-783x1024.jpg 783w, https:\/\/nackenheim-im-nationalsozialismus.de\/wp-content\/uploads\/2021\/11\/Ehemaliges-Wohnhaus-Familie-Heumann-229x300.jpg 229w, https:\/\/nackenheim-im-nationalsozialismus.de\/wp-content\/uploads\/2021\/11\/Ehemaliges-Wohnhaus-Familie-Heumann-768x1005.jpg 768w, https:\/\/nackenheim-im-nationalsozialismus.de\/wp-content\/uploads\/2021\/11\/Ehemaliges-Wohnhaus-Familie-Heumann-1174x1536.jpg 1174w, https:\/\/nackenheim-im-nationalsozialismus.de\/wp-content\/uploads\/2021\/11\/Ehemaliges-Wohnhaus-Familie-Heumann-1565x2048.jpg 1565w, https:\/\/nackenheim-im-nationalsozialismus.de\/wp-content\/uploads\/2021\/11\/Ehemaliges-Wohnhaus-Familie-Heumann-500x654.jpg 500w, https:\/\/nackenheim-im-nationalsozialismus.de\/wp-content\/uploads\/2021\/11\/Ehemaliges-Wohnhaus-Familie-Heumann-800x1047.jpg 800w, https:\/\/nackenheim-im-nationalsozialismus.de\/wp-content\/uploads\/2021\/11\/Ehemaliges-Wohnhaus-Familie-Heumann-1280x1675.jpg 1280w, https:\/\/nackenheim-im-nationalsozialismus.de\/wp-content\/uploads\/2021\/11\/Ehemaliges-Wohnhaus-Familie-Heumann-1920x2512.jpg 1920w, https:\/\/nackenheim-im-nationalsozialismus.de\/wp-content\/uploads\/2021\/11\/Ehemaliges-Wohnhaus-Familie-Heumann-1200x1570.jpg 1200w, https:\/\/nackenheim-im-nationalsozialismus.de\/wp-content\/uploads\/2021\/11\/Ehemaliges-Wohnhaus-Familie-Heumann-1980x2591.jpg 1980w, https:\/\/nackenheim-im-nationalsozialismus.de\/wp-content\/uploads\/2021\/11\/Ehemaliges-Wohnhaus-Familie-Heumann-scaled.jpg 1956w\" sizes=\"(max-width: 783px) 100vw, 783px\" \/><figcaption><strong>Das ehemalige Wohnhaus der Familie Heumann in der Mainzer Stra\u00dfe 6 auf einer aktuellen Aufnahme<\/strong> (Bild: privat)<\/figcaption><\/figure><\/div>\n\n\n\n<hr class=\"wp-block-separator\"\/>\n\n\n\n<div class=\"wp-block-image\"><figure class=\"aligncenter size-large\"><img loading=\"lazy\" decoding=\"async\" width=\"818\" height=\"1024\" src=\"https:\/\/nackenheim-im-nationalsozialismus.de\/wp-content\/uploads\/2021\/11\/Bildschirmfoto-2021-11-01-um-09.01.09-818x1024.png\" alt=\"\" class=\"wp-image-1333\" srcset=\"https:\/\/nackenheim-im-nationalsozialismus.de\/wp-content\/uploads\/2021\/11\/Bildschirmfoto-2021-11-01-um-09.01.09-818x1024.png 818w, https:\/\/nackenheim-im-nationalsozialismus.de\/wp-content\/uploads\/2021\/11\/Bildschirmfoto-2021-11-01-um-09.01.09-240x300.png 240w, https:\/\/nackenheim-im-nationalsozialismus.de\/wp-content\/uploads\/2021\/11\/Bildschirmfoto-2021-11-01-um-09.01.09-768x962.png 768w, https:\/\/nackenheim-im-nationalsozialismus.de\/wp-content\/uploads\/2021\/11\/Bildschirmfoto-2021-11-01-um-09.01.09-1227x1536.png 1227w, https:\/\/nackenheim-im-nationalsozialismus.de\/wp-content\/uploads\/2021\/11\/Bildschirmfoto-2021-11-01-um-09.01.09-500x626.png 500w, https:\/\/nackenheim-im-nationalsozialismus.de\/wp-content\/uploads\/2021\/11\/Bildschirmfoto-2021-11-01-um-09.01.09-800x1002.png 800w, https:\/\/nackenheim-im-nationalsozialismus.de\/wp-content\/uploads\/2021\/11\/Bildschirmfoto-2021-11-01-um-09.01.09-1200x1503.png 1200w, https:\/\/nackenheim-im-nationalsozialismus.de\/wp-content\/uploads\/2021\/11\/Bildschirmfoto-2021-11-01-um-09.01.09.png 1233w\" sizes=\"(max-width: 818px) 100vw, 818px\" \/><figcaption><strong>Quelle:<\/strong> LA Sp. Best. U199, 20<\/figcaption><\/figure><\/div>\n\n\n\n<p>Dies ist ein vertonter Brief des Nackenheimer B\u00fcrgermeisters bez\u00fcglich des Hausverkaufs der Heumanns, der von uns mit einer <strong>fiktiven <\/strong>Stellungnahme aus der Sicht Ludwig Heumanns erg\u00e4nzt wurde:<\/p>\n\n\n\n<figure class=\"wp-block-audio\"><audio controls src=\"https:\/\/nackenheim-im-nationalsozialismus.de\/wp-content\/uploads\/2021\/11\/Hausverkauf_Heumann.mp3\"><\/audio><figcaption>Szenische Quellenlesung mit fiktiver Rahmung zum Hausverkauf der Familie Heumann von Sch\u00fcler:innen der MSS11<\/figcaption><\/figure>\n\n\n\n<h4 class=\"wp-block-heading\" id=\"fazit\"><strong>Fazit<\/strong><\/h4>\n\n\n\n<p><strong>Wie erlebten Nackenheimer:innen die Zeit des Nationalsozialismus?<\/strong><br><br>Die Familie Heumann erlebte die Zeit des Nationalsozialismus als einschneidendes Erlebnis. Nicht, dass ihnen nur ihre Lebensgrundlagen (das Gesch\u00e4ft) genommen wurden, man hat sie denunziert und verfolgt, sodass sie keine andere M\u00f6glichkeit sahen, als zu fliehen. Selbst ein Jahr nach der Flucht, hat die Gestapo sich noch mit ihnen besch\u00e4ftigt, sie gesucht, und ihnen ihre deutsche Staatsangeh\u00f6rigkeit entzogen, obwohl sie sich l\u00e4ngst auf einem anderen Kontinent befanden.<\/p>\n\n\n\n<p class=\"has-secondary-color has-text-color\"><strong>Ein Gedenkkonzept, das die Erinnerung an die Familie Heumann im \u00f6ffentlichen Raum verankern m\u00f6chte, findet sich unter \u201e<a rel=\"noreferrer noopener\" href=\"https:\/\/nackenheim-im-nationalsozialismus.de\/?page_id=143\" target=\"_blank\">Leerstellen\u201c<\/a>.<\/strong><\/p>\n\n\n\n<hr class=\"wp-block-separator\"\/>\n\n\n\n<p>In den 1957 und 1958 gestellten Antr\u00e4gen auf Wiedergutmachung von Frieda und Luvi Heumann finden sich folgende Berichte:<\/p>\n\n\n\n<div class=\"wp-block-image\"><figure class=\"aligncenter size-large\"><img loading=\"lazy\" decoding=\"async\" width=\"677\" height=\"1024\" src=\"https:\/\/nackenheim-im-nationalsozialismus.de\/wp-content\/uploads\/2021\/12\/Friede-Reich-677x1024.png\" alt=\"\" class=\"wp-image-1861\" srcset=\"https:\/\/nackenheim-im-nationalsozialismus.de\/wp-content\/uploads\/2021\/12\/Friede-Reich-677x1024.png 677w, https:\/\/nackenheim-im-nationalsozialismus.de\/wp-content\/uploads\/2021\/12\/Friede-Reich-198x300.png 198w, https:\/\/nackenheim-im-nationalsozialismus.de\/wp-content\/uploads\/2021\/12\/Friede-Reich-768x1161.png 768w, https:\/\/nackenheim-im-nationalsozialismus.de\/wp-content\/uploads\/2021\/12\/Friede-Reich-500x756.png 500w, https:\/\/nackenheim-im-nationalsozialismus.de\/wp-content\/uploads\/2021\/12\/Friede-Reich-800x1209.png 800w, https:\/\/nackenheim-im-nationalsozialismus.de\/wp-content\/uploads\/2021\/12\/Friede-Reich.png 1003w\" sizes=\"(max-width: 677px) 100vw, 677px\" \/><figcaption><strong>Quelle:&nbsp;<\/strong>Landesamt f\u00fcr Finanzen, Amt f\u00fcr Wiedergutmachung. AZ: VA 186912. Die Tilgungen wurden vom Amt f\u00fcr Wiedergutmachung vorgenommen.<\/figcaption><\/figure><\/div>\n\n\n\n<div class=\"wp-block-image\"><figure class=\"aligncenter size-large\"><img loading=\"lazy\" decoding=\"async\" width=\"620\" height=\"1024\" src=\"https:\/\/nackenheim-im-nationalsozialismus.de\/wp-content\/uploads\/2021\/12\/Luvi-Heumann-620x1024.png\" alt=\"\" class=\"wp-image-1854\" srcset=\"https:\/\/nackenheim-im-nationalsozialismus.de\/wp-content\/uploads\/2021\/12\/Luvi-Heumann-620x1024.png 620w, https:\/\/nackenheim-im-nationalsozialismus.de\/wp-content\/uploads\/2021\/12\/Luvi-Heumann-182x300.png 182w, https:\/\/nackenheim-im-nationalsozialismus.de\/wp-content\/uploads\/2021\/12\/Luvi-Heumann-768x1269.png 768w, https:\/\/nackenheim-im-nationalsozialismus.de\/wp-content\/uploads\/2021\/12\/Luvi-Heumann-930x1536.png 930w, https:\/\/nackenheim-im-nationalsozialismus.de\/wp-content\/uploads\/2021\/12\/Luvi-Heumann-500x826.png 500w, https:\/\/nackenheim-im-nationalsozialismus.de\/wp-content\/uploads\/2021\/12\/Luvi-Heumann-800x1322.png 800w, https:\/\/nackenheim-im-nationalsozialismus.de\/wp-content\/uploads\/2021\/12\/Luvi-Heumann.png 1020w\" sizes=\"(max-width: 620px) 100vw, 620px\" \/><figcaption><strong>Quelle:&nbsp;<\/strong>Landesamt f\u00fcr Finanzen, Amt f\u00fcr Wiedergutmachung. AZ: VA 173934. Die Tilgungen wurden vom Amt f\u00fcr Wiedergutmachung vorgenommen.<\/figcaption><\/figure><\/div>\n\n\n\n<p><\/p>\n\n\n\n<p>Ein Bild des Grabsteins der Familie Heumann in New Jersey kann \u00fcber folgenden <a rel=\"noreferrer noopener\" href=\"https:\/\/de.findagrave.com\/memorial\/216295396\/luvi-heumann\" target=\"_blank\">Link<\/a> eingesehen werden. Auch ist die <a rel=\"noreferrer noopener\" href=\"https:\/\/www.public-juling.de\/passagierlisten\/listen.php?ArchivIdent=AIII15-29.10.1938-3_N&amp;pass=Heumann&amp;abreisehafen=Bremen&amp;ankunftshafen=New%20York&amp;ID=666656&amp;lang=de\" target=\"_blank\">Passagierliste der Europa<\/a> im Jahr 1938 online einsehbar. Wir danken dem Ortsmuseum f\u00fcr diesen Hinweis.<\/p>\n\n\n\n<p><strong>Quellen: <\/strong><\/p>\n\n\n\n<ul><li>LA Sp. Best. U199, 9\/19\/20<\/li><li>Landesamt f\u00fcr Finanzen, Amt f\u00fcr Wiedergutmachung; <br>AZ: VA 173934; 186912.<\/li><li>Zeitzeugenberichte aus Nackenheim<\/li><li>Wolff, Raymond; Graf, Martina; Graf, Hans-Dieter, Berkessel, Hans: \u201eSchreie auf Papier\u201c. Oppenheim 2021.<\/li><\/ul>\n","protected":false},"excerpt":{"rendered":"<p>Ein Beitrag von Sch\u00fcler:innen der MSS11 Familie Heumann war eine j\u00fcdische Familie aus Nackenheim, die w\u00e4hrend der Zeit des Nationalsozialismus unter Antisemitismus und Verfolgung litt. Neben Denunziationen, der Entziehung des Wandergewerbescheins Ludwig, sp\u00e4ter Luvi Heumanns und schlie\u00dflich auch des Gewerbescheins, musste Familie Heumann noch Weiteres erdulden, bis sie 1938 schlie\u00dflich die Flucht in die USA [&hellip;]<\/p>\n","protected":false},"author":1,"featured_media":0,"parent":0,"menu_order":0,"comment_status":"closed","ping_status":"closed","template":"","meta":{"_vp_format_video_url":"","_vp_image_focal_point":[],"footnotes":""},"_links":{"self":[{"href":"https:\/\/nackenheim-im-nationalsozialismus.de\/index.php?rest_route=\/wp\/v2\/pages\/327"}],"collection":[{"href":"https:\/\/nackenheim-im-nationalsozialismus.de\/index.php?rest_route=\/wp\/v2\/pages"}],"about":[{"href":"https:\/\/nackenheim-im-nationalsozialismus.de\/index.php?rest_route=\/wp\/v2\/types\/page"}],"author":[{"embeddable":true,"href":"https:\/\/nackenheim-im-nationalsozialismus.de\/index.php?rest_route=\/wp\/v2\/users\/1"}],"replies":[{"embeddable":true,"href":"https:\/\/nackenheim-im-nationalsozialismus.de\/index.php?rest_route=%2Fwp%2Fv2%2Fcomments&post=327"}],"version-history":[{"count":45,"href":"https:\/\/nackenheim-im-nationalsozialismus.de\/index.php?rest_route=\/wp\/v2\/pages\/327\/revisions"}],"predecessor-version":[{"id":2173,"href":"https:\/\/nackenheim-im-nationalsozialismus.de\/index.php?rest_route=\/wp\/v2\/pages\/327\/revisions\/2173"}],"wp:attachment":[{"href":"https:\/\/nackenheim-im-nationalsozialismus.de\/index.php?rest_route=%2Fwp%2Fv2%2Fmedia&parent=327"}],"curies":[{"name":"wp","href":"https:\/\/api.w.org\/{rel}","templated":true}]}}