{"id":346,"date":"2021-07-15T15:00:12","date_gmt":"2021-07-15T15:00:12","guid":{"rendered":"https:\/\/nackenheim-im-nationalsozialismus.de\/?page_id=346"},"modified":"2022-03-06T10:00:31","modified_gmt":"2022-03-06T10:00:31","slug":"katharina-truedot","status":"publish","type":"page","link":"https:\/\/nackenheim-im-nationalsozialismus.de\/?page_id=346","title":{"rendered":"Katharina Tr\u00fcdot"},"content":{"rendered":"\n<p class=\"has-text-align-center has-accent-color has-text-color\"><strong>Ein Beitrag von Sch\u00fcler:innen der MSS11<\/strong><\/p>\n\n\n\n<figure class=\"wp-block-image size-large\"><img loading=\"lazy\" decoding=\"async\" width=\"1024\" height=\"439\" src=\"https:\/\/nackenheim-im-nationalsozialismus.de\/wp-content\/uploads\/2021\/11\/Landskrone-11.08.1933-truedot_1-1024x439.jpg\" alt=\"\" class=\"wp-image-1381\" srcset=\"https:\/\/nackenheim-im-nationalsozialismus.de\/wp-content\/uploads\/2021\/11\/Landskrone-11.08.1933-truedot_1-1024x439.jpg 1024w, https:\/\/nackenheim-im-nationalsozialismus.de\/wp-content\/uploads\/2021\/11\/Landskrone-11.08.1933-truedot_1-300x129.jpg 300w, https:\/\/nackenheim-im-nationalsozialismus.de\/wp-content\/uploads\/2021\/11\/Landskrone-11.08.1933-truedot_1-768x329.jpg 768w, https:\/\/nackenheim-im-nationalsozialismus.de\/wp-content\/uploads\/2021\/11\/Landskrone-11.08.1933-truedot_1-1536x658.jpg 1536w, https:\/\/nackenheim-im-nationalsozialismus.de\/wp-content\/uploads\/2021\/11\/Landskrone-11.08.1933-truedot_1-500x214.jpg 500w, https:\/\/nackenheim-im-nationalsozialismus.de\/wp-content\/uploads\/2021\/11\/Landskrone-11.08.1933-truedot_1-800x343.jpg 800w, https:\/\/nackenheim-im-nationalsozialismus.de\/wp-content\/uploads\/2021\/11\/Landskrone-11.08.1933-truedot_1-1280x549.jpg 1280w, https:\/\/nackenheim-im-nationalsozialismus.de\/wp-content\/uploads\/2021\/11\/Landskrone-11.08.1933-truedot_1-1200x514.jpg 1200w, https:\/\/nackenheim-im-nationalsozialismus.de\/wp-content\/uploads\/2021\/11\/Landskrone-11.08.1933-truedot_1.jpg 1568w\" sizes=\"(max-width: 1024px) 100vw, 1024px\" \/><figcaption> Q<strong>uelle:<\/strong> Oppenheimer Landskrone vom 11. August 1933<\/figcaption><\/figure>\n\n\n\n<p class=\"has-drop-cap\">Katharina Tr\u00fcdot war eine Nackenheimerin mit franz\u00f6sischen Wurzeln, die am 23.10.1884 geboren wurde und in Nackenheim lebte. Sie arbeitete 25 Jahre lang bei der Firma Br\u00fchl und Schreiner und wurde daf\u00fcr von der Industrie- und Handelskammer Mainz mit einer Ehrenurkunde ausgezeichnet. Diese Art der positiven Presse f\u00fcr Tr\u00fcdot war nur zu Beginn der NS-Herrschaft m\u00f6glich und w\u00e4re eventuell zu einem sp\u00e4teren Zeitpunkt nicht mehr m\u00f6glich gewesen.<\/p>\n\n\n\n<figure class=\"wp-block-image size-large\"><img loading=\"lazy\" decoding=\"async\" width=\"724\" height=\"1024\" src=\"https:\/\/nackenheim-im-nationalsozialismus.de\/wp-content\/uploads\/2021\/12\/Bildschirmfoto-2021-12-30-um-12.38.59-724x1024.png\" alt=\"\" class=\"wp-image-1957\" srcset=\"https:\/\/nackenheim-im-nationalsozialismus.de\/wp-content\/uploads\/2021\/12\/Bildschirmfoto-2021-12-30-um-12.38.59-724x1024.png 724w, https:\/\/nackenheim-im-nationalsozialismus.de\/wp-content\/uploads\/2021\/12\/Bildschirmfoto-2021-12-30-um-12.38.59-212x300.png 212w, https:\/\/nackenheim-im-nationalsozialismus.de\/wp-content\/uploads\/2021\/12\/Bildschirmfoto-2021-12-30-um-12.38.59-768x1086.png 768w, https:\/\/nackenheim-im-nationalsozialismus.de\/wp-content\/uploads\/2021\/12\/Bildschirmfoto-2021-12-30-um-12.38.59-500x707.png 500w, https:\/\/nackenheim-im-nationalsozialismus.de\/wp-content\/uploads\/2021\/12\/Bildschirmfoto-2021-12-30-um-12.38.59-800x1131.png 800w, https:\/\/nackenheim-im-nationalsozialismus.de\/wp-content\/uploads\/2021\/12\/Bildschirmfoto-2021-12-30-um-12.38.59.png 1041w\" sizes=\"(max-width: 724px) 100vw, 724px\" \/><figcaption>Erster Antrag zur Ausstellung des Reispasses; <br><strong>Quelle<\/strong>: LA Sp. Best U199, 20.<\/figcaption><\/figure>\n\n\n\n<p>1933 wurde ihr Reisepass eingezogen, woraufhin ihre bei ihr wohnende Nichte 1934 ebenfalls einen Antrag zur Ausstellung eines Reisepasses stellte, der aber vom B\u00fcrgermeister Nackenheims abgelehnt wurde, weil die Gemeinde bef\u00fcrchtete, dass sie von ihrer Tante beeinflusst sei und diese in Frankreich gegen die NSDAP hetzen k\u00f6nne. Katharina Tr\u00fcdot war die F\u00fchrerin der katholischen Jungfrauen Nackenheims, die nach strengem Glauben lebten und sich f\u00fcr die Werte der katholischen Kirche einsetzen. Au\u00dferdem zeigte sie sich laut des Nackenheimer B\u00fcrgermeisters angeblich \u00f6ffentlich gegen\u00fcber der NSDAP abwertend. Er schrieb, Katharina Tr\u00fcdot zeige \u201e<em>sich sonst in jeglichen Beziehungen geh\u00e4\u00dfig<\/em> [der] <em>N.S.D.A.P.<\/em>  [gegen\u00fcber]\u201c.<\/p>\n\n\n\n<figure class=\"wp-block-image size-large\"><img loading=\"lazy\" decoding=\"async\" width=\"872\" height=\"1024\" src=\"https:\/\/nackenheim-im-nationalsozialismus.de\/wp-content\/uploads\/2021\/11\/Bildschirmfoto-2021-11-01-um-15.02.08-872x1024.png\" alt=\"\" class=\"wp-image-1382\" srcset=\"https:\/\/nackenheim-im-nationalsozialismus.de\/wp-content\/uploads\/2021\/11\/Bildschirmfoto-2021-11-01-um-15.02.08-872x1024.png 872w, https:\/\/nackenheim-im-nationalsozialismus.de\/wp-content\/uploads\/2021\/11\/Bildschirmfoto-2021-11-01-um-15.02.08-256x300.png 256w, https:\/\/nackenheim-im-nationalsozialismus.de\/wp-content\/uploads\/2021\/11\/Bildschirmfoto-2021-11-01-um-15.02.08-768x902.png 768w, https:\/\/nackenheim-im-nationalsozialismus.de\/wp-content\/uploads\/2021\/11\/Bildschirmfoto-2021-11-01-um-15.02.08-500x587.png 500w, https:\/\/nackenheim-im-nationalsozialismus.de\/wp-content\/uploads\/2021\/11\/Bildschirmfoto-2021-11-01-um-15.02.08-800x939.png 800w, https:\/\/nackenheim-im-nationalsozialismus.de\/wp-content\/uploads\/2021\/11\/Bildschirmfoto-2021-11-01-um-15.02.08.png 1109w\" sizes=\"(max-width: 872px) 100vw, 872px\" \/><figcaption>Erneute Verweigerung der Reisepassr\u00fcckgabe;<strong> Quelle<\/strong>: LA Sp. Best U199, 20.<\/figcaption><\/figure>\n\n\n\n<p>1939 stellte Katharina Tr\u00fcdot einen erneuten Antrag f\u00fcr die Ausstellung ihres Reisepasses. Dieser wurde aber wiederum abgelehnt. Der B\u00fcrgermeister Nackenheims schrieb, dass es keine Bedenken wegen Steuerhinterziehung oder Steuerflucht gebe, sondern mehr ihre antinationalistische Einstellung der Grund daf\u00fcr sei. Es w\u00fcrde bef\u00fcrchtet, dass sie im Ausland das \u201eDritte Reich\u201c schlecht reden w\u00fcrde, da sie eine Hauptfanatikerin ihrer Weltanschauung ist. Wortw\u00f6rtlich war in einem Schreiben zu lesen: <em>\u201eIch bef\u00fcrchte, dass von derselben im Auslande nichts Gutes \u00fcber das dritte Reich verbreitet wird, weshalb<\/em> [\u2026] <em>der Reisepass versagt wird.<\/em>\u201c<\/p>\n\n\n\n<blockquote class=\"wp-block-quote is-layout-flow wp-block-quote-is-layout-flow\"><p><em>Obwohl Katharina Tr\u00fcdot bereits 1934 von den Nationalsozialisten als&nbsp;\u201eM\u00e4rtyrer\u201c und&nbsp;\u201egeh\u00e4\u00dfig gegen die N.S.D.A.P.\u201c beschrieben wurde, war sie offenbar kein Ziel gr\u00f6\u00dferer Repressionen, die \u00fcber die Verweigerung eines Reisepasses hinausgingen und <\/em>[das]<em> erh\u00e4rtet so den Befund der Koexistenz von Nationalsozialisten und deren Gegnern in Nackenheim.<\/em><\/p><cite>zit. n. Bick, Henri: <em>Die Gemeinde Nackenheim im &#8222;Dritten Reich&#8220;<\/em>, unver\u00f6ffentlichte Bachelorarbeit, eingereicht am Historischen Seminar der JGU Mainz, 2014, S. 33.<\/cite><\/blockquote>\n\n\n\n<p>Katharina Tr\u00fcdot war eine Bekannte der <a rel=\"noreferrer noopener\" href=\"https:\/\/nackenheim-im-nationalsozialismus.de\/?page_id=323\" data-type=\"page\" data-id=\"323\" target=\"_blank\">Familie Wolff<\/a>. Bevor das Ehepaar Heinrich und Selma Wolff 1942 aus Mainz in das Ghetto Piaski deportiert wurden \u00fcbergaben sie ihre Eheringe an Katharina Tr\u00fcdot, die diese nach dem Krieg an die Kinder der Familie Wolff, Helmut und Herbert, die in die USA ausgewandert waren, wieder zur\u00fcckgab.<\/p>\n\n\n\n<h5 class=\"wp-block-heading\">Briefkontakt zwischen Katharina Tr\u00fcdot, Helmut und Elfrieda Wolff nach 1945<\/h5>\n\n\n\n<p class=\"has-drop-cap\">Katharina Tr\u00fcdot f\u00fchrte nach Ende des Zweiten Weltkrieges Briefkontakt mit Helmut Wolff und seiner Frau Elfrieda. In den Briefen berichtete sie auch \u00fcber ihre Wahrnehmungen der Nachkriegszeit in Nackenheim. <\/p>\n\n\n\n<figure class=\"wp-block-image size-large\"><img loading=\"lazy\" decoding=\"async\" width=\"1024\" height=\"732\" src=\"https:\/\/nackenheim-im-nationalsozialismus.de\/wp-content\/uploads\/2022\/03\/195-Brief-K.-Trudot-1951-1-_BriefumschlagVorderseite-1024x732.jpg\" alt=\"\" class=\"wp-image-2303\" srcset=\"https:\/\/nackenheim-im-nationalsozialismus.de\/wp-content\/uploads\/2022\/03\/195-Brief-K.-Trudot-1951-1-_BriefumschlagVorderseite-1024x732.jpg 1024w, https:\/\/nackenheim-im-nationalsozialismus.de\/wp-content\/uploads\/2022\/03\/195-Brief-K.-Trudot-1951-1-_BriefumschlagVorderseite-300x214.jpg 300w, https:\/\/nackenheim-im-nationalsozialismus.de\/wp-content\/uploads\/2022\/03\/195-Brief-K.-Trudot-1951-1-_BriefumschlagVorderseite-768x549.jpg 768w, https:\/\/nackenheim-im-nationalsozialismus.de\/wp-content\/uploads\/2022\/03\/195-Brief-K.-Trudot-1951-1-_BriefumschlagVorderseite-1536x1098.jpg 1536w, https:\/\/nackenheim-im-nationalsozialismus.de\/wp-content\/uploads\/2022\/03\/195-Brief-K.-Trudot-1951-1-_BriefumschlagVorderseite-2048x1464.jpg 2048w, https:\/\/nackenheim-im-nationalsozialismus.de\/wp-content\/uploads\/2022\/03\/195-Brief-K.-Trudot-1951-1-_BriefumschlagVorderseite-500x357.jpg 500w, https:\/\/nackenheim-im-nationalsozialismus.de\/wp-content\/uploads\/2022\/03\/195-Brief-K.-Trudot-1951-1-_BriefumschlagVorderseite-800x572.jpg 800w, https:\/\/nackenheim-im-nationalsozialismus.de\/wp-content\/uploads\/2022\/03\/195-Brief-K.-Trudot-1951-1-_BriefumschlagVorderseite-1280x915.jpg 1280w, https:\/\/nackenheim-im-nationalsozialismus.de\/wp-content\/uploads\/2022\/03\/195-Brief-K.-Trudot-1951-1-_BriefumschlagVorderseite-1920x1373.jpg 1920w, https:\/\/nackenheim-im-nationalsozialismus.de\/wp-content\/uploads\/2022\/03\/195-Brief-K.-Trudot-1951-1-_BriefumschlagVorderseite-1200x858.jpg 1200w, https:\/\/nackenheim-im-nationalsozialismus.de\/wp-content\/uploads\/2022\/03\/195-Brief-K.-Trudot-1951-1-_BriefumschlagVorderseite-1980x1416.jpg 1980w\" sizes=\"(max-width: 1024px) 100vw, 1024px\" \/><figcaption>Quelle: Privatnachlass Raymond Wolffs (gest. im April 2021). Wir danken Martina und Hans-Dieter Graf f\u00fcr die freundliche Erlaubnis, die Dokumente auf der Website abbilden zu d\u00fcrfen. <\/figcaption><\/figure>\n\n\n\n<figure class=\"wp-block-gallery has-nested-images columns-1 wp-block-gallery-1 is-layout-flex wp-block-gallery-is-layout-flex\">\n<figure class=\"wp-block-image size-large\"><img loading=\"lazy\" decoding=\"async\" width=\"1805\" height=\"2560\" data-id=\"2304\" src=\"https:\/\/nackenheim-im-nationalsozialismus.de\/wp-content\/uploads\/2022\/03\/196-Brief-K.-Trudot-1953-2-scaled.jpg\" alt=\"\" class=\"wp-image-2304\" srcset=\"https:\/\/nackenheim-im-nationalsozialismus.de\/wp-content\/uploads\/2022\/03\/196-Brief-K.-Trudot-1953-2-scaled.jpg 1805w, https:\/\/nackenheim-im-nationalsozialismus.de\/wp-content\/uploads\/2022\/03\/196-Brief-K.-Trudot-1953-2-212x300.jpg 212w, https:\/\/nackenheim-im-nationalsozialismus.de\/wp-content\/uploads\/2022\/03\/196-Brief-K.-Trudot-1953-2-722x1024.jpg 722w, https:\/\/nackenheim-im-nationalsozialismus.de\/wp-content\/uploads\/2022\/03\/196-Brief-K.-Trudot-1953-2-768x1089.jpg 768w, https:\/\/nackenheim-im-nationalsozialismus.de\/wp-content\/uploads\/2022\/03\/196-Brief-K.-Trudot-1953-2-1083x1536.jpg 1083w, https:\/\/nackenheim-im-nationalsozialismus.de\/wp-content\/uploads\/2022\/03\/196-Brief-K.-Trudot-1953-2-1444x2048.jpg 1444w, https:\/\/nackenheim-im-nationalsozialismus.de\/wp-content\/uploads\/2022\/03\/196-Brief-K.-Trudot-1953-2-500x709.jpg 500w, https:\/\/nackenheim-im-nationalsozialismus.de\/wp-content\/uploads\/2022\/03\/196-Brief-K.-Trudot-1953-2-800x1135.jpg 800w, https:\/\/nackenheim-im-nationalsozialismus.de\/wp-content\/uploads\/2022\/03\/196-Brief-K.-Trudot-1953-2-1280x1815.jpg 1280w, https:\/\/nackenheim-im-nationalsozialismus.de\/wp-content\/uploads\/2022\/03\/196-Brief-K.-Trudot-1953-2-1920x2723.jpg 1920w, https:\/\/nackenheim-im-nationalsozialismus.de\/wp-content\/uploads\/2022\/03\/196-Brief-K.-Trudot-1953-2-1200x1702.jpg 1200w, https:\/\/nackenheim-im-nationalsozialismus.de\/wp-content\/uploads\/2022\/03\/196-Brief-K.-Trudot-1953-2-1980x2808.jpg 1980w\" sizes=\"(max-width: 1805px) 100vw, 1805px\" \/><figcaption>Seite 1<\/figcaption><\/figure>\n\n\n\n<figure class=\"wp-block-image size-large\"><img loading=\"lazy\" decoding=\"async\" width=\"1823\" height=\"2560\" data-id=\"2305\" src=\"https:\/\/nackenheim-im-nationalsozialismus.de\/wp-content\/uploads\/2022\/03\/196-Brief-K.-Trudot-1953-3-scaled.jpg\" alt=\"\" class=\"wp-image-2305\" srcset=\"https:\/\/nackenheim-im-nationalsozialismus.de\/wp-content\/uploads\/2022\/03\/196-Brief-K.-Trudot-1953-3-scaled.jpg 1823w, https:\/\/nackenheim-im-nationalsozialismus.de\/wp-content\/uploads\/2022\/03\/196-Brief-K.-Trudot-1953-3-214x300.jpg 214w, https:\/\/nackenheim-im-nationalsozialismus.de\/wp-content\/uploads\/2022\/03\/196-Brief-K.-Trudot-1953-3-729x1024.jpg 729w, https:\/\/nackenheim-im-nationalsozialismus.de\/wp-content\/uploads\/2022\/03\/196-Brief-K.-Trudot-1953-3-768x1078.jpg 768w, https:\/\/nackenheim-im-nationalsozialismus.de\/wp-content\/uploads\/2022\/03\/196-Brief-K.-Trudot-1953-3-1094x1536.jpg 1094w, https:\/\/nackenheim-im-nationalsozialismus.de\/wp-content\/uploads\/2022\/03\/196-Brief-K.-Trudot-1953-3-1459x2048.jpg 1459w, https:\/\/nackenheim-im-nationalsozialismus.de\/wp-content\/uploads\/2022\/03\/196-Brief-K.-Trudot-1953-3-500x702.jpg 500w, https:\/\/nackenheim-im-nationalsozialismus.de\/wp-content\/uploads\/2022\/03\/196-Brief-K.-Trudot-1953-3-800x1123.jpg 800w, https:\/\/nackenheim-im-nationalsozialismus.de\/wp-content\/uploads\/2022\/03\/196-Brief-K.-Trudot-1953-3-1280x1797.jpg 1280w, https:\/\/nackenheim-im-nationalsozialismus.de\/wp-content\/uploads\/2022\/03\/196-Brief-K.-Trudot-1953-3-1920x2696.jpg 1920w, https:\/\/nackenheim-im-nationalsozialismus.de\/wp-content\/uploads\/2022\/03\/196-Brief-K.-Trudot-1953-3-1200x1685.jpg 1200w, https:\/\/nackenheim-im-nationalsozialismus.de\/wp-content\/uploads\/2022\/03\/196-Brief-K.-Trudot-1953-3-1980x2780.jpg 1980w\" sizes=\"(max-width: 1823px) 100vw, 1823px\" \/><figcaption>Seite 2<\/figcaption><\/figure>\n<\/figure>\n\n\n\n<h5 class=\"wp-block-heading\">Transkription des Briefes vom 29. M\u00e4rz 1953<\/h5>\n\n\n\n<blockquote class=\"wp-block-quote is-layout-flow wp-block-quote-is-layout-flow\"><p><em>Lieber Helmut u. Frau Elfrieda!<\/em><\/p><p>&nbsp;&nbsp;<em>&nbsp;&nbsp;&nbsp;&nbsp;&nbsp;&nbsp;&nbsp;&nbsp;&nbsp;&nbsp;&nbsp;Als ich Euren lb. Brief vom 21. Febr. \u00f6ffnete u. das sch\u00f6ne Bild von Euren beiden lb. Kindern sah, freute ich mich wirklich von Herzen. Nehmt meinen besten Dank. Ihr k\u00f6nnt recht stolz sein auf Eure Kinderchen, Raymond sitzt da, wie ein kleiner Herr u. die kleine Linda ist ein richtiger Sonnenschein, sie lacht jedem ins Herz, ich k\u00f6nnte das Bildchen immer betrachten.&nbsp;<\/em><\/p><p><em>Vorige Woche erhielt ich auch das P\u00e4ckchen mit der Strickweste, wof\u00fcr ich Euch herzlichen Dank sage. Es ist sehr lieb von Euch, ich habe mich sehr dar\u00fcber gefreut, Ihr h\u00e4ttet das aber nicht tun sollen, denn sooft schon habt Ihr mir in der Notzeit Liebes erwiesen, sodass<\/em><\/p><p>&nbsp;-2-<\/p><p><em>mein kleiner Gegendienst l\u00e4ngst \u00fcberholt ist. Ich bedaure nur, dass ich nicht noch mehr tun konnte, weil Eure lb. Eltern alles angeben (?) mussten. Ich t\u00e4te heute das Gleiche nochmals. Eure lb. Eltern meinten damals, wenn es auch 10 Jahre dauern w\u00fcrde, nun sind [es] 11 Jahre, bis ich mein Versprechen halten konnte<\/em>.<a href=\"applewebdata:\/\/FD5A90DF-1280-4CC1-9A74-14B6A14A44EB#_ftn1\"><sup>[1]<\/sup><\/a>&nbsp;<em>Inzwischen wird Herr Frankenberg bald nach Hause reisen. Wollt Ihr mir eine Nachricht geben, wenn er bei Euch war?&nbsp;<\/em><\/p><p><em>Dass Ihr mit Eurer Farm so sch\u00f6ne Fortschritte macht, ja das macht mir Spa\u00df. Ich w\u00fcnsche Euch noch mehr Gl\u00fcck dazu. Viel Neues ist nicht passiert hier. Die geplante Autoumgehungsstra\u00dfe, von der ich schrieb, soll an dem Rhein entlang gelegt werden. Hatte ich schon geschrieben, dass Fritz Herzog u. bald danach Franz Binz gestorben sind? In dem Gemeindefeld an der R\u00fcckseite vom Schiff wird in die Kappes\u00e4ckern ein gro\u00dfes 6-Familienhaus gebaut. Es gibt eine neue Stra\u00dfe. Nun wei\u00df ich aber nichts mehr. Alles Gute u. nochmals herzl. Dank u. recht liebe Gr\u00fc\u00dfe, auch v.m. Schwester u. K\u00e4the an Euch &amp; Eure lb. Kinder, Eure K. Trudot&nbsp;<\/em><\/p><p><a href=\"applewebdata:\/\/FD5A90DF-1280-4CC1-9A74-14B6A14A44EB#_ftnref1\">[1]<\/a>&nbsp;<em>Versprechen halten konnte: vermutlich spielt K. Trudot hier auf den Wunsch von Selma und Heinrich Wolff an, den sie Anfang 1942 in Kastel bei K. Trudots Besuch ge\u00e4u\u00dfert hatten, K. Trudot solle ihre Eheringe aufbewahren und in einer besseren Zeit entweder ihnen wiedergeben oder den S\u00f6hnen zukommen lassen.&nbsp;<\/em>&nbsp;<\/p><cite>Die vorliegende Transkription wurde von Martina &amp; Hans-Dieter Graf angefertigt. <\/cite><\/blockquote>\n\n\n\n<p><strong>Quellen und Literatur: <\/strong><\/p>\n\n\n\n<ul><li>LA Sp. Best. U199,20<\/li><li>Oppenheimer Landskrone<\/li><li>Bick, Henri:&nbsp;<em>Die Gemeinde Nackenheim im \u201eDritten Reich\u201c<\/em>, unver\u00f6ffentlichte Bachelorarbeit, eingereicht am Historischen Seminar der JGU Mainz, 2014<\/li><li>Wolff, Raymond; Graf, Martina, Graf, Hans-Dieter, Berkessel, Hans: <em>Schreie auf Papier<\/em>. Oppenheim 2021.<\/li><\/ul>\n\n\n\n<p>Wir danken Martina und Hans-Dieter Graf f\u00fcr die Zusendung der im Nachlass Raymond Wolffs erhaltenen Briefe von Katharina Tr\u00fcdot an dessen Eltern Helmut und Elfrieda Wolff. Insgesamt sind zwei Briefe aus den Jahren 1951 und 1953 erhalten sowie eine Karte Margarete Jochems aus dem Jahr 1954, in der Helmut und Elfrieda Wolff vom unerwarteten Tod der &#8222;Tante K\u00e4the&#8220;, vermutlich Katharina Tr\u00fcdots, informiert werden.<\/p>\n","protected":false},"excerpt":{"rendered":"<p>Ein Beitrag von Sch\u00fcler:innen der MSS11 Katharina Tr\u00fcdot war eine Nackenheimerin mit franz\u00f6sischen Wurzeln, die am 23.10.1884 geboren wurde und in Nackenheim lebte. Sie arbeitete 25 Jahre lang bei der Firma Br\u00fchl und Schreiner und wurde daf\u00fcr von der Industrie- und Handelskammer Mainz mit einer Ehrenurkunde ausgezeichnet. Diese Art der positiven Presse f\u00fcr Tr\u00fcdot war [&hellip;]<\/p>\n","protected":false},"author":1,"featured_media":0,"parent":0,"menu_order":0,"comment_status":"closed","ping_status":"closed","template":"","meta":{"_vp_format_video_url":"","_vp_image_focal_point":[],"footnotes":""},"_links":{"self":[{"href":"https:\/\/nackenheim-im-nationalsozialismus.de\/index.php?rest_route=\/wp\/v2\/pages\/346"}],"collection":[{"href":"https:\/\/nackenheim-im-nationalsozialismus.de\/index.php?rest_route=\/wp\/v2\/pages"}],"about":[{"href":"https:\/\/nackenheim-im-nationalsozialismus.de\/index.php?rest_route=\/wp\/v2\/types\/page"}],"author":[{"embeddable":true,"href":"https:\/\/nackenheim-im-nationalsozialismus.de\/index.php?rest_route=\/wp\/v2\/users\/1"}],"replies":[{"embeddable":true,"href":"https:\/\/nackenheim-im-nationalsozialismus.de\/index.php?rest_route=%2Fwp%2Fv2%2Fcomments&post=346"}],"version-history":[{"count":28,"href":"https:\/\/nackenheim-im-nationalsozialismus.de\/index.php?rest_route=\/wp\/v2\/pages\/346\/revisions"}],"predecessor-version":[{"id":2314,"href":"https:\/\/nackenheim-im-nationalsozialismus.de\/index.php?rest_route=\/wp\/v2\/pages\/346\/revisions\/2314"}],"wp:attachment":[{"href":"https:\/\/nackenheim-im-nationalsozialismus.de\/index.php?rest_route=%2Fwp%2Fv2%2Fmedia&parent=346"}],"curies":[{"name":"wp","href":"https:\/\/api.w.org\/{rel}","templated":true}]}}