{"id":406,"date":"2021-07-17T12:46:19","date_gmt":"2021-07-17T12:46:19","guid":{"rendered":"https:\/\/nackenheim-im-nationalsozialismus.de\/?page_id=406"},"modified":"2022-01-24T13:06:05","modified_gmt":"2022-01-24T13:06:05","slug":"familie-hirschberg","status":"publish","type":"page","link":"https:\/\/nackenheim-im-nationalsozialismus.de\/?page_id=406","title":{"rendered":"Familie Hirschberg"},"content":{"rendered":"\n<p class=\"has-text-align-center has-accent-color has-text-color\"><strong>Ein Beitrag von Sch\u00fcler:innen der MSS11<\/strong><\/p>\n\n\n\n<p class=\"has-drop-cap\">Es gab viele Opfer zur Zeit des Zweiten Weltkrieges, gro\u00dfe St\u00e4dte wurden zerst\u00f6rt, Menschen deportiert und ermordet. Auch kleine D\u00f6rfer wie es Nackenheim ist, blieben nicht verschont, angeblich gab es in Nackenheim keine gro\u00dfen Kriegssch\u00e4den, jedoch war die Bev\u00f6lkerung vor Ort von Hungersn\u00f6ten geplagt. Auch j\u00fcdische B\u00fcrgerinnen und B\u00fcrger Nackenheims wurden verfolgt, diskriminiert und ermordet. Ebenfalls spielten Verfolgungen aus politischen und anderen Gr\u00fcnden eine Rolle.Es gibt nicht viele Quellen, noch weniger Zeitzeugen. Jedoch werden wir in diesem Beitrag Max Hirschberg vorstellen, der am 24. Juni 1911 in Nackenheim geboren wurde und j\u00fcdisch war. Bis zu seinem 23. Lebensjahr arbeitete Max Hirschberg als Kaufm\u00e4nnischer Angestellter in einer Fabrik in Karlsruhe. Am 13. Januar 1934 wurde er dann schlie\u00dflich in einem (fr\u00fchen) Konzetrationslager interniert, im KZ Kislau, was bedeutet, dass Max Hirschberg nach drei Monaten schlie\u00dflich entlassen wurde. Zeitzeugen aus Nackenheim berichten, dass Max Hirschberg bis in die sp\u00e4ten 1930er Jahre regelm\u00e4\u00dfig Nackenheim besuchte, um dort Fu\u00dfball zu spielen. Nach seiner Entlassung aus dem KZ Kislau fl\u00fcchtete Max Hirschberg 1937\/38 mit seinen Eltern Rosa und Moses Hirschberg nach Amerika. Er fl\u00fcchtete zun\u00e4chst alleine, ein Jahr sp\u00e4ter folgte seine Mutter Rosa Hirschberg. Rosa Hirschberg (geb. Feiner) war die Schwester der ebenfalls in Nackenheim geborenen<a rel=\"noreferrer noopener\" href=\"https:\/\/nackenheim-im-nationalsozialismus.de\/?page_id=1353\" data-type=\"page\" data-id=\"1353\" target=\"_blank\"> Josef Feiner<\/a> und  <a rel=\"noreferrer noopener\" href=\"https:\/\/nackenheim-im-nationalsozialismus.de\/?page_id=758\" data-type=\"page\" data-id=\"758\" target=\"_blank\">Marie Heumann<\/a> (geb. Feiner). Rosa Hirschbergs \u201eAusreise\u201c ist auf einer Liste im Nachlass Oppenheim des Stadtarchivs Mainz verzeichnet.<\/p>\n\n\n\n<div class=\"wp-block-image\"><figure class=\"aligncenter size-full\"><img loading=\"lazy\" decoding=\"async\" width=\"496\" height=\"481\" src=\"https:\/\/nackenheim-im-nationalsozialismus.de\/wp-content\/uploads\/2021\/07\/Hirschberg-Rosa-Kopie.png\" alt=\"\" class=\"wp-image-1006\" srcset=\"https:\/\/nackenheim-im-nationalsozialismus.de\/wp-content\/uploads\/2021\/07\/Hirschberg-Rosa-Kopie.png 496w, https:\/\/nackenheim-im-nationalsozialismus.de\/wp-content\/uploads\/2021\/07\/Hirschberg-Rosa-Kopie-300x291.png 300w\" sizes=\"(max-width: 496px) 100vw, 496px\" \/><figcaption>Auszug einer Liste, auf der aus dem Deutschen Reich ausgewanderte J\u00fcdinnen und Juden gelistet wurden. Ebensolche Listen wurden zum Zwecke der Deportationen auch von im Deutschen Reich lebenden J\u00fcdinnen und Juden angefertigt. <br><br><strong>Quelle<\/strong>: StA MZ, NL Oppenheim, 49,5-155. Online einsehbar in der &#8222;<a href=\"http:\/\/www.statistik-des-holocaust.de\/list_ger_hhn_420324.html\" target=\"_blank\" rel=\"noreferrer noopener\">Statistik des Holocaus<\/a>t&#8220;.<\/figcaption><\/figure><\/div>\n\n\n\n<p>In folgendem in der Zeitung (&#8222;Durlacher Tagblatt&#8220;) ver\u00f6ffentlichten Artikel wird \u00fcber die Einlieferung Max Hirschbergs in das KZ Kislau berichtet. Man erf\u00e4hrt, dass er (angeblich) eine junge Arbeitskollegin in ein Zimmer gedr\u00e4ngt und bedr\u00e4ngt habe. Wir deuten dies als antisemitische Propaganda, da die Verhaftungen von Personen j\u00fcdischer Herkunft oder Menschen, die sich gegen die Politik der NSDAP stellten, so begr\u00fcndet werden sollte. Man hat dann solch \u00f6ffentliche Artikel geschrieben, damit nicht rauskommt, dass Menschen auch grundlos verhaftet wurden und um die Verhaftungen zu begr\u00fcnden.<\/p>\n\n\n\n<div class=\"wp-block-image\"><figure class=\"aligncenter size-large\"><img loading=\"lazy\" decoding=\"async\" width=\"1024\" height=\"516\" src=\"https:\/\/nackenheim-im-nationalsozialismus.de\/wp-content\/uploads\/2021\/11\/Bildschirmfoto-2021-11-04-um-20.06.24-1024x516.png\" alt=\"\" class=\"wp-image-1560\" srcset=\"https:\/\/nackenheim-im-nationalsozialismus.de\/wp-content\/uploads\/2021\/11\/Bildschirmfoto-2021-11-04-um-20.06.24-1024x516.png 1024w, https:\/\/nackenheim-im-nationalsozialismus.de\/wp-content\/uploads\/2021\/11\/Bildschirmfoto-2021-11-04-um-20.06.24-300x151.png 300w, https:\/\/nackenheim-im-nationalsozialismus.de\/wp-content\/uploads\/2021\/11\/Bildschirmfoto-2021-11-04-um-20.06.24-768x387.png 768w, https:\/\/nackenheim-im-nationalsozialismus.de\/wp-content\/uploads\/2021\/11\/Bildschirmfoto-2021-11-04-um-20.06.24-1536x773.png 1536w, https:\/\/nackenheim-im-nationalsozialismus.de\/wp-content\/uploads\/2021\/11\/Bildschirmfoto-2021-11-04-um-20.06.24-2048x1031.png 2048w, https:\/\/nackenheim-im-nationalsozialismus.de\/wp-content\/uploads\/2021\/11\/Bildschirmfoto-2021-11-04-um-20.06.24-500x252.png 500w, https:\/\/nackenheim-im-nationalsozialismus.de\/wp-content\/uploads\/2021\/11\/Bildschirmfoto-2021-11-04-um-20.06.24-800x403.png 800w, https:\/\/nackenheim-im-nationalsozialismus.de\/wp-content\/uploads\/2021\/11\/Bildschirmfoto-2021-11-04-um-20.06.24-1280x644.png 1280w, https:\/\/nackenheim-im-nationalsozialismus.de\/wp-content\/uploads\/2021\/11\/Bildschirmfoto-2021-11-04-um-20.06.24-1920x967.png 1920w, https:\/\/nackenheim-im-nationalsozialismus.de\/wp-content\/uploads\/2021\/11\/Bildschirmfoto-2021-11-04-um-20.06.24-1200x604.png 1200w, https:\/\/nackenheim-im-nationalsozialismus.de\/wp-content\/uploads\/2021\/11\/Bildschirmfoto-2021-11-04-um-20.06.24-1980x997.png 1980w\" sizes=\"(max-width: 1024px) 100vw, 1024px\" \/><figcaption>Propagandistischer Zeitungsartikel\/antisemitische Berichterstattung<br><strong>Quelle:<\/strong> &#8222;Durlacher Tagblatt&#8220; vom 16. Januar 1934 (Digitalisat der <a rel=\"noreferrer noopener\" href=\"https:\/\/digital.blb-karlsruhe.de\/urn\/urn%3Anbn%3Ade%3Absz%3A31-152140?&amp;page=4649109\" target=\"_blank\">Badischen Landesbibliothek<\/a>). Wir danken dem <a rel=\"noreferrer noopener\" href=\"https:\/\/lernort-kislau.de\/lernort-kislau\/\" target=\"_blank\">&#8222;Lernort Kislau&#8220;<\/a> f\u00fcr den Hinweis auf diese Quelle.<\/figcaption><\/figure><\/div>\n\n\n\n<div class=\"wp-block-image\"><figure class=\"aligncenter size-large\"><img loading=\"lazy\" decoding=\"async\" width=\"1024\" height=\"812\" src=\"https:\/\/nackenheim-im-nationalsozialismus.de\/wp-content\/uploads\/2021\/11\/Hirschberg-Max-Karteikarte-GLA-521-8494-Kopie-1024x812.jpg\" alt=\"\" class=\"wp-image-1431\" srcset=\"https:\/\/nackenheim-im-nationalsozialismus.de\/wp-content\/uploads\/2021\/11\/Hirschberg-Max-Karteikarte-GLA-521-8494-Kopie-1024x812.jpg 1024w, https:\/\/nackenheim-im-nationalsozialismus.de\/wp-content\/uploads\/2021\/11\/Hirschberg-Max-Karteikarte-GLA-521-8494-Kopie-300x238.jpg 300w, https:\/\/nackenheim-im-nationalsozialismus.de\/wp-content\/uploads\/2021\/11\/Hirschberg-Max-Karteikarte-GLA-521-8494-Kopie-768x609.jpg 768w, https:\/\/nackenheim-im-nationalsozialismus.de\/wp-content\/uploads\/2021\/11\/Hirschberg-Max-Karteikarte-GLA-521-8494-Kopie-1536x1218.jpg 1536w, https:\/\/nackenheim-im-nationalsozialismus.de\/wp-content\/uploads\/2021\/11\/Hirschberg-Max-Karteikarte-GLA-521-8494-Kopie-500x396.jpg 500w, https:\/\/nackenheim-im-nationalsozialismus.de\/wp-content\/uploads\/2021\/11\/Hirschberg-Max-Karteikarte-GLA-521-8494-Kopie-800x634.jpg 800w, https:\/\/nackenheim-im-nationalsozialismus.de\/wp-content\/uploads\/2021\/11\/Hirschberg-Max-Karteikarte-GLA-521-8494-Kopie-1280x1015.jpg 1280w, https:\/\/nackenheim-im-nationalsozialismus.de\/wp-content\/uploads\/2021\/11\/Hirschberg-Max-Karteikarte-GLA-521-8494-Kopie-1200x952.jpg 1200w, https:\/\/nackenheim-im-nationalsozialismus.de\/wp-content\/uploads\/2021\/11\/Hirschberg-Max-Karteikarte-GLA-521-8494-Kopie.jpg 1700w\" sizes=\"(max-width: 1024px) 100vw, 1024px\" \/><figcaption><strong>Quelle:<\/strong> H\u00e4ftlingskartei Max Hirschbergs, KZ Kislau (<a href=\"https:\/\/www.landesarchiv-bw.de\/de\/landesarchiv\/standorte\/generallandesarchiv-karlsruhe\/47245\" target=\"_blank\" rel=\"noreferrer noopener\">Generallandesarchiv Karlsruhe<\/a>, 521 Nr. 8494). Wir danken dem <a rel=\"noreferrer noopener\" href=\"https:\/\/lernort-kislau.de\/lernort-kislau\/\" target=\"_blank\">&#8222;Lernort Kislau&#8220;<\/a> f\u00fcr die Zurverf\u00fcgungstellung der Reprografie dieser Quelle.<\/figcaption><\/figure><\/div>\n\n\n\n<p>Laut Zeitzeugenberichten besuchte Max Hirschberg Nackenheim nach Ende des Zweiten Weltkrieges als US-Soldat. In seinem 1953 gestellten Antrag auf Wiedergutmachung findet sich folgender Bericht:<\/p>\n\n\n\n<div class=\"wp-block-image\"><figure class=\"aligncenter size-large\"><img loading=\"lazy\" decoding=\"async\" width=\"707\" height=\"1024\" src=\"https:\/\/nackenheim-im-nationalsozialismus.de\/wp-content\/uploads\/2021\/12\/Max-Hirschberg_Wiedergutmachungsakte-707x1024.png\" alt=\"\" class=\"wp-image-1851\" srcset=\"https:\/\/nackenheim-im-nationalsozialismus.de\/wp-content\/uploads\/2021\/12\/Max-Hirschberg_Wiedergutmachungsakte-707x1024.png 707w, https:\/\/nackenheim-im-nationalsozialismus.de\/wp-content\/uploads\/2021\/12\/Max-Hirschberg_Wiedergutmachungsakte-207x300.png 207w, https:\/\/nackenheim-im-nationalsozialismus.de\/wp-content\/uploads\/2021\/12\/Max-Hirschberg_Wiedergutmachungsakte-768x1112.png 768w, https:\/\/nackenheim-im-nationalsozialismus.de\/wp-content\/uploads\/2021\/12\/Max-Hirschberg_Wiedergutmachungsakte-500x724.png 500w, https:\/\/nackenheim-im-nationalsozialismus.de\/wp-content\/uploads\/2021\/12\/Max-Hirschberg_Wiedergutmachungsakte-800x1159.png 800w, https:\/\/nackenheim-im-nationalsozialismus.de\/wp-content\/uploads\/2021\/12\/Max-Hirschberg_Wiedergutmachungsakte.png 1030w\" sizes=\"(max-width: 707px) 100vw, 707px\" \/><figcaption><strong>Quelle: <\/strong>Landesamt f\u00fcr Finanzen, Amt f\u00fcr Wiedergutmachung. AZ: VA 10435. Die Tilgungen wurden vom Amt f\u00fcr Wiedergutmachung vorgenommen.<\/figcaption><\/figure><\/div>\n\n\n\n<p><strong>Quellen: <\/strong><\/p>\n\n\n\n<ul><li>Funde des <a rel=\"noreferrer noopener\" href=\"https:\/\/lernort-kislau.de\/lernort-kislau\/\" target=\"_blank\">&#8222;Lernortes Kislau&#8220;<\/a>. Wir danken f\u00fcr die freundliche Zurverf\u00fcgungstellung der Quellen.<\/li><li>Landesamt f\u00fcr Finanzen, Amt f\u00fcr Wiedergutmachung; <br>AZ: VA 10435. <\/li><li>Stadtarchiv Mainz (NL Oppenheim, Deportations- und Auswanderungslisten)<\/li><li>Archivfunde (Arolsen Archives)<\/li><li>Zeitzeugen aus Nackenheim<\/li><\/ul>\n\n\n\n<p><\/p>\n","protected":false},"excerpt":{"rendered":"<p>Ein Beitrag von Sch\u00fcler:innen der MSS11 Es gab viele Opfer zur Zeit des Zweiten Weltkrieges, gro\u00dfe St\u00e4dte wurden zerst\u00f6rt, Menschen deportiert und ermordet. Auch kleine D\u00f6rfer wie es Nackenheim ist, blieben nicht verschont, angeblich gab es in Nackenheim keine gro\u00dfen Kriegssch\u00e4den, jedoch war die Bev\u00f6lkerung vor Ort von Hungersn\u00f6ten geplagt. Auch j\u00fcdische B\u00fcrgerinnen und B\u00fcrger [&hellip;]<\/p>\n","protected":false},"author":1,"featured_media":0,"parent":0,"menu_order":0,"comment_status":"closed","ping_status":"closed","template":"","meta":{"_vp_format_video_url":"","_vp_image_focal_point":[],"footnotes":""},"_links":{"self":[{"href":"https:\/\/nackenheim-im-nationalsozialismus.de\/index.php?rest_route=\/wp\/v2\/pages\/406"}],"collection":[{"href":"https:\/\/nackenheim-im-nationalsozialismus.de\/index.php?rest_route=\/wp\/v2\/pages"}],"about":[{"href":"https:\/\/nackenheim-im-nationalsozialismus.de\/index.php?rest_route=\/wp\/v2\/types\/page"}],"author":[{"embeddable":true,"href":"https:\/\/nackenheim-im-nationalsozialismus.de\/index.php?rest_route=\/wp\/v2\/users\/1"}],"replies":[{"embeddable":true,"href":"https:\/\/nackenheim-im-nationalsozialismus.de\/index.php?rest_route=%2Fwp%2Fv2%2Fcomments&post=406"}],"version-history":[{"count":19,"href":"https:\/\/nackenheim-im-nationalsozialismus.de\/index.php?rest_route=\/wp\/v2\/pages\/406\/revisions"}],"predecessor-version":[{"id":2169,"href":"https:\/\/nackenheim-im-nationalsozialismus.de\/index.php?rest_route=\/wp\/v2\/pages\/406\/revisions\/2169"}],"wp:attachment":[{"href":"https:\/\/nackenheim-im-nationalsozialismus.de\/index.php?rest_route=%2Fwp%2Fv2%2Fmedia&parent=406"}],"curies":[{"name":"wp","href":"https:\/\/api.w.org\/{rel}","templated":true}]}}