{"id":468,"date":"2021-07-17T15:59:25","date_gmt":"2021-07-17T15:59:25","guid":{"rendered":"https:\/\/nackenheim-im-nationalsozialismus.de\/?page_id=468"},"modified":"2022-01-09T19:17:04","modified_gmt":"2022-01-09T19:17:04","slug":"gleichschaltung","status":"publish","type":"page","link":"https:\/\/nackenheim-im-nationalsozialismus.de\/?page_id=468","title":{"rendered":"&#8222;Gleichschaltung&#8220;"},"content":{"rendered":"\n<p class=\"has-text-align-center has-accent-color has-text-color\"><strong>Ein Beitrag von Lehrer:innen des Gymnasiums Nackenheim<\/strong><\/p>\n\n\n\n<p class=\"has-text-align-center\"><strong>1933 &#8211; Das Jahr der Etablierung der NS-Herrschaft<\/strong><\/p>\n\n\n\n<figure class=\"wp-block-image size-large\"><img loading=\"lazy\" decoding=\"async\" width=\"984\" height=\"1024\" src=\"https:\/\/nackenheim-im-nationalsozialismus.de\/wp-content\/uploads\/2021\/12\/Bildschirmfoto-2021-12-30-um-02.28.10-984x1024.png\" alt=\"\" class=\"wp-image-1927\" srcset=\"https:\/\/nackenheim-im-nationalsozialismus.de\/wp-content\/uploads\/2021\/12\/Bildschirmfoto-2021-12-30-um-02.28.10-984x1024.png 984w, https:\/\/nackenheim-im-nationalsozialismus.de\/wp-content\/uploads\/2021\/12\/Bildschirmfoto-2021-12-30-um-02.28.10-288x300.png 288w, https:\/\/nackenheim-im-nationalsozialismus.de\/wp-content\/uploads\/2021\/12\/Bildschirmfoto-2021-12-30-um-02.28.10-768x799.png 768w, https:\/\/nackenheim-im-nationalsozialismus.de\/wp-content\/uploads\/2021\/12\/Bildschirmfoto-2021-12-30-um-02.28.10-1476x1536.png 1476w, https:\/\/nackenheim-im-nationalsozialismus.de\/wp-content\/uploads\/2021\/12\/Bildschirmfoto-2021-12-30-um-02.28.10-500x520.png 500w, https:\/\/nackenheim-im-nationalsozialismus.de\/wp-content\/uploads\/2021\/12\/Bildschirmfoto-2021-12-30-um-02.28.10-800x832.png 800w, https:\/\/nackenheim-im-nationalsozialismus.de\/wp-content\/uploads\/2021\/12\/Bildschirmfoto-2021-12-30-um-02.28.10-1280x1332.png 1280w, https:\/\/nackenheim-im-nationalsozialismus.de\/wp-content\/uploads\/2021\/12\/Bildschirmfoto-2021-12-30-um-02.28.10-1200x1248.png 1200w, https:\/\/nackenheim-im-nationalsozialismus.de\/wp-content\/uploads\/2021\/12\/Bildschirmfoto-2021-12-30-um-02.28.10.png 1685w\" sizes=\"(max-width: 984px) 100vw, 984px\" \/><figcaption>Die Reichstagswahlergebnisse des Kreises Oppenheim, <br><strong>Quelle:<\/strong> <em>Oppenheimer Landskrone<\/em> vom 06. M\u00e4rz 1933. Die Ergebnisse von Nackenheim sind in blau hervorgehoben.<\/figcaption><\/figure>\n\n\n\n<p class=\"has-drop-cap\">Bei den M\u00e4rzwahlen 1933 entfielen von den insgesamt 1173 abgegebenen Stimmen 398 auf die NSDAP, 121 auf die SPD, 131 auf die KPD und 510 auf das Zentrum. Im reichsweiten Vergleich ergeben sich mit 34 % in Nackenheim und 33% auf Reichsebene \u00e4hnliche Werte f\u00fcr die NSDAP &#8211; das Zentrum erhielt in Nackenheim mit 43% jedoch deutlich mehr Stimmen als die 12% auf Reichsebene. <\/p>\n\n\n\n<figure class=\"wp-block-image size-large\"><img loading=\"lazy\" decoding=\"async\" width=\"1024\" height=\"1024\" src=\"https:\/\/nackenheim-im-nationalsozialismus.de\/wp-content\/uploads\/2022\/01\/Wahlergebnisse-im-Vergleich-1024x1024.jpg\" alt=\"\" class=\"wp-image-1968\" srcset=\"https:\/\/nackenheim-im-nationalsozialismus.de\/wp-content\/uploads\/2022\/01\/Wahlergebnisse-im-Vergleich-1024x1024.jpg 1024w, https:\/\/nackenheim-im-nationalsozialismus.de\/wp-content\/uploads\/2022\/01\/Wahlergebnisse-im-Vergleich-300x300.jpg 300w, https:\/\/nackenheim-im-nationalsozialismus.de\/wp-content\/uploads\/2022\/01\/Wahlergebnisse-im-Vergleich-150x150.jpg 150w, https:\/\/nackenheim-im-nationalsozialismus.de\/wp-content\/uploads\/2022\/01\/Wahlergebnisse-im-Vergleich-768x768.jpg 768w, https:\/\/nackenheim-im-nationalsozialismus.de\/wp-content\/uploads\/2022\/01\/Wahlergebnisse-im-Vergleich-500x500.jpg 500w, https:\/\/nackenheim-im-nationalsozialismus.de\/wp-content\/uploads\/2022\/01\/Wahlergebnisse-im-Vergleich-800x800.jpg 800w, https:\/\/nackenheim-im-nationalsozialismus.de\/wp-content\/uploads\/2022\/01\/Wahlergebnisse-im-Vergleich.jpg 1080w\" sizes=\"(max-width: 1024px) 100vw, 1024px\" \/><\/figure>\n\n\n\n<figure class=\"wp-block-gallery columns-1 wp-block-gallery-1 is-layout-flex wp-block-gallery-is-layout-flex\"><ul class=\"blocks-gallery-grid\"><li class=\"blocks-gallery-item\"><figure><img loading=\"lazy\" decoding=\"async\" width=\"1024\" height=\"971\" src=\"https:\/\/nackenheim-im-nationalsozialismus.de\/wp-content\/uploads\/2021\/12\/Bildschirmfoto-2021-12-30-um-02.34.00-1024x971.png\" alt=\"\" data-id=\"1928\" data-full-url=\"https:\/\/nackenheim-im-nationalsozialismus.de\/wp-content\/uploads\/2021\/12\/Bildschirmfoto-2021-12-30-um-02.34.00.png\" data-link=\"https:\/\/nackenheim-im-nationalsozialismus.de\/?attachment_id=1928\" class=\"wp-image-1928\" srcset=\"https:\/\/nackenheim-im-nationalsozialismus.de\/wp-content\/uploads\/2021\/12\/Bildschirmfoto-2021-12-30-um-02.34.00-1024x971.png 1024w, https:\/\/nackenheim-im-nationalsozialismus.de\/wp-content\/uploads\/2021\/12\/Bildschirmfoto-2021-12-30-um-02.34.00-300x285.png 300w, https:\/\/nackenheim-im-nationalsozialismus.de\/wp-content\/uploads\/2021\/12\/Bildschirmfoto-2021-12-30-um-02.34.00-768x728.png 768w, https:\/\/nackenheim-im-nationalsozialismus.de\/wp-content\/uploads\/2021\/12\/Bildschirmfoto-2021-12-30-um-02.34.00-500x474.png 500w, https:\/\/nackenheim-im-nationalsozialismus.de\/wp-content\/uploads\/2021\/12\/Bildschirmfoto-2021-12-30-um-02.34.00-800x759.png 800w, https:\/\/nackenheim-im-nationalsozialismus.de\/wp-content\/uploads\/2021\/12\/Bildschirmfoto-2021-12-30-um-02.34.00-1200x1138.png 1200w, https:\/\/nackenheim-im-nationalsozialismus.de\/wp-content\/uploads\/2021\/12\/Bildschirmfoto-2021-12-30-um-02.34.00.png 1224w\" sizes=\"(max-width: 1024px) 100vw, 1024px\" \/><\/figure><\/li><li class=\"blocks-gallery-item\"><figure><img loading=\"lazy\" decoding=\"async\" width=\"824\" height=\"1024\" src=\"https:\/\/nackenheim-im-nationalsozialismus.de\/wp-content\/uploads\/2021\/12\/Bildschirmfoto-2021-12-30-um-02.34.34-824x1024.png\" alt=\"\" data-id=\"1929\" data-full-url=\"https:\/\/nackenheim-im-nationalsozialismus.de\/wp-content\/uploads\/2021\/12\/Bildschirmfoto-2021-12-30-um-02.34.34.png\" data-link=\"https:\/\/nackenheim-im-nationalsozialismus.de\/?attachment_id=1929\" class=\"wp-image-1929\" srcset=\"https:\/\/nackenheim-im-nationalsozialismus.de\/wp-content\/uploads\/2021\/12\/Bildschirmfoto-2021-12-30-um-02.34.34-824x1024.png 824w, https:\/\/nackenheim-im-nationalsozialismus.de\/wp-content\/uploads\/2021\/12\/Bildschirmfoto-2021-12-30-um-02.34.34-242x300.png 242w, https:\/\/nackenheim-im-nationalsozialismus.de\/wp-content\/uploads\/2021\/12\/Bildschirmfoto-2021-12-30-um-02.34.34-768x954.png 768w, https:\/\/nackenheim-im-nationalsozialismus.de\/wp-content\/uploads\/2021\/12\/Bildschirmfoto-2021-12-30-um-02.34.34-500x621.png 500w, https:\/\/nackenheim-im-nationalsozialismus.de\/wp-content\/uploads\/2021\/12\/Bildschirmfoto-2021-12-30-um-02.34.34-800x994.png 800w, https:\/\/nackenheim-im-nationalsozialismus.de\/wp-content\/uploads\/2021\/12\/Bildschirmfoto-2021-12-30-um-02.34.34-1200x1491.png 1200w, https:\/\/nackenheim-im-nationalsozialismus.de\/wp-content\/uploads\/2021\/12\/Bildschirmfoto-2021-12-30-um-02.34.34.png 1206w\" sizes=\"(max-width: 824px) 100vw, 824px\" \/><\/figure><\/li><\/ul><figcaption class=\"blocks-gallery-caption\"><strong>Quelle<\/strong>: <em>Oppenheimer Landkrone<\/em> vom 12. April 1933<\/figcaption><\/figure>\n\n\n\n<p class=\"has-drop-cap\">In der <em>Oppenheimer Landskrone<\/em> wird am 12. April 1933 berichtet, dass der neue Gemeinderat der NSDAP &#8222;<em>vor den massenhaft anwesenden Zuh\u00f6rern<\/em>&#8220; per Handschlag vereidigt wurde. Neben einer Beflaggung der Stra\u00dfenz\u00fcge wird auch von Musikbegleitung, gemeinsamen und begeistertem Gesang berichtet. Dar\u00fcber hinaus wird die Zustimmung des Zentrums betont, das &#8222;<em>voll und ganz im Sinne der Reichsregierung zu arbeiten gedenke und seine volle Kraft einsetze zum Wohle unseres Vaterlandes und unserer Gemeinde Nackenheim<\/em>&#8222;. Als erste Amtshandlung wird der Antrag der NSDAP auf Stra\u00dfenumbenennungen erw\u00e4hnt.<\/p>\n\n\n\n<figure class=\"wp-block-image size-large\"><img loading=\"lazy\" decoding=\"async\" width=\"1024\" height=\"1024\" src=\"https:\/\/nackenheim-im-nationalsozialismus.de\/wp-content\/uploads\/2021\/08\/Strassenumbenennungen-1024x1024.png\" alt=\"\" class=\"wp-image-1163\" srcset=\"https:\/\/nackenheim-im-nationalsozialismus.de\/wp-content\/uploads\/2021\/08\/Strassenumbenennungen-1024x1024.png 1024w, https:\/\/nackenheim-im-nationalsozialismus.de\/wp-content\/uploads\/2021\/08\/Strassenumbenennungen-300x300.png 300w, https:\/\/nackenheim-im-nationalsozialismus.de\/wp-content\/uploads\/2021\/08\/Strassenumbenennungen-150x150.png 150w, https:\/\/nackenheim-im-nationalsozialismus.de\/wp-content\/uploads\/2021\/08\/Strassenumbenennungen-768x768.png 768w, https:\/\/nackenheim-im-nationalsozialismus.de\/wp-content\/uploads\/2021\/08\/Strassenumbenennungen-500x500.png 500w, https:\/\/nackenheim-im-nationalsozialismus.de\/wp-content\/uploads\/2021\/08\/Strassenumbenennungen-800x800.png 800w, https:\/\/nackenheim-im-nationalsozialismus.de\/wp-content\/uploads\/2021\/08\/Strassenumbenennungen.png 1080w\" sizes=\"(max-width: 1024px) 100vw, 1024px\" \/><\/figure>\n","protected":false},"excerpt":{"rendered":"<p>Ein Beitrag von Lehrer:innen des Gymnasiums Nackenheim 1933 &#8211; Das Jahr der Etablierung der NS-Herrschaft Bei den M\u00e4rzwahlen 1933 entfielen von den insgesamt 1173 abgegebenen Stimmen 398 auf die NSDAP, 121 auf die SPD, 131 auf die KPD und 510 auf das Zentrum. Im reichsweiten Vergleich ergeben sich mit 34 % in Nackenheim und 33% [&hellip;]<\/p>\n","protected":false},"author":1,"featured_media":0,"parent":0,"menu_order":0,"comment_status":"closed","ping_status":"closed","template":"","meta":{"_vp_format_video_url":"","_vp_image_focal_point":[],"footnotes":""},"_links":{"self":[{"href":"https:\/\/nackenheim-im-nationalsozialismus.de\/index.php?rest_route=\/wp\/v2\/pages\/468"}],"collection":[{"href":"https:\/\/nackenheim-im-nationalsozialismus.de\/index.php?rest_route=\/wp\/v2\/pages"}],"about":[{"href":"https:\/\/nackenheim-im-nationalsozialismus.de\/index.php?rest_route=\/wp\/v2\/types\/page"}],"author":[{"embeddable":true,"href":"https:\/\/nackenheim-im-nationalsozialismus.de\/index.php?rest_route=\/wp\/v2\/users\/1"}],"replies":[{"embeddable":true,"href":"https:\/\/nackenheim-im-nationalsozialismus.de\/index.php?rest_route=%2Fwp%2Fv2%2Fcomments&post=468"}],"version-history":[{"count":15,"href":"https:\/\/nackenheim-im-nationalsozialismus.de\/index.php?rest_route=\/wp\/v2\/pages\/468\/revisions"}],"predecessor-version":[{"id":2416,"href":"https:\/\/nackenheim-im-nationalsozialismus.de\/index.php?rest_route=\/wp\/v2\/pages\/468\/revisions\/2416"}],"wp:attachment":[{"href":"https:\/\/nackenheim-im-nationalsozialismus.de\/index.php?rest_route=%2Fwp%2Fv2%2Fmedia&parent=468"}],"curies":[{"name":"wp","href":"https:\/\/api.w.org\/{rel}","templated":true}]}}