{"id":470,"date":"2021-07-17T15:59:39","date_gmt":"2021-07-17T15:59:39","guid":{"rendered":"https:\/\/nackenheim-im-nationalsozialismus.de\/?page_id=470"},"modified":"2022-02-24T19:02:10","modified_gmt":"2022-02-24T19:02:10","slug":"vergessene-orte","status":"publish","type":"page","link":"https:\/\/nackenheim-im-nationalsozialismus.de\/?page_id=470","title":{"rendered":"Vergessene Orte"},"content":{"rendered":"\n<p class=\"has-text-align-center has-accent-color has-text-color\"><strong>Ein Beitrag von Sch\u00fcler:innen der MSS11<\/strong><\/p>\n\n\n\n<h4 class=\"wp-block-heading\" id=\"i-das-ehemalige-nsdap-parteiheim-in-der-fischergasse\"><strong>I. Das ehemalige NSDAP-Parteiheim in der Fischergasse<\/strong><\/h4>\n\n\n\n<figure class=\"wp-block-embed is-type-video is-provider-youtube wp-block-embed-youtube wp-embed-aspect-16-9 wp-has-aspect-ratio\"><div class=\"wp-block-embed__wrapper\">\n<iframe loading=\"lazy\" title=\"Kamerafahrt vom Gymnasium Nackenheim zum ehemaligen NSDAP-Parteiheim in der Fischergasse\" width=\"580\" height=\"326\" src=\"https:\/\/www.youtube.com\/embed\/QLqEEvgCLoc?feature=oembed\" frameborder=\"0\" allow=\"accelerometer; autoplay; clipboard-write; encrypted-media; gyroscope; picture-in-picture; web-share\" referrerpolicy=\"strict-origin-when-cross-origin\" allowfullscreen><\/iframe>\n<\/div><\/figure>\n\n\n\n<p>Szenische Quellenlesung des Briefverkehrs der Gemeinde zur Einrichtung eines NSDAP-Parteiheims in der Fischergasse. Das Video zeigt den Weg von der Schule zur Fischergasse und wurde mit einer Kamerafahrt von Sch\u00fclern der MSS11 aufgenommen.<\/p>\n\n\n\n<h4 class=\"wp-block-heading\" id=\"exemplarischer-auszug-des-briefverkehrs\"><strong>Exemplarischer Auszug des Briefverkehrs<\/strong><\/h4>\n\n\n\n<figure class=\"wp-block-image size-large\"><img loading=\"lazy\" decoding=\"async\" width=\"674\" height=\"1024\" src=\"https:\/\/nackenheim-im-nationalsozialismus.de\/wp-content\/uploads\/2021\/11\/Bildschirmfoto-2021-11-04-um-20.20.48-674x1024.png\" alt=\"\" class=\"wp-image-1566\" srcset=\"https:\/\/nackenheim-im-nationalsozialismus.de\/wp-content\/uploads\/2021\/11\/Bildschirmfoto-2021-11-04-um-20.20.48-674x1024.png 674w, https:\/\/nackenheim-im-nationalsozialismus.de\/wp-content\/uploads\/2021\/11\/Bildschirmfoto-2021-11-04-um-20.20.48-198x300.png 198w, https:\/\/nackenheim-im-nationalsozialismus.de\/wp-content\/uploads\/2021\/11\/Bildschirmfoto-2021-11-04-um-20.20.48-768x1166.png 768w, https:\/\/nackenheim-im-nationalsozialismus.de\/wp-content\/uploads\/2021\/11\/Bildschirmfoto-2021-11-04-um-20.20.48-1011x1536.png 1011w, https:\/\/nackenheim-im-nationalsozialismus.de\/wp-content\/uploads\/2021\/11\/Bildschirmfoto-2021-11-04-um-20.20.48-500x759.png 500w, https:\/\/nackenheim-im-nationalsozialismus.de\/wp-content\/uploads\/2021\/11\/Bildschirmfoto-2021-11-04-um-20.20.48-800x1215.png 800w, https:\/\/nackenheim-im-nationalsozialismus.de\/wp-content\/uploads\/2021\/11\/Bildschirmfoto-2021-11-04-um-20.20.48.png 1128w\" sizes=\"(max-width: 674px) 100vw, 674px\" \/><figcaption><strong>Quelle:<\/strong> LA Sp. Best. U199<\/figcaption><\/figure>\n\n\n\n<figure class=\"wp-block-image size-large\"><img loading=\"lazy\" decoding=\"async\" width=\"839\" height=\"1024\" src=\"https:\/\/nackenheim-im-nationalsozialismus.de\/wp-content\/uploads\/2021\/11\/IMG_3778-839x1024.jpg\" alt=\"\" class=\"wp-image-1612\" srcset=\"https:\/\/nackenheim-im-nationalsozialismus.de\/wp-content\/uploads\/2021\/11\/IMG_3778-839x1024.jpg 839w, https:\/\/nackenheim-im-nationalsozialismus.de\/wp-content\/uploads\/2021\/11\/IMG_3778-246x300.jpg 246w, https:\/\/nackenheim-im-nationalsozialismus.de\/wp-content\/uploads\/2021\/11\/IMG_3778-768x938.jpg 768w, https:\/\/nackenheim-im-nationalsozialismus.de\/wp-content\/uploads\/2021\/11\/IMG_3778-1258x1536.jpg 1258w, https:\/\/nackenheim-im-nationalsozialismus.de\/wp-content\/uploads\/2021\/11\/IMG_3778-1678x2048.jpg 1678w, https:\/\/nackenheim-im-nationalsozialismus.de\/wp-content\/uploads\/2021\/11\/IMG_3778-500x610.jpg 500w, https:\/\/nackenheim-im-nationalsozialismus.de\/wp-content\/uploads\/2021\/11\/IMG_3778-800x977.jpg 800w, https:\/\/nackenheim-im-nationalsozialismus.de\/wp-content\/uploads\/2021\/11\/IMG_3778-1280x1563.jpg 1280w, https:\/\/nackenheim-im-nationalsozialismus.de\/wp-content\/uploads\/2021\/11\/IMG_3778-1920x2344.jpg 1920w, https:\/\/nackenheim-im-nationalsozialismus.de\/wp-content\/uploads\/2021\/11\/IMG_3778-1200x1465.jpg 1200w, https:\/\/nackenheim-im-nationalsozialismus.de\/wp-content\/uploads\/2021\/11\/IMG_3778-1980x2417.jpg 1980w\" sizes=\"(max-width: 839px) 100vw, 839px\" \/><figcaption>Schild am Geb\u00e4ude der Fischergasse 12 (Aufnahme: privat)<\/figcaption><\/figure>\n\n\n\n<hr class=\"wp-block-separator\"\/>\n\n\n\n<h4 class=\"wp-block-heading\" id=\"ii-das-wohnhaus-der-familie-wolff\"><strong>II. Das Wohnhaus der Familie Wolff<\/strong><\/h4>\n\n\n\n<figure class=\"wp-block-image size-large\"><img loading=\"lazy\" decoding=\"async\" width=\"737\" height=\"1024\" src=\"https:\/\/nackenheim-im-nationalsozialismus.de\/wp-content\/uploads\/2021\/07\/Wohnhaus-Nackenheim_Familie-Wolff-737x1024.jpg\" alt=\"\" class=\"wp-image-423\" srcset=\"https:\/\/nackenheim-im-nationalsozialismus.de\/wp-content\/uploads\/2021\/07\/Wohnhaus-Nackenheim_Familie-Wolff-737x1024.jpg 737w, https:\/\/nackenheim-im-nationalsozialismus.de\/wp-content\/uploads\/2021\/07\/Wohnhaus-Nackenheim_Familie-Wolff-216x300.jpg 216w, https:\/\/nackenheim-im-nationalsozialismus.de\/wp-content\/uploads\/2021\/07\/Wohnhaus-Nackenheim_Familie-Wolff-768x1067.jpg 768w, https:\/\/nackenheim-im-nationalsozialismus.de\/wp-content\/uploads\/2021\/07\/Wohnhaus-Nackenheim_Familie-Wolff-1106x1536.jpg 1106w, https:\/\/nackenheim-im-nationalsozialismus.de\/wp-content\/uploads\/2021\/07\/Wohnhaus-Nackenheim_Familie-Wolff-1475x2048.jpg 1475w, https:\/\/nackenheim-im-nationalsozialismus.de\/wp-content\/uploads\/2021\/07\/Wohnhaus-Nackenheim_Familie-Wolff-500x694.jpg 500w, https:\/\/nackenheim-im-nationalsozialismus.de\/wp-content\/uploads\/2021\/07\/Wohnhaus-Nackenheim_Familie-Wolff-800x1111.jpg 800w, https:\/\/nackenheim-im-nationalsozialismus.de\/wp-content\/uploads\/2021\/07\/Wohnhaus-Nackenheim_Familie-Wolff-1280x1778.jpg 1280w, https:\/\/nackenheim-im-nationalsozialismus.de\/wp-content\/uploads\/2021\/07\/Wohnhaus-Nackenheim_Familie-Wolff-1200x1667.jpg 1200w, https:\/\/nackenheim-im-nationalsozialismus.de\/wp-content\/uploads\/2021\/07\/Wohnhaus-Nackenheim_Familie-Wolff.jpg 1728w\" sizes=\"(max-width: 737px) 100vw, 737px\" \/><figcaption>Das Wohnhaus der Familie Wolff in der Mainzer Str. 15, undatierte Aufnahme. Zu sehen sind Heinrich Wolff senior, Caroline Wolff und ihre Tochter Betty. Originaltext auf der R\u00fcckseite: \u201eHouse in Nackenheim. My grand father and my grand mother and aunt Betty\u201c (Sammlung: H. Kasper, Bodenheim)<\/figcaption><\/figure>\n\n\n\n<figure class=\"wp-block-image size-large\"><img loading=\"lazy\" decoding=\"async\" width=\"1024\" height=\"768\" src=\"https:\/\/nackenheim-im-nationalsozialismus.de\/wp-content\/uploads\/2021\/11\/Wolff-Scheune-beim-Abbruch-079-1024x768.jpg\" alt=\"\" class=\"wp-image-1786\" srcset=\"https:\/\/nackenheim-im-nationalsozialismus.de\/wp-content\/uploads\/2021\/11\/Wolff-Scheune-beim-Abbruch-079-1024x768.jpg 1024w, https:\/\/nackenheim-im-nationalsozialismus.de\/wp-content\/uploads\/2021\/11\/Wolff-Scheune-beim-Abbruch-079-300x225.jpg 300w, https:\/\/nackenheim-im-nationalsozialismus.de\/wp-content\/uploads\/2021\/11\/Wolff-Scheune-beim-Abbruch-079-768x576.jpg 768w, https:\/\/nackenheim-im-nationalsozialismus.de\/wp-content\/uploads\/2021\/11\/Wolff-Scheune-beim-Abbruch-079-1536x1152.jpg 1536w, https:\/\/nackenheim-im-nationalsozialismus.de\/wp-content\/uploads\/2021\/11\/Wolff-Scheune-beim-Abbruch-079-2048x1536.jpg 2048w, https:\/\/nackenheim-im-nationalsozialismus.de\/wp-content\/uploads\/2021\/11\/Wolff-Scheune-beim-Abbruch-079-500x375.jpg 500w, https:\/\/nackenheim-im-nationalsozialismus.de\/wp-content\/uploads\/2021\/11\/Wolff-Scheune-beim-Abbruch-079-800x600.jpg 800w, https:\/\/nackenheim-im-nationalsozialismus.de\/wp-content\/uploads\/2021\/11\/Wolff-Scheune-beim-Abbruch-079-1280x960.jpg 1280w, https:\/\/nackenheim-im-nationalsozialismus.de\/wp-content\/uploads\/2021\/11\/Wolff-Scheune-beim-Abbruch-079-1920x1440.jpg 1920w, https:\/\/nackenheim-im-nationalsozialismus.de\/wp-content\/uploads\/2021\/11\/Wolff-Scheune-beim-Abbruch-079-1200x900.jpg 1200w, https:\/\/nackenheim-im-nationalsozialismus.de\/wp-content\/uploads\/2021\/11\/Wolff-Scheune-beim-Abbruch-079-1980x1485.jpg 1980w\" sizes=\"(max-width: 1024px) 100vw, 1024px\" \/><figcaption>Die Wolff&#8217;sche Scheune wurde im Jahr 2010 abgerissen, die Aufnahme stammt aus dem Fr\u00fchjahr 2010 (Aufnahme: Rainer Knu\u00dfmann)<\/figcaption><\/figure>\n\n\n\n<figure class=\"wp-block-image size-large\"><img loading=\"lazy\" decoding=\"async\" width=\"961\" height=\"1024\" src=\"https:\/\/nackenheim-im-nationalsozialismus.de\/wp-content\/uploads\/2021\/11\/Mainzer-Str.-12-Nackenheim-961x1024.jpg\" alt=\"\" class=\"wp-image-1608\" srcset=\"https:\/\/nackenheim-im-nationalsozialismus.de\/wp-content\/uploads\/2021\/11\/Mainzer-Str.-12-Nackenheim-961x1024.jpg 961w, https:\/\/nackenheim-im-nationalsozialismus.de\/wp-content\/uploads\/2021\/11\/Mainzer-Str.-12-Nackenheim-282x300.jpg 282w, https:\/\/nackenheim-im-nationalsozialismus.de\/wp-content\/uploads\/2021\/11\/Mainzer-Str.-12-Nackenheim-768x818.jpg 768w, https:\/\/nackenheim-im-nationalsozialismus.de\/wp-content\/uploads\/2021\/11\/Mainzer-Str.-12-Nackenheim-1442x1536.jpg 1442w, https:\/\/nackenheim-im-nationalsozialismus.de\/wp-content\/uploads\/2021\/11\/Mainzer-Str.-12-Nackenheim-1922x2048.jpg 1922w, https:\/\/nackenheim-im-nationalsozialismus.de\/wp-content\/uploads\/2021\/11\/Mainzer-Str.-12-Nackenheim-500x533.jpg 500w, https:\/\/nackenheim-im-nationalsozialismus.de\/wp-content\/uploads\/2021\/11\/Mainzer-Str.-12-Nackenheim-800x852.jpg 800w, https:\/\/nackenheim-im-nationalsozialismus.de\/wp-content\/uploads\/2021\/11\/Mainzer-Str.-12-Nackenheim-1280x1364.jpg 1280w, https:\/\/nackenheim-im-nationalsozialismus.de\/wp-content\/uploads\/2021\/11\/Mainzer-Str.-12-Nackenheim-1920x2046.jpg 1920w, https:\/\/nackenheim-im-nationalsozialismus.de\/wp-content\/uploads\/2021\/11\/Mainzer-Str.-12-Nackenheim-1200x1279.jpg 1200w, https:\/\/nackenheim-im-nationalsozialismus.de\/wp-content\/uploads\/2021\/11\/Mainzer-Str.-12-Nackenheim-1980x2110.jpg 1980w\" sizes=\"(max-width: 961px) 100vw, 961px\" \/><figcaption>In der Mainzer Stra\u00dfe 12 steht heute ein neues Geb\u00e4ude. (Aufnahme: privat)<\/figcaption><\/figure>\n\n\n\n<figure class=\"wp-block-gallery has-nested-images columns-default is-cropped wp-block-gallery-1 is-layout-flex wp-block-gallery-is-layout-flex\">\n<figure class=\"wp-block-image size-large\"><img loading=\"lazy\" decoding=\"async\" width=\"768\" height=\"1024\" data-id=\"1609\" src=\"https:\/\/nackenheim-im-nationalsozialismus.de\/wp-content\/uploads\/2021\/11\/IMG_3794-768x1024.jpg\" alt=\"\" class=\"wp-image-1609\" srcset=\"https:\/\/nackenheim-im-nationalsozialismus.de\/wp-content\/uploads\/2021\/11\/IMG_3794-768x1024.jpg 768w, https:\/\/nackenheim-im-nationalsozialismus.de\/wp-content\/uploads\/2021\/11\/IMG_3794-225x300.jpg 225w, https:\/\/nackenheim-im-nationalsozialismus.de\/wp-content\/uploads\/2021\/11\/IMG_3794-1152x1536.jpg 1152w, https:\/\/nackenheim-im-nationalsozialismus.de\/wp-content\/uploads\/2021\/11\/IMG_3794-1536x2048.jpg 1536w, https:\/\/nackenheim-im-nationalsozialismus.de\/wp-content\/uploads\/2021\/11\/IMG_3794-500x667.jpg 500w, https:\/\/nackenheim-im-nationalsozialismus.de\/wp-content\/uploads\/2021\/11\/IMG_3794-800x1067.jpg 800w, https:\/\/nackenheim-im-nationalsozialismus.de\/wp-content\/uploads\/2021\/11\/IMG_3794-1280x1707.jpg 1280w, https:\/\/nackenheim-im-nationalsozialismus.de\/wp-content\/uploads\/2021\/11\/IMG_3794-scaled.jpg 1920w, https:\/\/nackenheim-im-nationalsozialismus.de\/wp-content\/uploads\/2021\/11\/IMG_3794-1200x1600.jpg 1200w, https:\/\/nackenheim-im-nationalsozialismus.de\/wp-content\/uploads\/2021\/11\/IMG_3794-1980x2640.jpg 1980w\" sizes=\"(max-width: 768px) 100vw, 768px\" \/><\/figure>\n\n\n\n<figure class=\"wp-block-image size-large\"><img loading=\"lazy\" decoding=\"async\" width=\"768\" height=\"1024\" data-id=\"1610\" src=\"https:\/\/nackenheim-im-nationalsozialismus.de\/wp-content\/uploads\/2021\/11\/IMG_3793-768x1024.jpg\" alt=\"\" class=\"wp-image-1610\" srcset=\"https:\/\/nackenheim-im-nationalsozialismus.de\/wp-content\/uploads\/2021\/11\/IMG_3793-768x1024.jpg 768w, https:\/\/nackenheim-im-nationalsozialismus.de\/wp-content\/uploads\/2021\/11\/IMG_3793-225x300.jpg 225w, https:\/\/nackenheim-im-nationalsozialismus.de\/wp-content\/uploads\/2021\/11\/IMG_3793-1152x1536.jpg 1152w, https:\/\/nackenheim-im-nationalsozialismus.de\/wp-content\/uploads\/2021\/11\/IMG_3793-1536x2048.jpg 1536w, https:\/\/nackenheim-im-nationalsozialismus.de\/wp-content\/uploads\/2021\/11\/IMG_3793-500x667.jpg 500w, https:\/\/nackenheim-im-nationalsozialismus.de\/wp-content\/uploads\/2021\/11\/IMG_3793-800x1067.jpg 800w, https:\/\/nackenheim-im-nationalsozialismus.de\/wp-content\/uploads\/2021\/11\/IMG_3793-1280x1707.jpg 1280w, https:\/\/nackenheim-im-nationalsozialismus.de\/wp-content\/uploads\/2021\/11\/IMG_3793-scaled.jpg 1920w, https:\/\/nackenheim-im-nationalsozialismus.de\/wp-content\/uploads\/2021\/11\/IMG_3793-1200x1600.jpg 1200w, https:\/\/nackenheim-im-nationalsozialismus.de\/wp-content\/uploads\/2021\/11\/IMG_3793-1980x2640.jpg 1980w\" sizes=\"(max-width: 768px) 100vw, 768px\" \/><\/figure>\n<figcaption class=\"blocks-gallery-caption\">Der Schlussstein der Scheune ist heute auf Initiative von Rainer Knu\u00dfmann in einer Ausstellung im Ortsmuseum zu sehen. (Aufnahme: privat)<\/figcaption><\/figure>\n\n\n\n<h4 class=\"wp-block-heading\" id=\"protokoll-der-nackenheimer-gemeinderatssitzung-vom-27-juli-1935\"><strong>Protokoll der Nackenheimer Gemeinderatssitzung vom 27. Juli 1935<\/strong><\/h4>\n\n\n\n<p><em>Beschl\u00fcsse:<br>1.) Kein Jude und keine J\u00fcdin darf in Nackenheim zuziehen.<br>2.) Kein Jude darf ein Haus oder ein Grundst\u00fcck im Gemeindebezirk Nackenheim erwerben.<br>3.) Kein Handwerker, kein Gesch\u00e4ftsmann oder sonst ein Volksgenosse erh\u00e4lt eine Gemeindearbeit oder eine sonstige Gemeindelieferung, wenn er oder seine Angeh\u00f6rigen noch mit Juden Verkehr pflegen, bzw, diese in ihrem Handeln unterst\u00fctzen.<br>4.) Volksgenossen, die von der Gemeinde Unterst\u00fctzung erhalten und selbst ihre Angeh\u00f6rigen mit Juden Verkehrs pflegen, erhalten in Zukunft von Seiten der Gemeinde keine Unterst\u00fctzung mehr.<br>5.) Das Kaufen bei Juden bedeutet Verrat an Volk und Nation.<\/em><\/p>\n\n\n\n<p class=\"has-small-font-size\">(<strong>Quellen: <\/strong>Raymond Wolff: Vortrag \u00fcber seine Gro\u00dfeltern in der Volkshochschule Nackenheim 1988; Horst Kasper: Der j\u00fcdische Friedhof in Bodenheim, 2004) &#8211; aus der Ortschronik von Werner Lang<\/p>\n\n\n\n<h4 class=\"wp-block-heading\" id=\"iii-das-laubenheimer-bodenheimer-nackenheimer-unterfeld-ried\"><strong>III. Das Laubenheimer-Bodenheimer-Nackenheimer-Unterfeld (Ried)<\/strong><\/h4>\n\n\n\n<figure class=\"wp-block-image size-large\"><img loading=\"lazy\" decoding=\"async\" width=\"1024\" height=\"669\" src=\"https:\/\/nackenheim-im-nationalsozialismus.de\/wp-content\/uploads\/2022\/01\/Hakenkreuz_Bodenheimer-Unterfeld_000002-1024x669.jpg\" alt=\"\" class=\"wp-image-2079\" srcset=\"https:\/\/nackenheim-im-nationalsozialismus.de\/wp-content\/uploads\/2022\/01\/Hakenkreuz_Bodenheimer-Unterfeld_000002-1024x669.jpg 1024w, https:\/\/nackenheim-im-nationalsozialismus.de\/wp-content\/uploads\/2022\/01\/Hakenkreuz_Bodenheimer-Unterfeld_000002-300x196.jpg 300w, https:\/\/nackenheim-im-nationalsozialismus.de\/wp-content\/uploads\/2022\/01\/Hakenkreuz_Bodenheimer-Unterfeld_000002-768x502.jpg 768w, https:\/\/nackenheim-im-nationalsozialismus.de\/wp-content\/uploads\/2022\/01\/Hakenkreuz_Bodenheimer-Unterfeld_000002-1536x1003.jpg 1536w, https:\/\/nackenheim-im-nationalsozialismus.de\/wp-content\/uploads\/2022\/01\/Hakenkreuz_Bodenheimer-Unterfeld_000002-2048x1337.jpg 2048w, https:\/\/nackenheim-im-nationalsozialismus.de\/wp-content\/uploads\/2022\/01\/Hakenkreuz_Bodenheimer-Unterfeld_000002-500x327.jpg 500w, https:\/\/nackenheim-im-nationalsozialismus.de\/wp-content\/uploads\/2022\/01\/Hakenkreuz_Bodenheimer-Unterfeld_000002-800x522.jpg 800w, https:\/\/nackenheim-im-nationalsozialismus.de\/wp-content\/uploads\/2022\/01\/Hakenkreuz_Bodenheimer-Unterfeld_000002-1280x836.jpg 1280w, https:\/\/nackenheim-im-nationalsozialismus.de\/wp-content\/uploads\/2022\/01\/Hakenkreuz_Bodenheimer-Unterfeld_000002-1920x1254.jpg 1920w, https:\/\/nackenheim-im-nationalsozialismus.de\/wp-content\/uploads\/2022\/01\/Hakenkreuz_Bodenheimer-Unterfeld_000002-1200x784.jpg 1200w, https:\/\/nackenheim-im-nationalsozialismus.de\/wp-content\/uploads\/2022\/01\/Hakenkreuz_Bodenheimer-Unterfeld_000002-1980x1293.jpg 1980w\" sizes=\"(max-width: 1024px) 100vw, 1024px\" \/><\/figure>\n\n\n\n<figure class=\"wp-block-image size-large\"><img loading=\"lazy\" decoding=\"async\" width=\"669\" height=\"1024\" src=\"https:\/\/nackenheim-im-nationalsozialismus.de\/wp-content\/uploads\/2022\/01\/Hakenkreuz_Bodenheimer-Unterfeld_000004-669x1024.jpg\" alt=\"\" class=\"wp-image-2080\" srcset=\"https:\/\/nackenheim-im-nationalsozialismus.de\/wp-content\/uploads\/2022\/01\/Hakenkreuz_Bodenheimer-Unterfeld_000004-669x1024.jpg 669w, https:\/\/nackenheim-im-nationalsozialismus.de\/wp-content\/uploads\/2022\/01\/Hakenkreuz_Bodenheimer-Unterfeld_000004-196x300.jpg 196w, https:\/\/nackenheim-im-nationalsozialismus.de\/wp-content\/uploads\/2022\/01\/Hakenkreuz_Bodenheimer-Unterfeld_000004-768x1176.jpg 768w, https:\/\/nackenheim-im-nationalsozialismus.de\/wp-content\/uploads\/2022\/01\/Hakenkreuz_Bodenheimer-Unterfeld_000004-1003x1536.jpg 1003w, https:\/\/nackenheim-im-nationalsozialismus.de\/wp-content\/uploads\/2022\/01\/Hakenkreuz_Bodenheimer-Unterfeld_000004-1337x2048.jpg 1337w, https:\/\/nackenheim-im-nationalsozialismus.de\/wp-content\/uploads\/2022\/01\/Hakenkreuz_Bodenheimer-Unterfeld_000004-500x766.jpg 500w, https:\/\/nackenheim-im-nationalsozialismus.de\/wp-content\/uploads\/2022\/01\/Hakenkreuz_Bodenheimer-Unterfeld_000004-800x1225.jpg 800w, https:\/\/nackenheim-im-nationalsozialismus.de\/wp-content\/uploads\/2022\/01\/Hakenkreuz_Bodenheimer-Unterfeld_000004-1280x1960.jpg 1280w, https:\/\/nackenheim-im-nationalsozialismus.de\/wp-content\/uploads\/2022\/01\/Hakenkreuz_Bodenheimer-Unterfeld_000004-1920x2940.jpg 1920w, https:\/\/nackenheim-im-nationalsozialismus.de\/wp-content\/uploads\/2022\/01\/Hakenkreuz_Bodenheimer-Unterfeld_000004-1200x1838.jpg 1200w, https:\/\/nackenheim-im-nationalsozialismus.de\/wp-content\/uploads\/2022\/01\/Hakenkreuz_Bodenheimer-Unterfeld_000004-1980x3032.jpg 1980w, https:\/\/nackenheim-im-nationalsozialismus.de\/wp-content\/uploads\/2022\/01\/Hakenkreuz_Bodenheimer-Unterfeld_000004-scaled.jpg 1672w\" sizes=\"(max-width: 669px) 100vw, 669px\" \/><figcaption>Die Bilder zeigen Aufnahmen aus den 1980er Jahren (Quelle: privat)<\/figcaption><\/figure>\n\n\n\n<p>Die Bilder zeigen eine das Grabensystem im Bodenheimer Unterfeld \u00fcberspannende Br\u00fccke, in die ein Hakenkreuz und die Jahreszahl 1935 eingelassen sind. Das Hakenkreuz scheint frisch mit schwarzer Farbe ausgemalt, die Aufnahmen stammen aus den 1980er Jahren.<\/p>\n\n\n\n<p>Das Grabensystem selbst wurde in den 1930er Jahren als Arbeitsbeschaffungsma\u00dfnahme saniert und mit neuen Gr\u00e4ben erweitert. <\/p>\n\n\n\n<p>500m s\u00fcdlich der ersten Br\u00fccke befindet sich eine weitere Br\u00fccke, auf der ebenfalls ein angedeutetes Hakenkreuz zu erkennen ist. Beide Br\u00fccken \u00fcberspannen den M\u00fchlgraben, die Verl\u00e4ngerung des Eichelsbachs. An der ersten Br\u00fccke endet der M\u00fchlgraben und flie\u00dft in den Hauptleitgraben. <\/p>\n\n\n\n<p>Heute sind die Hakenkreuze weggemei\u00dfelt, die Spuren der NS-Zeit wurden somit getilgt.  <\/p>\n\n\n\n<figure class=\"wp-block-image size-large\"><img loading=\"lazy\" decoding=\"async\" width=\"1024\" height=\"576\" src=\"https:\/\/nackenheim-im-nationalsozialismus.de\/wp-content\/uploads\/2022\/01\/Aufnahme_2022-1024x576.jpg\" alt=\"\" class=\"wp-image-2146\" srcset=\"https:\/\/nackenheim-im-nationalsozialismus.de\/wp-content\/uploads\/2022\/01\/Aufnahme_2022-1024x576.jpg 1024w, https:\/\/nackenheim-im-nationalsozialismus.de\/wp-content\/uploads\/2022\/01\/Aufnahme_2022-300x169.jpg 300w, https:\/\/nackenheim-im-nationalsozialismus.de\/wp-content\/uploads\/2022\/01\/Aufnahme_2022-768x432.jpg 768w, https:\/\/nackenheim-im-nationalsozialismus.de\/wp-content\/uploads\/2022\/01\/Aufnahme_2022-500x281.jpg 500w, https:\/\/nackenheim-im-nationalsozialismus.de\/wp-content\/uploads\/2022\/01\/Aufnahme_2022-800x450.jpg 800w, https:\/\/nackenheim-im-nationalsozialismus.de\/wp-content\/uploads\/2022\/01\/Aufnahme_2022-1200x675.jpg 1200w, https:\/\/nackenheim-im-nationalsozialismus.de\/wp-content\/uploads\/2022\/01\/Aufnahme_2022.jpg 1280w\" sizes=\"(max-width: 1024px) 100vw, 1024px\" \/><figcaption>Aktuelles Bild des Grabensystems aus dem Jahr 2022, Br\u00fccke 1 (Quelle: privat)<\/figcaption><\/figure>\n\n\n\n<figure class=\"wp-block-image size-large\"><img loading=\"lazy\" decoding=\"async\" width=\"1024\" height=\"576\" src=\"https:\/\/nackenheim-im-nationalsozialismus.de\/wp-content\/uploads\/2022\/01\/DSC_0049_Bruecke-2_21.02.2022-1024x576.jpg\" alt=\"\" class=\"wp-image-2179\" srcset=\"https:\/\/nackenheim-im-nationalsozialismus.de\/wp-content\/uploads\/2022\/01\/DSC_0049_Bruecke-2_21.02.2022-1024x576.jpg 1024w, https:\/\/nackenheim-im-nationalsozialismus.de\/wp-content\/uploads\/2022\/01\/DSC_0049_Bruecke-2_21.02.2022-300x169.jpg 300w, https:\/\/nackenheim-im-nationalsozialismus.de\/wp-content\/uploads\/2022\/01\/DSC_0049_Bruecke-2_21.02.2022-768x432.jpg 768w, https:\/\/nackenheim-im-nationalsozialismus.de\/wp-content\/uploads\/2022\/01\/DSC_0049_Bruecke-2_21.02.2022-1536x864.jpg 1536w, https:\/\/nackenheim-im-nationalsozialismus.de\/wp-content\/uploads\/2022\/01\/DSC_0049_Bruecke-2_21.02.2022-2048x1152.jpg 2048w, https:\/\/nackenheim-im-nationalsozialismus.de\/wp-content\/uploads\/2022\/01\/DSC_0049_Bruecke-2_21.02.2022-500x281.jpg 500w, https:\/\/nackenheim-im-nationalsozialismus.de\/wp-content\/uploads\/2022\/01\/DSC_0049_Bruecke-2_21.02.2022-800x450.jpg 800w, https:\/\/nackenheim-im-nationalsozialismus.de\/wp-content\/uploads\/2022\/01\/DSC_0049_Bruecke-2_21.02.2022-1280x720.jpg 1280w, https:\/\/nackenheim-im-nationalsozialismus.de\/wp-content\/uploads\/2022\/01\/DSC_0049_Bruecke-2_21.02.2022-1920x1080.jpg 1920w, https:\/\/nackenheim-im-nationalsozialismus.de\/wp-content\/uploads\/2022\/01\/DSC_0049_Bruecke-2_21.02.2022-1200x675.jpg 1200w, https:\/\/nackenheim-im-nationalsozialismus.de\/wp-content\/uploads\/2022\/01\/DSC_0049_Bruecke-2_21.02.2022-1980x1114.jpg 1980w\" sizes=\"(max-width: 1024px) 100vw, 1024px\" \/><figcaption>Aktuelles Bild des Grabensystems aus dem Jahr 2022, Br\u00fccke 2 (Quelle: privat)<\/figcaption><\/figure>\n","protected":false},"excerpt":{"rendered":"<p>Ein Beitrag von Sch\u00fcler:innen der MSS11 I. Das ehemalige NSDAP-Parteiheim in der Fischergasse Szenische Quellenlesung des Briefverkehrs der Gemeinde zur Einrichtung eines NSDAP-Parteiheims in der Fischergasse. Das Video zeigt den Weg von der Schule zur Fischergasse und wurde mit einer Kamerafahrt von Sch\u00fclern der MSS11 aufgenommen. Exemplarischer Auszug des Briefverkehrs II. Das Wohnhaus der Familie [&hellip;]<\/p>\n","protected":false},"author":1,"featured_media":0,"parent":0,"menu_order":0,"comment_status":"closed","ping_status":"closed","template":"","meta":{"_vp_format_video_url":"","_vp_image_focal_point":[],"footnotes":""},"_links":{"self":[{"href":"https:\/\/nackenheim-im-nationalsozialismus.de\/index.php?rest_route=\/wp\/v2\/pages\/470"}],"collection":[{"href":"https:\/\/nackenheim-im-nationalsozialismus.de\/index.php?rest_route=\/wp\/v2\/pages"}],"about":[{"href":"https:\/\/nackenheim-im-nationalsozialismus.de\/index.php?rest_route=\/wp\/v2\/types\/page"}],"author":[{"embeddable":true,"href":"https:\/\/nackenheim-im-nationalsozialismus.de\/index.php?rest_route=\/wp\/v2\/users\/1"}],"replies":[{"embeddable":true,"href":"https:\/\/nackenheim-im-nationalsozialismus.de\/index.php?rest_route=%2Fwp%2Fv2%2Fcomments&post=470"}],"version-history":[{"count":28,"href":"https:\/\/nackenheim-im-nationalsozialismus.de\/index.php?rest_route=\/wp\/v2\/pages\/470\/revisions"}],"predecessor-version":[{"id":2291,"href":"https:\/\/nackenheim-im-nationalsozialismus.de\/index.php?rest_route=\/wp\/v2\/pages\/470\/revisions\/2291"}],"wp:attachment":[{"href":"https:\/\/nackenheim-im-nationalsozialismus.de\/index.php?rest_route=%2Fwp%2Fv2%2Fmedia&parent=470"}],"curies":[{"name":"wp","href":"https:\/\/api.w.org\/{rel}","templated":true}]}}