{"id":758,"date":"2021-07-23T18:07:55","date_gmt":"2021-07-23T18:07:55","guid":{"rendered":"https:\/\/nackenheim-im-nationalsozialismus.de\/?page_id=758"},"modified":"2021-07-23T22:51:43","modified_gmt":"2021-07-23T22:51:43","slug":"antisemitische-massnahmen-gegen-die-familie-heumann","status":"publish","type":"page","link":"https:\/\/nackenheim-im-nationalsozialismus.de\/?page_id=758","title":{"rendered":"Familie Heumann"},"content":{"rendered":"\n<h5 class=\"has-text-align-center has-secondary-color has-text-color wp-block-heading\"><strong><meta charset=\"utf-8\"><strong>Antisemitische Ma\u00dfnahmen und ihre Konsequenzen im \u00dcberblick<\/strong><\/strong><\/h5>\n\n\n\n<div style=\"height:51px\" aria-hidden=\"true\" class=\"wp-block-spacer\"><\/div>\n\n\n<div class=\"timeline-content vertical-basic vertical-1 timeline-post-762\" id=\"vertical-basic\">\r\n\t<ul class=\"timeline\">\r\n\t\t\t<li class=\"timeline-item\">\r\n\t\t\t<div class=\"timeline-info\">\r\n\t\t\t\t<span>27.12.1934<\/span>\r\n\t\t\t<\/div>\r\n\t\t\t<div class=\"timeline-marker\"><\/div>\r\n\t\t\t<div class=\"timeline-content\">\r\n\t\t\t\t<h3 class=\"timeline-title\">Denunziationen<\/h3>\r\n\t\t\t\t<div class=\"timeline-img\">\r\n\t\t\t\t\t<img loading=\"lazy\" decoding=\"async\" width=\"1809\" height=\"2560\" src=\"https:\/\/nackenheim-im-nationalsozialismus.de\/wp-content\/uploads\/2021\/07\/U-199-19-8-LA-Speyer-Kopie-scaled.jpg\" class=\"attachment-full size-full\" alt=\"\" srcset=\"https:\/\/nackenheim-im-nationalsozialismus.de\/wp-content\/uploads\/2021\/07\/U-199-19-8-LA-Speyer-Kopie-scaled.jpg 1809w, https:\/\/nackenheim-im-nationalsozialismus.de\/wp-content\/uploads\/2021\/07\/U-199-19-8-LA-Speyer-Kopie-212x300.jpg 212w, https:\/\/nackenheim-im-nationalsozialismus.de\/wp-content\/uploads\/2021\/07\/U-199-19-8-LA-Speyer-Kopie-724x1024.jpg 724w, https:\/\/nackenheim-im-nationalsozialismus.de\/wp-content\/uploads\/2021\/07\/U-199-19-8-LA-Speyer-Kopie-768x1087.jpg 768w, https:\/\/nackenheim-im-nationalsozialismus.de\/wp-content\/uploads\/2021\/07\/U-199-19-8-LA-Speyer-Kopie-1085x1536.jpg 1085w, https:\/\/nackenheim-im-nationalsozialismus.de\/wp-content\/uploads\/2021\/07\/U-199-19-8-LA-Speyer-Kopie-1447x2048.jpg 1447w, https:\/\/nackenheim-im-nationalsozialismus.de\/wp-content\/uploads\/2021\/07\/U-199-19-8-LA-Speyer-Kopie-500x708.jpg 500w, https:\/\/nackenheim-im-nationalsozialismus.de\/wp-content\/uploads\/2021\/07\/U-199-19-8-LA-Speyer-Kopie-800x1132.jpg 800w, https:\/\/nackenheim-im-nationalsozialismus.de\/wp-content\/uploads\/2021\/07\/U-199-19-8-LA-Speyer-Kopie-1280x1811.jpg 1280w, https:\/\/nackenheim-im-nationalsozialismus.de\/wp-content\/uploads\/2021\/07\/U-199-19-8-LA-Speyer-Kopie-1920x2717.jpg 1920w, https:\/\/nackenheim-im-nationalsozialismus.de\/wp-content\/uploads\/2021\/07\/U-199-19-8-LA-Speyer-Kopie-1200x1698.jpg 1200w, https:\/\/nackenheim-im-nationalsozialismus.de\/wp-content\/uploads\/2021\/07\/U-199-19-8-LA-Speyer-Kopie-1980x2802.jpg 1980w\" sizes=\"(max-width: 1809px) 100vw, 1809px\" \/>\t\t\t\t<\/div>\r\n\t\t\t\t<p class=\"timeline-text\"> Der B\u00fcrgermeister von Nackenheim bitte das Kreisamt Oppenheim darum, Ludwig Heumann keinen Wandergewerbeschein auszustellen. Als Begr\u00fcndung werden angeblich 1933 get\u00e4tigte, abf\u00e4llige Bemerkungen zur Wirtschaftspolitik der NSDAP ge\u00e4u\u00dfert. Der B\u00fcrgermeister beschwert sich \u00fcber diese angebliche Denunziationen und schreibt, er habe Ludwig Heumann selbst \"hinter der T\u00fcr\" belauscht. (Quelle: LA Sp. Best. U199, 19).<\/p>\r\n\t\t\t<\/div>\r\n\t\t<\/li>\r\n\t\t\t<li class=\"timeline-item\">\r\n\t\t\t<div class=\"timeline-info\">\r\n\t\t\t\t<span>07.01.1936<\/span>\r\n\t\t\t<\/div>\r\n\t\t\t<div class=\"timeline-marker\"><\/div>\r\n\t\t\t<div class=\"timeline-content\">\r\n\t\t\t\t<h3 class=\"timeline-title\">Letztmalige Ausstellung Wandergewerbeschein<\/h3>\r\n\t\t\t\t<div class=\"timeline-img\">\r\n\t\t\t\t\t<img loading=\"lazy\" decoding=\"async\" width=\"2560\" height=\"1913\" src=\"https:\/\/nackenheim-im-nationalsozialismus.de\/wp-content\/uploads\/2021\/07\/U-19919-6-LA-Speyer-scaled.jpg\" class=\"attachment-full size-full\" alt=\"\" srcset=\"https:\/\/nackenheim-im-nationalsozialismus.de\/wp-content\/uploads\/2021\/07\/U-19919-6-LA-Speyer-scaled.jpg 2560w, https:\/\/nackenheim-im-nationalsozialismus.de\/wp-content\/uploads\/2021\/07\/U-19919-6-LA-Speyer-300x224.jpg 300w, https:\/\/nackenheim-im-nationalsozialismus.de\/wp-content\/uploads\/2021\/07\/U-19919-6-LA-Speyer-1024x765.jpg 1024w, https:\/\/nackenheim-im-nationalsozialismus.de\/wp-content\/uploads\/2021\/07\/U-19919-6-LA-Speyer-768x574.jpg 768w, https:\/\/nackenheim-im-nationalsozialismus.de\/wp-content\/uploads\/2021\/07\/U-19919-6-LA-Speyer-1536x1148.jpg 1536w, https:\/\/nackenheim-im-nationalsozialismus.de\/wp-content\/uploads\/2021\/07\/U-19919-6-LA-Speyer-2048x1530.jpg 2048w, https:\/\/nackenheim-im-nationalsozialismus.de\/wp-content\/uploads\/2021\/07\/U-19919-6-LA-Speyer-500x374.jpg 500w, https:\/\/nackenheim-im-nationalsozialismus.de\/wp-content\/uploads\/2021\/07\/U-19919-6-LA-Speyer-800x598.jpg 800w, https:\/\/nackenheim-im-nationalsozialismus.de\/wp-content\/uploads\/2021\/07\/U-19919-6-LA-Speyer-1280x956.jpg 1280w, https:\/\/nackenheim-im-nationalsozialismus.de\/wp-content\/uploads\/2021\/07\/U-19919-6-LA-Speyer-1920x1435.jpg 1920w, https:\/\/nackenheim-im-nationalsozialismus.de\/wp-content\/uploads\/2021\/07\/U-19919-6-LA-Speyer-1200x897.jpg 1200w, https:\/\/nackenheim-im-nationalsozialismus.de\/wp-content\/uploads\/2021\/07\/U-19919-6-LA-Speyer-1980x1479.jpg 1980w\" sizes=\"(max-width: 2560px) 100vw, 2560px\" \/>\t\t\t\t<\/div>\r\n\t\t\t\t<p class=\"timeline-text\"> Trotz Empfehlung des B\u00fcrgermeisters verweigert das Kreisamt Oppenheim die Versagung eines Wandergewerbescheins an Ludwig Heumann. Als Begr\u00fcndung wird angef\u00fchrt, dass dieser sonst der F\u00fcrsorge \"zur Last falle\". Im selben Jahr wird der Antrag Heinrich Wolffs auf Ausstellung einer Legitimationskarte zur\u00fcckgewiesen. Als Begr\u00fcndung f\u00fchrt das Kreisamt Oppenheim an, dass die Familie Wolff der \u00f6ffentlichen Kasse nicht zur Last fallen w\u00fcrde. (Quelle: LA Sp. Best. U199, 19).<\/p>\r\n\t\t\t<\/div>\r\n\t\t<\/li>\r\n\t\t\t<li class=\"timeline-item\">\r\n\t\t\t<div class=\"timeline-info\">\r\n\t\t\t\t<span>01.12.1936<\/span>\r\n\t\t\t<\/div>\r\n\t\t\t<div class=\"timeline-marker\"><\/div>\r\n\t\t\t<div class=\"timeline-content\">\r\n\t\t\t\t<h3 class=\"timeline-title\">Versagung Wandergewerbeschein<\/h3>\r\n\t\t\t\t<div class=\"timeline-img\">\r\n\t\t\t\t\t<img loading=\"lazy\" decoding=\"async\" width=\"2560\" height=\"1809\" src=\"https:\/\/nackenheim-im-nationalsozialismus.de\/wp-content\/uploads\/2021\/07\/U-199-19-5-LA-Speyer-Kopie-scaled.jpg\" class=\"attachment-full size-full\" alt=\"\" srcset=\"https:\/\/nackenheim-im-nationalsozialismus.de\/wp-content\/uploads\/2021\/07\/U-199-19-5-LA-Speyer-Kopie-scaled.jpg 2560w, https:\/\/nackenheim-im-nationalsozialismus.de\/wp-content\/uploads\/2021\/07\/U-199-19-5-LA-Speyer-Kopie-300x212.jpg 300w, https:\/\/nackenheim-im-nationalsozialismus.de\/wp-content\/uploads\/2021\/07\/U-199-19-5-LA-Speyer-Kopie-1024x724.jpg 1024w, https:\/\/nackenheim-im-nationalsozialismus.de\/wp-content\/uploads\/2021\/07\/U-199-19-5-LA-Speyer-Kopie-768x543.jpg 768w, https:\/\/nackenheim-im-nationalsozialismus.de\/wp-content\/uploads\/2021\/07\/U-199-19-5-LA-Speyer-Kopie-1536x1085.jpg 1536w, https:\/\/nackenheim-im-nationalsozialismus.de\/wp-content\/uploads\/2021\/07\/U-199-19-5-LA-Speyer-Kopie-2048x1447.jpg 2048w, https:\/\/nackenheim-im-nationalsozialismus.de\/wp-content\/uploads\/2021\/07\/U-199-19-5-LA-Speyer-Kopie-500x353.jpg 500w, https:\/\/nackenheim-im-nationalsozialismus.de\/wp-content\/uploads\/2021\/07\/U-199-19-5-LA-Speyer-Kopie-800x565.jpg 800w, https:\/\/nackenheim-im-nationalsozialismus.de\/wp-content\/uploads\/2021\/07\/U-199-19-5-LA-Speyer-Kopie-1280x905.jpg 1280w, https:\/\/nackenheim-im-nationalsozialismus.de\/wp-content\/uploads\/2021\/07\/U-199-19-5-LA-Speyer-Kopie-1920x1357.jpg 1920w, https:\/\/nackenheim-im-nationalsozialismus.de\/wp-content\/uploads\/2021\/07\/U-199-19-5-LA-Speyer-Kopie-1200x848.jpg 1200w, https:\/\/nackenheim-im-nationalsozialismus.de\/wp-content\/uploads\/2021\/07\/U-199-19-5-LA-Speyer-Kopie-1980x1399.jpg 1980w\" sizes=\"(max-width: 2560px) 100vw, 2560px\" \/>\t\t\t\t<\/div>\r\n\t\t\t\t<p class=\"timeline-text\"> Der Antrag Ludwig Heumanns auf die Ausstellung eines Wandergewerbescheins f\u00fcr das Jahr 1937 wird \"wegen politischer Unzuverl\u00e4ssigkeit\" vom Kreisamt Oppenheim abgelehnt. (Quelle: LA Sp. Best. U199, 19).<\/p>\r\n\t\t\t<\/div>\r\n\t\t<\/li>\r\n\t\t\t<li class=\"timeline-item\">\r\n\t\t\t<div class=\"timeline-info\">\r\n\t\t\t\t<span>14.04.1937<\/span>\r\n\t\t\t<\/div>\r\n\t\t\t<div class=\"timeline-marker\"><\/div>\r\n\t\t\t<div class=\"timeline-content\">\r\n\t\t\t\t<h3 class=\"timeline-title\">Entziehung Gewerbeschein<\/h3>\r\n\t\t\t\t<div class=\"timeline-img\">\r\n\t\t\t\t\t<img loading=\"lazy\" decoding=\"async\" width=\"1809\" height=\"2560\" src=\"https:\/\/nackenheim-im-nationalsozialismus.de\/wp-content\/uploads\/2021\/07\/Heumann_U19919.-Entzug-des-Gewerbes-scaled.jpg\" class=\"attachment-full size-full\" alt=\"\" srcset=\"https:\/\/nackenheim-im-nationalsozialismus.de\/wp-content\/uploads\/2021\/07\/Heumann_U19919.-Entzug-des-Gewerbes-scaled.jpg 1809w, https:\/\/nackenheim-im-nationalsozialismus.de\/wp-content\/uploads\/2021\/07\/Heumann_U19919.-Entzug-des-Gewerbes-212x300.jpg 212w, https:\/\/nackenheim-im-nationalsozialismus.de\/wp-content\/uploads\/2021\/07\/Heumann_U19919.-Entzug-des-Gewerbes-724x1024.jpg 724w, https:\/\/nackenheim-im-nationalsozialismus.de\/wp-content\/uploads\/2021\/07\/Heumann_U19919.-Entzug-des-Gewerbes-768x1087.jpg 768w, https:\/\/nackenheim-im-nationalsozialismus.de\/wp-content\/uploads\/2021\/07\/Heumann_U19919.-Entzug-des-Gewerbes-1085x1536.jpg 1085w, https:\/\/nackenheim-im-nationalsozialismus.de\/wp-content\/uploads\/2021\/07\/Heumann_U19919.-Entzug-des-Gewerbes-1447x2048.jpg 1447w, https:\/\/nackenheim-im-nationalsozialismus.de\/wp-content\/uploads\/2021\/07\/Heumann_U19919.-Entzug-des-Gewerbes-500x708.jpg 500w, https:\/\/nackenheim-im-nationalsozialismus.de\/wp-content\/uploads\/2021\/07\/Heumann_U19919.-Entzug-des-Gewerbes-800x1132.jpg 800w, https:\/\/nackenheim-im-nationalsozialismus.de\/wp-content\/uploads\/2021\/07\/Heumann_U19919.-Entzug-des-Gewerbes-1280x1811.jpg 1280w, https:\/\/nackenheim-im-nationalsozialismus.de\/wp-content\/uploads\/2021\/07\/Heumann_U19919.-Entzug-des-Gewerbes-1920x2717.jpg 1920w, https:\/\/nackenheim-im-nationalsozialismus.de\/wp-content\/uploads\/2021\/07\/Heumann_U19919.-Entzug-des-Gewerbes-1200x1698.jpg 1200w, https:\/\/nackenheim-im-nationalsozialismus.de\/wp-content\/uploads\/2021\/07\/Heumann_U19919.-Entzug-des-Gewerbes-1980x2802.jpg 1980w\" sizes=\"(max-width: 1809px) 100vw, 1809px\" \/>\t\t\t\t<\/div>\r\n\t\t\t\t<p class=\"timeline-text\"> Der B\u00fcrgermeister beantragt beim Kreisamt Oppenheim die Entziehung des Gewerbescheins Ludwig Heumanns, nachdem diesem bereits der Wandergewerbeschein entzogen wurde. (Quelle: LA Sp. Best. U199, 19).<\/p>\r\n\t\t\t<\/div>\r\n\t\t<\/li>\r\n\t\t\t<li class=\"timeline-item\">\r\n\t\t\t<div class=\"timeline-info\">\r\n\t\t\t\t<span>21.06.1938<\/span>\r\n\t\t\t<\/div>\r\n\t\t\t<div class=\"timeline-marker\"><\/div>\r\n\t\t\t<div class=\"timeline-content\">\r\n\t\t\t\t<h3 class=\"timeline-title\">Versagung Ausverkauf<\/h3>\r\n\t\t\t\t<div class=\"timeline-img\">\r\n\t\t\t\t\t<img loading=\"lazy\" decoding=\"async\" width=\"2560\" height=\"1647\" src=\"https:\/\/nackenheim-im-nationalsozialismus.de\/wp-content\/uploads\/2021\/07\/U-199-19-LA-Speyer-scaled.jpg\" class=\"attachment-full size-full\" alt=\"\" srcset=\"https:\/\/nackenheim-im-nationalsozialismus.de\/wp-content\/uploads\/2021\/07\/U-199-19-LA-Speyer-scaled.jpg 2560w, https:\/\/nackenheim-im-nationalsozialismus.de\/wp-content\/uploads\/2021\/07\/U-199-19-LA-Speyer-300x193.jpg 300w, https:\/\/nackenheim-im-nationalsozialismus.de\/wp-content\/uploads\/2021\/07\/U-199-19-LA-Speyer-1024x659.jpg 1024w, https:\/\/nackenheim-im-nationalsozialismus.de\/wp-content\/uploads\/2021\/07\/U-199-19-LA-Speyer-768x494.jpg 768w, https:\/\/nackenheim-im-nationalsozialismus.de\/wp-content\/uploads\/2021\/07\/U-199-19-LA-Speyer-1536x988.jpg 1536w, https:\/\/nackenheim-im-nationalsozialismus.de\/wp-content\/uploads\/2021\/07\/U-199-19-LA-Speyer-2048x1318.jpg 2048w, https:\/\/nackenheim-im-nationalsozialismus.de\/wp-content\/uploads\/2021\/07\/U-199-19-LA-Speyer-500x322.jpg 500w, https:\/\/nackenheim-im-nationalsozialismus.de\/wp-content\/uploads\/2021\/07\/U-199-19-LA-Speyer-800x515.jpg 800w, https:\/\/nackenheim-im-nationalsozialismus.de\/wp-content\/uploads\/2021\/07\/U-199-19-LA-Speyer-1280x824.jpg 1280w, https:\/\/nackenheim-im-nationalsozialismus.de\/wp-content\/uploads\/2021\/07\/U-199-19-LA-Speyer-1920x1236.jpg 1920w, https:\/\/nackenheim-im-nationalsozialismus.de\/wp-content\/uploads\/2021\/07\/U-199-19-LA-Speyer-1200x772.jpg 1200w, https:\/\/nackenheim-im-nationalsozialismus.de\/wp-content\/uploads\/2021\/07\/U-199-19-LA-Speyer-1980x1274.jpg 1980w\" sizes=\"(max-width: 2560px) 100vw, 2560px\" \/>\t\t\t\t<\/div>\r\n\t\t\t\t<p class=\"timeline-text\"> Der B\u00fcrgermeister Nackenheims weist das Kreisamt Nackenheim darauf hin, Ludwig Heumann den Ausverkauf seines Gesch\u00e4fts zu verbieten, da \"die deutschen Volksgenossen nicht bei Juden kaufen sollen\". Das Kreisamt Oppenheim willigt einem Ausverkauf nicht ein, in dem Antwortschreiben an die Familie Heumann von Seiten des B\u00fcrgermeisters, datiert auf den 02. September 1938, ist zu lesen: \"Das Kreisamt Oppenheim hat den geplanten Ausverkauf nicht genehmigt. Es steht Ihnen frei, Ihren Restbestand an Waren Ihren Glaubensgenossen zu verkaufen\". (Quelle: LA Sp. Best. U199, 19).<\/p>\r\n\t\t\t<\/div>\r\n\t\t<\/li>\r\n\t\t\t<li class=\"timeline-item\">\r\n\t\t\t<div class=\"timeline-info\">\r\n\t\t\t\t<span>28.07.1938<\/span>\r\n\t\t\t<\/div>\r\n\t\t\t<div class=\"timeline-marker\"><\/div>\r\n\t\t\t<div class=\"timeline-content\">\r\n\t\t\t\t<h3 class=\"timeline-title\">Hausverkauf<\/h3>\r\n\t\t\t\t<div class=\"timeline-img\">\r\n\t\t\t\t\t<img loading=\"lazy\" decoding=\"async\" width=\"1809\" height=\"2560\" src=\"https:\/\/nackenheim-im-nationalsozialismus.de\/wp-content\/uploads\/2021\/07\/U-199-20-LA-Speyer-scaled.jpg\" class=\"attachment-full size-full\" alt=\"\" srcset=\"https:\/\/nackenheim-im-nationalsozialismus.de\/wp-content\/uploads\/2021\/07\/U-199-20-LA-Speyer-scaled.jpg 1809w, https:\/\/nackenheim-im-nationalsozialismus.de\/wp-content\/uploads\/2021\/07\/U-199-20-LA-Speyer-212x300.jpg 212w, https:\/\/nackenheim-im-nationalsozialismus.de\/wp-content\/uploads\/2021\/07\/U-199-20-LA-Speyer-724x1024.jpg 724w, https:\/\/nackenheim-im-nationalsozialismus.de\/wp-content\/uploads\/2021\/07\/U-199-20-LA-Speyer-768x1087.jpg 768w, https:\/\/nackenheim-im-nationalsozialismus.de\/wp-content\/uploads\/2021\/07\/U-199-20-LA-Speyer-1085x1536.jpg 1085w, https:\/\/nackenheim-im-nationalsozialismus.de\/wp-content\/uploads\/2021\/07\/U-199-20-LA-Speyer-1447x2048.jpg 1447w, https:\/\/nackenheim-im-nationalsozialismus.de\/wp-content\/uploads\/2021\/07\/U-199-20-LA-Speyer-500x708.jpg 500w, https:\/\/nackenheim-im-nationalsozialismus.de\/wp-content\/uploads\/2021\/07\/U-199-20-LA-Speyer-800x1132.jpg 800w, https:\/\/nackenheim-im-nationalsozialismus.de\/wp-content\/uploads\/2021\/07\/U-199-20-LA-Speyer-1280x1811.jpg 1280w, https:\/\/nackenheim-im-nationalsozialismus.de\/wp-content\/uploads\/2021\/07\/U-199-20-LA-Speyer-1920x2717.jpg 1920w, https:\/\/nackenheim-im-nationalsozialismus.de\/wp-content\/uploads\/2021\/07\/U-199-20-LA-Speyer-1200x1698.jpg 1200w, https:\/\/nackenheim-im-nationalsozialismus.de\/wp-content\/uploads\/2021\/07\/U-199-20-LA-Speyer-1980x2802.jpg 1980w\" sizes=\"(max-width: 1809px) 100vw, 1809px\" \/>\t\t\t\t<\/div>\r\n\t\t\t\t<p class=\"timeline-text\"> In einem Schreiben an das Kreisamt Oppenheim versucht der B\u00fcrgermeister Nackenheims den Verkaufspreis des Hauses der Familie Heumann von den angesetzten 5.000 Reichsmark auf 3.000 Reichsmark zu dr\u00fccken. Das Haus der Heumanns bezeichnet er als \"Lehmbude\". (Quelle: LA Sp. Best. U199, 20).<\/p>\r\n\t\t\t<\/div>\r\n\t\t<\/li>\r\n\t\t\t<li class=\"timeline-item\">\r\n\t\t\t<div class=\"timeline-info\">\r\n\t\t\t\t<span>12.10.1938<\/span>\r\n\t\t\t<\/div>\r\n\t\t\t<div class=\"timeline-marker\"><\/div>\r\n\t\t\t<div class=\"timeline-content\">\r\n\t\t\t\t<h3 class=\"timeline-title\">Flucht<\/h3>\r\n\t\t\t\t<div class=\"timeline-img\">\r\n\t\t\t\t\t<img loading=\"lazy\" decoding=\"async\" width=\"1809\" height=\"2560\" src=\"https:\/\/nackenheim-im-nationalsozialismus.de\/wp-content\/uploads\/2021\/07\/U-199-9-LA-Speyer-Antwortschreiben-scaled.jpg\" class=\"attachment-full size-full\" alt=\"\" srcset=\"https:\/\/nackenheim-im-nationalsozialismus.de\/wp-content\/uploads\/2021\/07\/U-199-9-LA-Speyer-Antwortschreiben-scaled.jpg 1809w, https:\/\/nackenheim-im-nationalsozialismus.de\/wp-content\/uploads\/2021\/07\/U-199-9-LA-Speyer-Antwortschreiben-212x300.jpg 212w, https:\/\/nackenheim-im-nationalsozialismus.de\/wp-content\/uploads\/2021\/07\/U-199-9-LA-Speyer-Antwortschreiben-724x1024.jpg 724w, https:\/\/nackenheim-im-nationalsozialismus.de\/wp-content\/uploads\/2021\/07\/U-199-9-LA-Speyer-Antwortschreiben-768x1087.jpg 768w, https:\/\/nackenheim-im-nationalsozialismus.de\/wp-content\/uploads\/2021\/07\/U-199-9-LA-Speyer-Antwortschreiben-1085x1536.jpg 1085w, https:\/\/nackenheim-im-nationalsozialismus.de\/wp-content\/uploads\/2021\/07\/U-199-9-LA-Speyer-Antwortschreiben-1447x2048.jpg 1447w, https:\/\/nackenheim-im-nationalsozialismus.de\/wp-content\/uploads\/2021\/07\/U-199-9-LA-Speyer-Antwortschreiben-500x708.jpg 500w, https:\/\/nackenheim-im-nationalsozialismus.de\/wp-content\/uploads\/2021\/07\/U-199-9-LA-Speyer-Antwortschreiben-800x1132.jpg 800w, https:\/\/nackenheim-im-nationalsozialismus.de\/wp-content\/uploads\/2021\/07\/U-199-9-LA-Speyer-Antwortschreiben-1280x1811.jpg 1280w, https:\/\/nackenheim-im-nationalsozialismus.de\/wp-content\/uploads\/2021\/07\/U-199-9-LA-Speyer-Antwortschreiben-1920x2717.jpg 1920w, https:\/\/nackenheim-im-nationalsozialismus.de\/wp-content\/uploads\/2021\/07\/U-199-9-LA-Speyer-Antwortschreiben-1200x1698.jpg 1200w, https:\/\/nackenheim-im-nationalsozialismus.de\/wp-content\/uploads\/2021\/07\/U-199-9-LA-Speyer-Antwortschreiben-1980x2802.jpg 1980w\" sizes=\"(max-width: 1809px) 100vw, 1809px\" \/>\t\t\t\t<\/div>\r\n\t\t\t\t<p class=\"timeline-text\"> Die Familie Heumann fl\u00fcchtet in die USA. Das Datum kann dem Antwortschreiben eines Briefverkehrs zwischen der Gestapo und dem B\u00fcrgermeister Nackenheims von 1939 entnommen werden, das im Landesarchiv Speyer erhalten ist. (Quelle: LA Sp. Best. U199, 9).<\/p>\r\n\t\t\t<\/div>\r\n\t\t<\/li>\r\n\t\t\t<li class=\"timeline-item\">\r\n\t\t\t<div class=\"timeline-info\">\r\n\t\t\t\t<span>29.10.1938<\/span>\r\n\t\t\t<\/div>\r\n\t\t\t<div class=\"timeline-marker\"><\/div>\r\n\t\t\t<div class=\"timeline-content\">\r\n\t\t\t\t<h3 class=\"timeline-title\">Letzte Station Bremen<\/h3>\r\n\t\t\t\t<div class=\"timeline-img\">\r\n\t\t\t\t\t<img loading=\"lazy\" decoding=\"async\" width=\"1600\" height=\"1170\" src=\"https:\/\/nackenheim-im-nationalsozialismus.de\/wp-content\/uploads\/2021\/07\/Bundesarchiv_Bild_102-09251_Hamburg_Probefahrt_der__Europa_.jpg\" class=\"attachment-full size-full\" alt=\"\" srcset=\"https:\/\/nackenheim-im-nationalsozialismus.de\/wp-content\/uploads\/2021\/07\/Bundesarchiv_Bild_102-09251_Hamburg_Probefahrt_der__Europa_.jpg 1600w, https:\/\/nackenheim-im-nationalsozialismus.de\/wp-content\/uploads\/2021\/07\/Bundesarchiv_Bild_102-09251_Hamburg_Probefahrt_der__Europa_-300x219.jpg 300w, https:\/\/nackenheim-im-nationalsozialismus.de\/wp-content\/uploads\/2021\/07\/Bundesarchiv_Bild_102-09251_Hamburg_Probefahrt_der__Europa_-1024x749.jpg 1024w, https:\/\/nackenheim-im-nationalsozialismus.de\/wp-content\/uploads\/2021\/07\/Bundesarchiv_Bild_102-09251_Hamburg_Probefahrt_der__Europa_-768x562.jpg 768w, https:\/\/nackenheim-im-nationalsozialismus.de\/wp-content\/uploads\/2021\/07\/Bundesarchiv_Bild_102-09251_Hamburg_Probefahrt_der__Europa_-1536x1123.jpg 1536w, https:\/\/nackenheim-im-nationalsozialismus.de\/wp-content\/uploads\/2021\/07\/Bundesarchiv_Bild_102-09251_Hamburg_Probefahrt_der__Europa_-500x366.jpg 500w, https:\/\/nackenheim-im-nationalsozialismus.de\/wp-content\/uploads\/2021\/07\/Bundesarchiv_Bild_102-09251_Hamburg_Probefahrt_der__Europa_-800x585.jpg 800w, https:\/\/nackenheim-im-nationalsozialismus.de\/wp-content\/uploads\/2021\/07\/Bundesarchiv_Bild_102-09251_Hamburg_Probefahrt_der__Europa_-1280x936.jpg 1280w, https:\/\/nackenheim-im-nationalsozialismus.de\/wp-content\/uploads\/2021\/07\/Bundesarchiv_Bild_102-09251_Hamburg_Probefahrt_der__Europa_-1200x878.jpg 1200w\" sizes=\"(max-width: 1600px) 100vw, 1600px\" \/>\t\t\t\t<\/div>\r\n\t\t\t\t<p class=\"timeline-text\"> Aus dem Briefverkehr der Familie Wolff mit ihren S\u00f6hnen geht hervor, dass die Familie Heumann gemeinsam mit der Familie Hirschberg am 29. Oktober 1938 mit der Europa von Bremen aus in die USA gefl\u00fcchtet sind. Maria Heumann und Rosa Hirschberg waren Schwestern. Vor der Abreise waren sie noch bei der Familie Wolff, um sich zu verabschieden. In sp\u00e4teren Briefen berichten Herbert und Helmut Wolff von Treffen mit den Familien in den USA. (vgl. Wolff, Raymond; Graf, Martina; Graf, Hans-Dieter, Berkessel, Hans: \"Schreie auf Papier\". Oppenheim 2021, Bild: Bundesarchiv, Bild 102-09251).<\/p>\r\n\t\t\t<\/div>\r\n\t\t<\/li>\r\n\t\t\t<li class=\"timeline-item\">\r\n\t\t\t<div class=\"timeline-info\">\r\n\t\t\t\t<span>19.06.1939<\/span>\r\n\t\t\t<\/div>\r\n\t\t\t<div class=\"timeline-marker\"><\/div>\r\n\t\t\t<div class=\"timeline-content\">\r\n\t\t\t\t<h3 class=\"timeline-title\">Aberkennung Reichsangeh\u00f6rigkeit<\/h3>\r\n\t\t\t\t<div class=\"timeline-img\">\r\n\t\t\t\t\t<img loading=\"lazy\" decoding=\"async\" width=\"1809\" height=\"2560\" src=\"https:\/\/nackenheim-im-nationalsozialismus.de\/wp-content\/uploads\/2021\/07\/U-199-9-LA-Speyer-Gestapo-scaled.jpg\" class=\"attachment-full size-full\" alt=\"\" srcset=\"https:\/\/nackenheim-im-nationalsozialismus.de\/wp-content\/uploads\/2021\/07\/U-199-9-LA-Speyer-Gestapo-scaled.jpg 1809w, https:\/\/nackenheim-im-nationalsozialismus.de\/wp-content\/uploads\/2021\/07\/U-199-9-LA-Speyer-Gestapo-212x300.jpg 212w, https:\/\/nackenheim-im-nationalsozialismus.de\/wp-content\/uploads\/2021\/07\/U-199-9-LA-Speyer-Gestapo-724x1024.jpg 724w, https:\/\/nackenheim-im-nationalsozialismus.de\/wp-content\/uploads\/2021\/07\/U-199-9-LA-Speyer-Gestapo-768x1087.jpg 768w, https:\/\/nackenheim-im-nationalsozialismus.de\/wp-content\/uploads\/2021\/07\/U-199-9-LA-Speyer-Gestapo-1085x1536.jpg 1085w, https:\/\/nackenheim-im-nationalsozialismus.de\/wp-content\/uploads\/2021\/07\/U-199-9-LA-Speyer-Gestapo-1447x2048.jpg 1447w, https:\/\/nackenheim-im-nationalsozialismus.de\/wp-content\/uploads\/2021\/07\/U-199-9-LA-Speyer-Gestapo-500x708.jpg 500w, https:\/\/nackenheim-im-nationalsozialismus.de\/wp-content\/uploads\/2021\/07\/U-199-9-LA-Speyer-Gestapo-800x1132.jpg 800w, https:\/\/nackenheim-im-nationalsozialismus.de\/wp-content\/uploads\/2021\/07\/U-199-9-LA-Speyer-Gestapo-1280x1811.jpg 1280w, https:\/\/nackenheim-im-nationalsozialismus.de\/wp-content\/uploads\/2021\/07\/U-199-9-LA-Speyer-Gestapo-1920x2717.jpg 1920w, https:\/\/nackenheim-im-nationalsozialismus.de\/wp-content\/uploads\/2021\/07\/U-199-9-LA-Speyer-Gestapo-1200x1698.jpg 1200w, https:\/\/nackenheim-im-nationalsozialismus.de\/wp-content\/uploads\/2021\/07\/U-199-9-LA-Speyer-Gestapo-1980x2802.jpg 1980w\" sizes=\"(max-width: 1809px) 100vw, 1809px\" \/>\t\t\t\t<\/div>\r\n\t\t\t\t<p class=\"timeline-text\"> In einem Schreiben der Gestapo soll dem im Schreiben f\u00e4lschlich als \"Levi\" bezeichneten Ludwig Heumann die deutsche Reichsangeh\u00f6rigkeit aberkannt werden. Das Dokument ist samt Antwortschreiben im Landesarchiv Speyer erhalten. (Quelle: LA Sp. Best. U199, 9).<\/p>\r\n\t\t\t<\/div>\r\n\t\t<\/li>\r\n\t\t<\/ul>\r\n<\/div>\n\n\n\n<p><\/p>\n\n\n\n<p><strong>Quellen: <\/strong><\/p>\n\n\n\n<ul><li>Landesarchiv Speyer, Best. U199<\/li><li>Wolff, Raymond; Graf, Martina; Graf, Hans-Dieter, Berkessel, Hans: &#8222;Schreie auf Papier&#8220;. Oppenheim 2021.<\/li><\/ul>\n\n\n\n<p><\/p>\n","protected":false},"excerpt":{"rendered":"<p>Antisemitische Ma\u00dfnahmen und ihre Konsequenzen im \u00dcberblick Quellen: Landesarchiv Speyer, Best. U199 Wolff, Raymond; Graf, Martina; Graf, Hans-Dieter, Berkessel, Hans: &#8222;Schreie auf Papier&#8220;. Oppenheim 2021.<\/p>\n","protected":false},"author":1,"featured_media":0,"parent":0,"menu_order":0,"comment_status":"closed","ping_status":"closed","template":"","meta":{"_vp_format_video_url":"","_vp_image_focal_point":[],"footnotes":""},"_links":{"self":[{"href":"https:\/\/nackenheim-im-nationalsozialismus.de\/index.php?rest_route=\/wp\/v2\/pages\/758"}],"collection":[{"href":"https:\/\/nackenheim-im-nationalsozialismus.de\/index.php?rest_route=\/wp\/v2\/pages"}],"about":[{"href":"https:\/\/nackenheim-im-nationalsozialismus.de\/index.php?rest_route=\/wp\/v2\/types\/page"}],"author":[{"embeddable":true,"href":"https:\/\/nackenheim-im-nationalsozialismus.de\/index.php?rest_route=\/wp\/v2\/users\/1"}],"replies":[{"embeddable":true,"href":"https:\/\/nackenheim-im-nationalsozialismus.de\/index.php?rest_route=%2Fwp%2Fv2%2Fcomments&post=758"}],"version-history":[{"count":6,"href":"https:\/\/nackenheim-im-nationalsozialismus.de\/index.php?rest_route=\/wp\/v2\/pages\/758\/revisions"}],"predecessor-version":[{"id":793,"href":"https:\/\/nackenheim-im-nationalsozialismus.de\/index.php?rest_route=\/wp\/v2\/pages\/758\/revisions\/793"}],"wp:attachment":[{"href":"https:\/\/nackenheim-im-nationalsozialismus.de\/index.php?rest_route=%2Fwp%2Fv2%2Fmedia&parent=758"}],"curies":[{"name":"wp","href":"https:\/\/api.w.org\/{rel}","templated":true}]}}