{"id":857,"date":"2021-07-25T16:13:16","date_gmt":"2021-07-25T16:13:16","guid":{"rendered":"https:\/\/nackenheim-im-nationalsozialismus.de\/?page_id=857"},"modified":"2021-07-26T20:40:00","modified_gmt":"2021-07-26T20:40:00","slug":"nackenheim-im-nationalsozialismus","status":"publish","type":"page","link":"https:\/\/nackenheim-im-nationalsozialismus.de\/?page_id=857","title":{"rendered":"Nackenheim im Nationalsozialismus"},"content":{"rendered":"\n<h4 class=\"has-text-align-center has-secondary-color has-text-color wp-block-heading\">Eine Zeitleiste<\/h4>\n\n\n\n<p><\/p>\n\n\n\n<div class=\"wp-block-group alignwide has-subtle-background-background-color has-background\"><div class=\"wp-block-group__inner-container is-layout-flow wp-block-group-is-layout-flow\"><div class=\"h5p-iframe-wrapper\"><iframe id=\"h5p-iframe-1\" class=\"h5p-iframe\" data-content-id=\"1\" style=\"height:1px\" src=\"about:blank\" frameBorder=\"0\" scrolling=\"no\" title=\"Nackenheim im Nationalsozialismus\"><\/iframe><\/div>\n\n\n\n<div style=\"height:40px\" aria-hidden=\"true\" class=\"wp-block-spacer\"><\/div>\n\n\n\n<p class=\"has-text-align-left has-small-font-size\">Die Zeitleiste wurde basierend auf Quellenfunden von <strong>Henri Bick<\/strong> erstellt. Zeitleisten sind nie vollst\u00e4ndig, Erg\u00e4nzungsvorschl\u00e4ge nehmen wir gerne via <a rel=\"noreferrer noopener\" href=\"mailto:&quot;geschichte@gymnasium-nackenheim.de&quot;\" target=\"_blank\">Mail<\/a> entgegen.<\/p>\n<\/div><\/div>\n","protected":false},"excerpt":{"rendered":"<p>Eine Zeitleiste Die Zeitleiste wurde basierend auf Quellenfunden von Henri Bick erstellt. Zeitleisten sind nie vollst\u00e4ndig, Erg\u00e4nzungsvorschl\u00e4ge nehmen wir gerne via Mail entgegen.<\/p>\n","protected":false},"author":1,"featured_media":0,"parent":0,"menu_order":0,"comment_status":"closed","ping_status":"closed","template":"","meta":{"_vp_format_video_url":"","_vp_image_focal_point":[],"footnotes":""},"_links":{"self":[{"href":"https:\/\/nackenheim-im-nationalsozialismus.de\/index.php?rest_route=\/wp\/v2\/pages\/857"}],"collection":[{"href":"https:\/\/nackenheim-im-nationalsozialismus.de\/index.php?rest_route=\/wp\/v2\/pages"}],"about":[{"href":"https:\/\/nackenheim-im-nationalsozialismus.de\/index.php?rest_route=\/wp\/v2\/types\/page"}],"author":[{"embeddable":true,"href":"https:\/\/nackenheim-im-nationalsozialismus.de\/index.php?rest_route=\/wp\/v2\/users\/1"}],"replies":[{"embeddable":true,"href":"https:\/\/nackenheim-im-nationalsozialismus.de\/index.php?rest_route=%2Fwp%2Fv2%2Fcomments&post=857"}],"version-history":[{"count":6,"href":"https:\/\/nackenheim-im-nationalsozialismus.de\/index.php?rest_route=\/wp\/v2\/pages\/857\/revisions"}],"predecessor-version":[{"id":962,"href":"https:\/\/nackenheim-im-nationalsozialismus.de\/index.php?rest_route=\/wp\/v2\/pages\/857\/revisions\/962"}],"wp:attachment":[{"href":"https:\/\/nackenheim-im-nationalsozialismus.de\/index.php?rest_route=%2Fwp%2Fv2%2Fmedia&parent=857"}],"curies":[{"name":"wp","href":"https:\/\/api.w.org\/{rel}","templated":true}]}}